{"id":98,"date":"2025-11-25T13:41:55","date_gmt":"2025-11-25T13:41:55","guid":{"rendered":"https:\/\/ford-ranger-schweiz.ch\/?page_id=98"},"modified":"2025-12-11T13:47:59","modified_gmt":"2025-12-11T13:47:59","slug":"unterwegs","status":"publish","type":"page","link":"https:\/\/ford-ranger-schweiz.ch\/fr\/unterwegs\/","title":{"rendered":"UNTERWEGS"},"content":{"rendered":"<div data-elementor-type=\"wp-page\" data-elementor-id=\"98\" class=\"elementor elementor-98\">\n\t\t\t\t<div class=\"elementor-element elementor-element-f9f19b3 e-flex e-con-boxed e-con e-parent\" data-id=\"f9f19b3\" data-element_type=\"container\">\n\t\t\t\t\t<div class=\"e-con-inner\">\n\t\t\t\t<div class=\"elementor-element elementor-element-bb770da elementor-widget elementor-widget-image\" data-id=\"bb770da\" data-element_type=\"widget\" data-widget_type=\"image.default\">\n\t\t\t\t\t\t\t\t\t\t\t\t\t\t\t<img fetchpriority=\"high\" decoding=\"async\" width=\"300\" height=\"226\" src=\"https:\/\/ford-ranger-schweiz.ch\/wp-content\/uploads\/2025\/11\/logo_frs_ohne_HG-1-300x226.png\" class=\"attachment-medium size-medium wp-image-119\" alt=\"\" srcset=\"https:\/\/ford-ranger-schweiz.ch\/wp-content\/uploads\/2025\/11\/logo_frs_ohne_HG-1-300x226.png 300w, https:\/\/ford-ranger-schweiz.ch\/wp-content\/uploads\/2025\/11\/logo_frs_ohne_HG-1-16x12.png 16w, https:\/\/ford-ranger-schweiz.ch\/wp-content\/uploads\/2025\/11\/logo_frs_ohne_HG-1.png 500w\" sizes=\"100vw\" \/>\t\t\t\t\t\t\t\t\t\t\t\t\t\t\t<\/div>\n\t\t\t\t\t<\/div>\n\t\t\t\t<\/div>\n\t\t<div class=\"elementor-element elementor-element-b5d176a e-flex e-con-boxed e-con e-parent\" data-id=\"b5d176a\" data-element_type=\"container\">\n\t\t\t\t\t<div class=\"e-con-inner\">\n\t\t\t\t<div class=\"elementor-element elementor-element-ea1c270 elementor-widget elementor-widget-text-editor\" data-id=\"ea1c270\" data-element_type=\"widget\" data-widget_type=\"text-editor.default\">\n\t\t\t\t\t\t\t\t\t<h2 class=\"p1\"><b>Unterwegs &#8211; deine Story z\u00e4hlt<\/b><\/h2><p class=\"p1\"><b>Reisen &amp; Abenteuer mit dem Ford Ranger<\/b><b><\/b><\/p><p class=\"p1\">Jeder Ranger erz\u00e4hlt seine eigene Geschichte \u2013 und hier kommen sie alle zusammen.<br \/>Unsere Community berichtet von Wochenendausfl\u00fcgen, Roadtrips und spannenden Reisen. Wohin die Wege einem auch f\u00fchren m\u00f6gen \u2013 hier wird davon berichtet.<\/p><p class=\"p1\"><b>So bist du dabei:<\/b><\/p><ul class=\"ul1\"><li class=\"li1\">Schicke uns per Mail an <em><strong><a href=\"mailto:info@ford-ranger-schweiz.ch\"><span class=\"s1\">info@ford-ranger-schweiz.ch<\/span><\/a><\/strong><\/em> deine Fotos und beschreibe kurz, wohin dich deine Reise gef\u00fchrt hat. Gib uns deine Tipps und Erfahrungswerte weiter.<\/li><\/ul>\t\t\t\t\t\t\t\t<\/div>\n\t\t\t\t\t<\/div>\n\t\t\t\t<\/div>\n\t\t<div class=\"elementor-element elementor-element-fbae34c e-flex e-con-boxed e-con e-parent\" data-id=\"fbae34c\" data-element_type=\"container\">\n\t\t\t\t\t<div class=\"e-con-inner\">\n\t\t\t\t<div class=\"elementor-element elementor-element-ff8f3bc elementor-widget-divider--view-line elementor-widget elementor-widget-divider\" data-id=\"ff8f3bc\" data-element_type=\"widget\" data-widget_type=\"divider.default\">\n\t\t\t\t\t\t\t<div class=\"elementor-divider\">\n\t\t\t<span class=\"elementor-divider-separator\">\n\t\t\t\t\t\t<\/span>\n\t\t<\/div>\n\t\t\t\t\t\t<\/div>\n\t\t\t\t\t<\/div>\n\t\t\t\t<\/div>\n\t\t<div class=\"elementor-element elementor-element-c7f7be2 e-flex e-con-boxed e-con e-parent\" data-id=\"c7f7be2\" data-element_type=\"container\">\n\t\t\t\t\t<div class=\"e-con-inner\">\n\t\t\t\t<div class=\"elementor-element elementor-element-ca19bb5 elementor-widget elementor-widget-text-editor\" data-id=\"ca19bb5\" data-element_type=\"widget\" data-widget_type=\"text-editor.default\">\n\t\t\t\t\t\t\t\t\t<h2>Reise nach&#8230;<\/h2>\t\t\t\t\t\t\t\t<\/div>\n\t\t\t\t\t<\/div>\n\t\t\t\t<\/div>\n\t\t<div class=\"elementor-element elementor-element-5e8c5ba e-flex e-con-boxed e-con e-parent\" data-id=\"5e8c5ba\" data-element_type=\"container\">\n\t\t\t\t\t<div class=\"e-con-inner\">\n\t\t<div class=\"elementor-element elementor-element-b57ecf2 e-con-full e-flex e-con e-child\" data-id=\"b57ecf2\" data-element_type=\"container\">\n\t\t\t\t<div class=\"elementor-element elementor-element-8f67d14 elementor-widget elementor-widget-image\" data-id=\"8f67d14\" data-element_type=\"widget\" data-widget_type=\"image.default\">\n\t\t\t\t\t\t\t\t\t\t\t\t<figure class=\"wp-caption\">\n\t\t\t\t\t\t\t\t\t\t\t<a href=\"https:\/\/ford-ranger-schweiz.ch\/fr\/unterwegs\/cote-dazur-reisezeit-ende-juli-anfang-august-2025\/\">\n\t\t\t\t\t\t\t<img decoding=\"async\" width=\"950\" height=\"535\" src=\"https:\/\/ford-ranger-schweiz.ch\/wp-content\/uploads\/2025\/12\/2025_Cote_dAzur_3.jpg\" class=\"attachment-large size-large wp-image-722\" alt=\"\" srcset=\"https:\/\/ford-ranger-schweiz.ch\/wp-content\/uploads\/2025\/12\/2025_Cote_dAzur_3.jpg 1000w, https:\/\/ford-ranger-schweiz.ch\/wp-content\/uploads\/2025\/12\/2025_Cote_dAzur_3-300x169.jpg 300w\" sizes=\"100vw\" \/>\t\t\t\t\t\t\t\t<\/a>\n\t\t\t\t\t\t\t\t\t\t\t<figcaption class=\"widget-image-caption wp-caption-text\">C\u00f4te d\u2019Azur (Ursi Br\u00fcllhardt)<\/figcaption>\n\t\t\t\t\t\t\t\t\t\t<\/figure>\n\t\t\t\t\t\t\t\t\t<\/div>\n\t\t\t\t<\/div>\n\t\t<div class=\"elementor-element elementor-element-bec9421 e-con-full e-flex e-con e-child\" data-id=\"bec9421\" data-element_type=\"container\">\n\t\t\t\t<\/div>\n\t\t<div class=\"elementor-element elementor-element-c4ce5ea e-con-full e-flex e-con e-child\" data-id=\"c4ce5ea\" data-element_type=\"container\">\n\t\t\t\t<\/div>\n\t\t<div class=\"elementor-element elementor-element-330d358 e-con-full e-flex e-con e-child\" data-id=\"330d358\" data-element_type=\"container\">\n\t\t\t\t<\/div>\n\t\t\t\t\t<\/div>\n\t\t\t\t<\/div>\n\t\t<div class=\"elementor-element elementor-element-91f0a29 e-flex e-con-boxed e-con e-parent\" data-id=\"91f0a29\" data-element_type=\"container\">\n\t\t\t\t\t<div class=\"e-con-inner\">\n\t\t\t\t<div class=\"elementor-element elementor-element-e25d340 elementor-widget-divider--view-line elementor-widget elementor-widget-divider\" data-id=\"e25d340\" data-element_type=\"widget\" data-widget_type=\"divider.default\">\n\t\t\t\t\t\t\t<div class=\"elementor-divider\">\n\t\t\t<span class=\"elementor-divider-separator\">\n\t\t\t\t\t\t<\/span>\n\t\t<\/div>\n\t\t\t\t\t\t<\/div>\n\t\t\t\t\t<\/div>\n\t\t\t\t<\/div>\n\t\t<div class=\"elementor-element elementor-element-bb4b228 e-flex e-con-boxed e-con e-parent\" data-id=\"bb4b228\" data-element_type=\"container\">\n\t\t\t\t\t<div class=\"e-con-inner\">\n\t\t\t\t<div class=\"elementor-element elementor-element-2bef8ef elementor-widget elementor-widget-spacer\" data-id=\"2bef8ef\" data-element_type=\"widget\" data-widget_type=\"spacer.default\">\n\t\t\t\t\t\t\t<div class=\"elementor-spacer\">\n\t\t\t<div class=\"elementor-spacer-inner\"><\/div>\n\t\t<\/div>\n\t\t\t\t\t\t<\/div>\n\t\t\t\t\t<\/div>\n\t\t\t\t<\/div>\n\t\t\t\t<\/div>","protected":false},"excerpt":{"rendered":"<p>Unterwegs &#8211; deine Story z\u00e4hlt Reisen &amp; Abenteuer mit dem Ford Ranger Jeder Ranger erz\u00e4hlt seine eigene Geschichte \u2013 und hier kommen sie alle zusammen.Unsere Community berichtet von Wochenendausfl\u00fcgen, Roadtrips und spannenden Reisen. Wohin die Wege einem auch f\u00fchren m\u00f6gen \u2013 hier wird davon berichtet. So bist du dabei: Schicke uns per Mail an info@ford-ranger-schweiz.ch &hellip; <\/p>\n<p class=\"link-more\"><a href=\"https:\/\/ford-ranger-schweiz.ch\/fr\/unterwegs\/\" class=\"more-link\">Lire la suite de<span class=\"screen-reader-text\">\u00ab\u00a0UNTERWEGS\u00a0\u00bb<\/span><\/a><\/p>","protected":false},"author":1,"featured_media":0,"parent":0,"menu_order":0,"comment_status":"closed","ping_status":"closed","template":"","meta":{"pagelayer_contact_templates":[],"_pagelayer_content":"","inspiro_hide_title":false,"footnotes":""},"class_list":["post-98","page","type-page","status-publish","hentry"],"_links":{"self":[{"href":"https:\/\/ford-ranger-schweiz.ch\/fr\/wp-json\/wp\/v2\/pages\/98","targetHints":{"allow":["GET"]}}],"collection":[{"href":"https:\/\/ford-ranger-schweiz.ch\/fr\/wp-json\/wp\/v2\/pages"}],"about":[{"href":"https:\/\/ford-ranger-schweiz.ch\/fr\/wp-json\/wp\/v2\/types\/page"}],"author":[{"embeddable":true,"href":"https:\/\/ford-ranger-schweiz.ch\/fr\/wp-json\/wp\/v2\/users\/1"}],"replies":[{"embeddable":true,"href":"https:\/\/ford-ranger-schweiz.ch\/fr\/wp-json\/wp\/v2\/comments?post=98"}],"version-history":[{"count":0,"href":"https:\/\/ford-ranger-schweiz.ch\/fr\/wp-json\/wp\/v2\/pages\/98\/revisions"}],"wp:attachment":[{"href":"https:\/\/ford-ranger-schweiz.ch\/fr\/wp-json\/wp\/v2\/media?parent=98"}],"curies":[{"name":"wp","href":"https:\/\/api.w.org\/{rel}","templated":true}]}}