{"id":94,"date":"2025-11-25T13:41:47","date_gmt":"2025-11-25T13:41:47","guid":{"rendered":"https:\/\/ford-ranger-schweiz.ch\/?page_id=94"},"modified":"2025-12-18T07:35:49","modified_gmt":"2025-12-18T07:35:49","slug":"technik","status":"publish","type":"page","link":"https:\/\/ford-ranger-schweiz.ch\/fr\/technik\/","title":{"rendered":"TECHNIK"},"content":{"rendered":"<div data-elementor-type=\"wp-page\" data-elementor-id=\"94\" class=\"elementor elementor-94\">\n\t\t\t\t<div class=\"elementor-element elementor-element-5a81bd0 e-flex e-con-boxed e-con e-parent\" data-id=\"5a81bd0\" data-element_type=\"container\">\n\t\t\t\t\t<div class=\"e-con-inner\">\n\t\t\t\t<div class=\"elementor-element elementor-element-7dcdf48 elementor-widget elementor-widget-image\" data-id=\"7dcdf48\" data-element_type=\"widget\" data-widget_type=\"image.default\">\n\t\t\t\t\t\t\t\t\t\t\t\t\t\t\t<img fetchpriority=\"high\" decoding=\"async\" width=\"300\" height=\"226\" src=\"https:\/\/ford-ranger-schweiz.ch\/wp-content\/uploads\/2025\/11\/logo_frs_ohne_HG-1-300x226.png\" class=\"attachment-medium size-medium wp-image-119\" alt=\"\" srcset=\"https:\/\/ford-ranger-schweiz.ch\/wp-content\/uploads\/2025\/11\/logo_frs_ohne_HG-1-300x226.png 300w, https:\/\/ford-ranger-schweiz.ch\/wp-content\/uploads\/2025\/11\/logo_frs_ohne_HG-1.png 500w\" sizes=\"100vw\" \/>\t\t\t\t\t\t\t\t\t\t\t\t\t\t\t<\/div>\n\t\t\t\t\t<\/div>\n\t\t\t\t<\/div>\n\t\t<div class=\"elementor-element elementor-element-2f469b6 e-flex e-con-boxed e-con e-parent\" data-id=\"2f469b6\" data-element_type=\"container\">\n\t\t\t\t\t<div class=\"e-con-inner\">\n\t\t\t\t<div class=\"elementor-element elementor-element-1e6dafe elementor-widget elementor-widget-text-editor\" data-id=\"1e6dafe\" data-element_type=\"widget\" data-widget_type=\"text-editor.default\">\n\t\t\t\t\t\t\t\t\t<h2 class=\"p1\"><b>Technik: Umbauten, Zubeh\u00f6r &amp; Wartung<\/b><\/h2><p class=\"p1\">Unser Fokus liegt auf Technik, Funktion und Qualit\u00e4t \u2013 speziell f\u00fcr den Ford Ranger. Ob Umbauten zum Overlander, Zubeh\u00f6r f\u00fcr das Familienauto oder Wartung des Arbeitstieres: Wir m\u00f6chten Euch in diesem Themenbereich aufzeigen, was technisch m\u00f6glich ist \u2013 und wie vielf\u00e4ltig wir als Ranger-Community unterwegs sind.<\/p><p class=\"p1\">Jedes Fahrzeug erz\u00e4hlt seine eigene Geschichte. Teile mit uns dein Projekt, Umbau oder individuelle Anpassungen und inspiriere andere mit deiner Erfahrung. Ob Fahrwerksmodifikation, Offroad-Ausr\u00fcstung, Elektronik-Upgrade, Reifen oder Innenraumoptimierung \u2013 jedes Beispiel hilft, das Wissen und die Inspiration innerhalb der Community zu erweitern. Gemeinsam machen wir unsere Ranger zu mehr als nur einem Fahrzeug \u2013 zu einem Statement f\u00fcr Technik und Individualit\u00e4t.<\/p><p class=\"p1\"><b>So bist du dabei:<\/b><\/p><ul class=\"ul1\"><li class=\"li1\">Schicke uns per Mail an <strong><em><a href=\"mailto:info@ford-ranger-schweiz.ch\"><span class=\"s1\">info@ford-ranger-schweiz.ch<\/span><\/a><\/em><\/strong> deine Fotos und beschreibe kurz, was du ver\u00e4ndert hast. Gib uns deine Tipps und Erfahrungswerte weiter.<\/li><\/ul>\t\t\t\t\t\t\t\t<\/div>\n\t\t\t\t\t<\/div>\n\t\t\t\t<\/div>\n\t\t<div class=\"elementor-element elementor-element-c343d93 e-flex e-con-boxed e-con e-parent\" data-id=\"c343d93\" data-element_type=\"container\">\n\t\t\t\t\t<div class=\"e-con-inner\">\n\t\t\t\t<div class=\"elementor-element elementor-element-649f451 elementor-widget-divider--view-line elementor-widget elementor-widget-divider\" data-id=\"649f451\" data-element_type=\"widget\" data-widget_type=\"divider.default\">\n\t\t\t\t\t\t\t<div class=\"elementor-divider\">\n\t\t\t<span class=\"elementor-divider-separator\">\n\t\t\t\t\t\t<\/span>\n\t\t<\/div>\n\t\t\t\t\t\t<\/div>\n\t\t\t\t\t<\/div>\n\t\t\t\t<\/div>\n\t\t<div class=\"elementor-element elementor-element-f7c5d88 e-flex e-con-boxed e-con e-parent\" data-id=\"f7c5d88\" data-element_type=\"container\">\n\t\t\t\t\t<div class=\"e-con-inner\">\n\t\t\t\t<div class=\"elementor-element elementor-element-c8fff54 elementor-widget elementor-widget-text-editor\" data-id=\"c8fff54\" data-element_type=\"widget\" data-widget_type=\"text-editor.default\">\n\t\t\t\t\t\t\t\t\t<h2>Umbauten&#8230;<\/h2>\t\t\t\t\t\t\t\t<\/div>\n\t\t\t\t\t<\/div>\n\t\t\t\t<\/div>\n\t\t<div class=\"elementor-element elementor-element-82dc12f e-grid e-con-boxed e-con e-parent\" data-id=\"82dc12f\" data-element_type=\"container\">\n\t\t\t\t\t<div class=\"e-con-inner\">\n\t\t\t\t<div class=\"elementor-element elementor-element-ef4d4f8 elementor-widget elementor-widget-image\" data-id=\"ef4d4f8\" data-element_type=\"widget\" data-widget_type=\"image.default\">\n\t\t\t\t\t\t\t\t\t\t\t\t<figure class=\"wp-caption\">\n\t\t\t\t\t\t\t\t\t\t\t<a href=\"https:\/\/ford-ranger-schweiz.ch\/fr\/technik\/ausbau-ruecksitz-einbau-kuehlschrank\/\">\n\t\t\t\t\t\t\t<img decoding=\"async\" width=\"950\" height=\"713\" src=\"https:\/\/ford-ranger-schweiz.ch\/wp-content\/uploads\/2025\/12\/IMG_4674-1024x768.jpg\" class=\"attachment-large size-large wp-image-816\" alt=\"\" srcset=\"https:\/\/ford-ranger-schweiz.ch\/wp-content\/uploads\/2025\/12\/IMG_4674-1024x768.jpg 1024w, https:\/\/ford-ranger-schweiz.ch\/wp-content\/uploads\/2025\/12\/IMG_4674-300x225.jpg 300w, https:\/\/ford-ranger-schweiz.ch\/wp-content\/uploads\/2025\/12\/IMG_4674-1536x1152.jpg 1536w, https:\/\/ford-ranger-schweiz.ch\/wp-content\/uploads\/2025\/12\/IMG_4674.jpg 2000w\" sizes=\"100vw\" \/>\t\t\t\t\t\t\t\t<\/a>\n\t\t\t\t\t\t\t\t\t\t\t<figcaption class=\"widget-image-caption wp-caption-text\">R\u00fcckbank (Claudio Grazioli)<\/figcaption>\n\t\t\t\t\t\t\t\t\t\t<\/figure>\n\t\t\t\t\t\t\t\t\t<\/div>\n\t\t\t\t<div class=\"elementor-element elementor-element-cfe4012 elementor-widget elementor-widget-image\" data-id=\"cfe4012\" data-element_type=\"widget\" data-widget_type=\"image.default\">\n\t\t\t\t\t\t\t\t\t\t\t\t<figure class=\"wp-caption\">\n\t\t\t\t\t\t\t\t\t\t\t<a href=\"https:\/\/ford-ranger-schweiz.ch\/fr\/technik\/einbau-kueche\/\">\n\t\t\t\t\t\t\t<img decoding=\"async\" width=\"950\" height=\"713\" src=\"https:\/\/ford-ranger-schweiz.ch\/wp-content\/uploads\/2025\/12\/kueche_2-1024x768.jpeg\" class=\"attachment-large size-large wp-image-1057\" alt=\"\" srcset=\"https:\/\/ford-ranger-schweiz.ch\/wp-content\/uploads\/2025\/12\/kueche_2-1024x768.jpeg 1024w, https:\/\/ford-ranger-schweiz.ch\/wp-content\/uploads\/2025\/12\/kueche_2-300x225.jpeg 300w, https:\/\/ford-ranger-schweiz.ch\/wp-content\/uploads\/2025\/12\/kueche_2-2000x1500.jpeg 2000w, https:\/\/ford-ranger-schweiz.ch\/wp-content\/uploads\/2025\/12\/kueche_2-1536x1152.jpeg 1536w, https:\/\/ford-ranger-schweiz.ch\/wp-content\/uploads\/2025\/12\/kueche_2.jpeg 2016w\" sizes=\"100vw\" \/>\t\t\t\t\t\t\t\t<\/a>\n\t\t\t\t\t\t\t\t\t\t\t<figcaption class=\"widget-image-caption wp-caption-text\">K\u00fcche (Marc Robert)<\/figcaption>\n\t\t\t\t\t\t\t\t\t\t<\/figure>\n\t\t\t\t\t\t\t\t\t<\/div>\n\t\t\t\t<div class=\"elementor-element elementor-element-cc67a15 e-transform elementor-widget elementor-widget-image\" data-id=\"cc67a15\" data-element_type=\"widget\" data-settings=\"{&quot;_transform_scale_effect&quot;:{&quot;unit&quot;:&quot;px&quot;,&quot;size&quot;:1,&quot;sizes&quot;:[]},&quot;_transform_scale_effect_tablet&quot;:{&quot;unit&quot;:&quot;px&quot;,&quot;size&quot;:&quot;&quot;,&quot;sizes&quot;:[]},&quot;_transform_scale_effect_mobile&quot;:{&quot;unit&quot;:&quot;px&quot;,&quot;size&quot;:&quot;&quot;,&quot;sizes&quot;:[]}}\" data-widget_type=\"image.default\">\n\t\t\t\t\t\t\t\t\t\t\t\t<figure class=\"wp-caption\">\n\t\t\t\t\t\t\t\t\t\t\t<a href=\"https:\/\/ford-ranger-schweiz.ch\/fr\/technik\/austausch-ford-emblem-heckklappe\/\">\n\t\t\t\t\t\t\t<img loading=\"lazy\" decoding=\"async\" width=\"2560\" height=\"1441\" src=\"https:\/\/ford-ranger-schweiz.ch\/wp-content\/uploads\/2025\/12\/20251217_110126-scaled.jpg\" class=\"attachment-full size-full wp-image-1101\" alt=\"\" srcset=\"https:\/\/ford-ranger-schweiz.ch\/wp-content\/uploads\/2025\/12\/20251217_110126-scaled.jpg 2560w, https:\/\/ford-ranger-schweiz.ch\/wp-content\/uploads\/2025\/12\/20251217_110126-300x169.jpg 300w, https:\/\/ford-ranger-schweiz.ch\/wp-content\/uploads\/2025\/12\/20251217_110126-1024x577.jpg 1024w, https:\/\/ford-ranger-schweiz.ch\/wp-content\/uploads\/2025\/12\/20251217_110126-2000x1126.jpg 2000w, https:\/\/ford-ranger-schweiz.ch\/wp-content\/uploads\/2025\/12\/20251217_110126-scaled-1536x865.jpg 1536w, https:\/\/ford-ranger-schweiz.ch\/wp-content\/uploads\/2025\/12\/20251217_110126-scaled-2048x1153.jpg 2048w\" sizes=\"100vw\" \/>\t\t\t\t\t\t\t\t<\/a>\n\t\t\t\t\t\t\t\t\t\t\t<figcaption class=\"widget-image-caption wp-caption-text\">Emblem (Ursi Br\u00fcllhardt)<\/figcaption>\n\t\t\t\t\t\t\t\t\t\t<\/figure>\n\t\t\t\t\t\t\t\t\t<\/div>\n\t\t\t\t\t<\/div>\n\t\t\t\t<\/div>\n\t\t<div class=\"elementor-element elementor-element-14fb484 e-grid e-con-boxed e-con e-parent\" data-id=\"14fb484\" data-element_type=\"container\">\n\t\t\t\t\t<div class=\"e-con-inner\">\n\t\t\t\t<div class=\"elementor-element elementor-element-b31cd8d elementor-widget elementor-widget-image\" data-id=\"b31cd8d\" data-element_type=\"widget\" data-widget_type=\"image.default\">\n\t\t\t\t\t\t\t\t\t\t\t\t<figure class=\"wp-caption\">\n\t\t\t\t\t\t\t\t\t\t\t<a href=\"https:\/\/ford-ranger-schweiz.ch\/fr\/technik\/pritschen-anhaenger\/\">\n\t\t\t\t\t\t\t<img loading=\"lazy\" decoding=\"async\" width=\"950\" height=\"713\" src=\"https:\/\/ford-ranger-schweiz.ch\/wp-content\/uploads\/2025\/12\/WhatsApp-Image-2025-12-12-at-07.22.10-1024x768.jpeg\" class=\"attachment-large size-large wp-image-1135\" alt=\"\" srcset=\"https:\/\/ford-ranger-schweiz.ch\/wp-content\/uploads\/2025\/12\/WhatsApp-Image-2025-12-12-at-07.22.10-1024x768.jpeg 1024w, https:\/\/ford-ranger-schweiz.ch\/wp-content\/uploads\/2025\/12\/WhatsApp-Image-2025-12-12-at-07.22.10-300x225.jpeg 300w, https:\/\/ford-ranger-schweiz.ch\/wp-content\/uploads\/2025\/12\/WhatsApp-Image-2025-12-12-at-07.22.10-2000x1500.jpeg 2000w, https:\/\/ford-ranger-schweiz.ch\/wp-content\/uploads\/2025\/12\/WhatsApp-Image-2025-12-12-at-07.22.10-1536x1152.jpeg 1536w, https:\/\/ford-ranger-schweiz.ch\/wp-content\/uploads\/2025\/12\/WhatsApp-Image-2025-12-12-at-07.22.10.jpeg 2016w\" sizes=\"100vw\" \/>\t\t\t\t\t\t\t\t<\/a>\n\t\t\t\t\t\t\t\t\t\t\t<figcaption class=\"widget-image-caption wp-caption-text\">Pritschen-Anh\u00e4nger (Enrico Kofmehl)<\/figcaption>\n\t\t\t\t\t\t\t\t\t\t<\/figure>\n\t\t\t\t\t\t\t\t\t<\/div>\n\t\t\t\t\t<\/div>\n\t\t\t\t<\/div>\n\t\t<div class=\"elementor-element elementor-element-b045c32 e-flex e-con-boxed e-con e-parent\" data-id=\"b045c32\" data-element_type=\"container\">\n\t\t\t\t\t<div class=\"e-con-inner\">\n\t\t\t\t\t<\/div>\n\t\t\t\t<\/div>\n\t\t\t\t<\/div>","protected":false},"excerpt":{"rendered":"<p>Technik: Umbauten, Zubeh\u00f6r &amp; Wartung Unser Fokus liegt auf Technik, Funktion und Qualit\u00e4t \u2013 speziell f\u00fcr den Ford Ranger. Ob Umbauten zum Overlander, Zubeh\u00f6r f\u00fcr das Familienauto oder Wartung des Arbeitstieres: Wir m\u00f6chten Euch in diesem Themenbereich aufzeigen, was technisch m\u00f6glich ist \u2013 und wie vielf\u00e4ltig wir als Ranger-Community unterwegs sind. Jedes Fahrzeug erz\u00e4hlt seine &hellip; <\/p>\n<p class=\"link-more\"><a href=\"https:\/\/ford-ranger-schweiz.ch\/fr\/technik\/\" class=\"more-link\">Lire la suite de<span class=\"screen-reader-text\">\u00ab\u00a0TECHNIK\u00a0\u00bb<\/span><\/a><\/p>","protected":false},"author":1,"featured_media":0,"parent":0,"menu_order":0,"comment_status":"closed","ping_status":"closed","template":"","meta":{"pagelayer_contact_templates":[],"_pagelayer_content":"","inspiro_hide_title":false,"footnotes":""},"class_list":["post-94","page","type-page","status-publish","hentry"],"_links":{"self":[{"href":"https:\/\/ford-ranger-schweiz.ch\/fr\/wp-json\/wp\/v2\/pages\/94","targetHints":{"allow":["GET"]}}],"collection":[{"href":"https:\/\/ford-ranger-schweiz.ch\/fr\/wp-json\/wp\/v2\/pages"}],"about":[{"href":"https:\/\/ford-ranger-schweiz.ch\/fr\/wp-json\/wp\/v2\/types\/page"}],"author":[{"embeddable":true,"href":"https:\/\/ford-ranger-schweiz.ch\/fr\/wp-json\/wp\/v2\/users\/1"}],"replies":[{"embeddable":true,"href":"https:\/\/ford-ranger-schweiz.ch\/fr\/wp-json\/wp\/v2\/comments?post=94"}],"version-history":[{"count":24,"href":"https:\/\/ford-ranger-schweiz.ch\/fr\/wp-json\/wp\/v2\/pages\/94\/revisions"}],"predecessor-version":[{"id":1154,"href":"https:\/\/ford-ranger-schweiz.ch\/fr\/wp-json\/wp\/v2\/pages\/94\/revisions\/1154"}],"wp:attachment":[{"href":"https:\/\/ford-ranger-schweiz.ch\/fr\/wp-json\/wp\/v2\/media?parent=94"}],"curies":[{"name":"wp","href":"https:\/\/api.w.org\/{rel}","templated":true}]}}