{"id":856,"date":"2025-12-10T14:42:28","date_gmt":"2025-12-10T14:42:28","guid":{"rendered":"https:\/\/ford-ranger-schweiz.ch\/?page_id=856"},"modified":"2025-12-10T14:53:05","modified_gmt":"2025-12-10T14:53:05","slug":"impressum-datenschutz","status":"publish","type":"page","link":"https:\/\/ford-ranger-schweiz.ch\/fr\/kontakt\/impressum-datenschutz\/","title":{"rendered":"IMPRESSUM"},"content":{"rendered":"<div data-elementor-type=\"wp-page\" data-elementor-id=\"856\" class=\"elementor elementor-856\">\n\t\t\t\t<div class=\"elementor-element elementor-element-a0d4eab e-flex e-con-boxed e-con e-parent\" data-id=\"a0d4eab\" data-element_type=\"container\">\n\t\t\t\t\t<div class=\"e-con-inner\">\n\t\t\t\t<div class=\"elementor-element elementor-element-eb051a2 elementor-widget elementor-widget-text-editor\" data-id=\"eb051a2\" data-element_type=\"widget\" data-widget_type=\"text-editor.default\">\n\t\t\t\t\t\t\t\t\t<h2>Impressum<\/h2><p><span style=\"color: #000000;\"><span style=\"font-family: AppleSystemUIFont;\"><span style=\"font-size: medium;\"><b>Verantwortlich f\u00fcr den Inhalt dieser Website<\/b><\/span><\/span><\/span><\/p><p><span style=\"color: #000000;\"><span style=\"font-family: AppleSystemUIFont;\"><span style=\"font-size: medium;\">Ursula Br\u00fcllhardt<br \/><\/span><\/span><\/span><span style=\"color: #000000;\"><span style=\"font-family: AppleSystemUIFont;\"><span style=\"font-size: medium;\">Ford Ranger Schweiz<br \/><\/span><\/span><\/span><span style=\"color: #000000;\"><span style=\"font-family: AppleSystemUIFont;\"><span style=\"font-size: medium;\">Schweiz<\/span><\/span><\/span><\/p><p><span style=\"color: #000000;\"><span style=\"font-family: AppleSystemUIFont;\"><span style=\"font-size: medium;\"><b>Kontakt<\/b><\/span><\/span><\/span><\/p><ul><li><span style=\"color: #000000;\"><span style=\"font-family: AppleSystemUIFont;\"><span style=\"font-size: medium;\">E-Mail: info@ford-ranger-schweiz.ch<\/span><\/span><\/span><\/li><li><span style=\"font-size: medium; font-family: AppleSystemUIFont; color: #000000;\">Web: www.ford-ranger-schweiz.ch]<\/span><\/li><\/ul><p><span style=\"color: #000000;\">\u2e3b<\/span><\/p><p><span style=\"color: #000000;\"><span style=\"font-family: AppleSystemUIFont;\"><span style=\"font-size: medium;\"><b>Art der Website<br \/><\/b><\/span><\/span><\/span><span style=\"color: #000000;\"><span style=\"font-family: AppleSystemUIFont;\"><span style=\"font-size: medium;\">Es handelt sich bei dieser Website um eine <\/span><\/span><\/span><span style=\"color: #000000;\"><span style=\"font-family: AppleSystemUIFont;\"><span style=\"font-size: medium;\"><b>private, nicht-kommerzielle Fan-Seite<\/b><\/span><\/span><\/span><span style=\"color: #000000;\"><span style=\"font-family: AppleSystemUIFont;\"><span style=\"font-size: medium;\"> zum Thema Ford Ranger in der Schweiz. <\/span><\/span><\/span><span style=\"color: #000000;\"><span style=\"font-family: AppleSystemUIFont;\"><span style=\"font-size: medium;\">Es besteht <\/span><\/span><\/span><span style=\"color: #000000;\"><span style=\"font-family: AppleSystemUIFont;\"><span style=\"font-size: medium;\"><b>kein gewerbliches Interesse<\/b><\/span><\/span><\/span><span style=\"color: #000000;\"><span style=\"font-family: AppleSystemUIFont;\"><span style=\"font-size: medium;\"> (kein Verkauf von Produkten oder Dienstleistungen \u00fcber diese Seite, keine bezahlte Werbung).<\/span><\/span><\/span><\/p><p><span style=\"color: #000000;\">\u2e3b<\/span><\/p><p><span style=\"color: #000000;\"><span style=\"font-family: AppleSystemUIFont;\"><span style=\"font-size: medium;\"><b>Hinweis zur Marke \u201eFord\u201c und \u201eFord Ranger\u201c<\/b><\/span><\/span><\/span><\/p><p><span style=\"color: #000000;\">\u201e<span style=\"font-family: AppleSystemUIFont;\"><span style=\"font-size: medium;\">Ford\u201c und \u201eFord Ranger\u201c sind eingetragene Marken der Ford Motor Company bzw. der mit ihr verbundenen Unternehmen. <\/span><\/span><\/span><span style=\"color: #000000;\"><span style=\"font-family: AppleSystemUIFont;\"><span style=\"font-size: medium;\">Diese Website ist <\/span><\/span><\/span><span style=\"color: #000000;\"><span style=\"font-family: AppleSystemUIFont;\"><span style=\"font-size: medium;\"><b>kein offizielles Angebot<\/b><\/span><\/span><\/span><span style=\"color: #000000;\"><span style=\"font-family: AppleSystemUIFont;\"><span style=\"font-size: medium;\"> der Ford Motor Company (Switzerland) SA, der Ford Motor Company oder eines offiziellen Ford-H\u00e4ndlers. <\/span><\/span><\/span><span style=\"color: #000000;\"><span style=\"font-family: AppleSystemUIFont;\"><span style=\"font-size: medium;\">Sie wird privat betrieben und dient ausschliesslich der Information und dem Austausch unter Ford-Ranger-Interessierten in der Schweiz.<\/span><\/span><\/span><\/p><p><span style=\"color: #000000;\">\u2e3b<\/span><\/p><p><span style=\"color: #000000;\"><span style=\"font-family: AppleSystemUIFont;\"><span style=\"font-size: medium;\"><b>Haftungsausschluss<br \/><\/b><\/span><\/span><\/span><span style=\"color: #000000;\"><span style=\"font-family: AppleSystemUIFont;\"><span style=\"font-size: medium;\">Die Inhalte dieser Website werden nach bestem Wissen und Gewissen erstellt. Dennoch wird keine Gew\u00e4hr f\u00fcr die Richtigkeit, Vollst\u00e4ndigkeit und Aktualit\u00e4t der bereitgestellten Informationen \u00fcbernommen. <\/span><\/span><\/span><span style=\"color: #000000;\"><span style=\"font-family: AppleSystemUIFont;\"><span style=\"font-size: medium;\">Haftungsanspr\u00fcche gegen die Betreiberin dieser Website, welche sich auf Sch\u00e4den materieller oder ideeller Art beziehen, die durch Nutzung oder Nichtnutzung der dargebotenen Informationen bzw. durch die Nutzung fehlerhafter oder unvollst\u00e4ndiger Informationen verursacht wurden, sind ausgeschlossen, sofern kein nachweislich vors\u00e4tzliches oder grob fahrl\u00e4ssiges Verschulden vorliegt.<\/span><\/span><\/span><\/p><p><span style=\"color: #000000;\">\u2e3b<\/span><\/p><p><span style=\"color: #000000;\"><span style=\"font-family: AppleSystemUIFont;\"><span style=\"font-size: medium;\"><b>Haftung f\u00fcr Links<br \/><\/b><\/span><\/span><\/span><span style=\"color: #000000;\"><span style=\"font-family: AppleSystemUIFont;\"><span style=\"font-size: medium;\">Diese Website enth\u00e4lt Links zu externen Websites Dritter, auf deren Inhalte wir keinen Einfluss haben. F\u00fcr diese fremden Inhalte ist stets der jeweilige Anbieter oder Betreiber verantwortlich. Bei Bekanntwerden von Rechtsverletzungen werden derartige Links umgehend entfernt.<\/span><\/span><\/span><\/p><p><span style=\"color: #000000;\">\u2e3b<\/span><\/p><p><span style=\"color: #000000;\"><span style=\"font-family: AppleSystemUIFont;\"><span style=\"font-size: medium;\"><b>Urheberrecht<br \/><\/b><\/span><\/span><\/span><span style=\"color: #000000;\"><span style=\"font-family: AppleSystemUIFont;\"><span style=\"font-size: medium;\">Die auf dieser Website ver\u00f6ffentlichten Inhalte und Werke (insbesondere Texte, Fotos, Grafiken, Logos, Videos) unterliegen dem Urheberrecht, soweit nicht anders angegeben. <\/span><\/span><\/span><span style=\"color: #000000;\"><span style=\"font-family: AppleSystemUIFont;\"><span style=\"font-size: medium;\">Inhalte, die von Ford-Ranger-Schweiz erstellt wurden, d\u00fcrfen nur mit vorheriger schriftlicher Zustimmung weiterverwendet werden. Downloads und Kopien dieser Seite sind nur f\u00fcr den privaten Gebrauch gestattet.<\/span><\/span><\/span><\/p><p><span style=\"color: #000000;\">\u2e3b<\/span><\/p><p><span style=\"color: #000000;\"><span style=\"font-family: AppleSystemUIFont;\"><span style=\"font-size: medium;\"><b>Bildnachweise<\/b><\/span><\/span><\/span><\/p><ul><li><span style=\"color: #000000;\"><span style=\"font-family: AppleSystemUIFont;\"><span style=\"font-size: medium;\">Eigene Aufnahmen von Ford Ranger Schweiz<\/span><\/span><\/span><\/li><\/ul><p><span style=\"color: #000000;\">\u2e3b<\/span><\/p><p><span style=\"color: #000000;\"><span style=\"font-family: AppleSystemUIFont;\"><span style=\"font-size: medium;\"><b>Datenschutz<br \/><\/b><\/span><\/span><\/span><span style=\"color: #000000;\"><span style=\"font-family: AppleSystemUIFont;\"><span style=\"font-size: medium;\">Informationen zum Umgang mit personenbezogenen Daten findest du in unserer <\/span><\/span><\/span><span style=\"color: #000000;\"><span style=\"font-family: AppleSystemUIFont;\"><span style=\"font-size: medium;\"><b>Datenschutzerkl\u00e4rung<\/b><\/span><\/span><\/span><span style=\"color: #000000;\"><span style=\"font-family: AppleSystemUIFont;\"><span style=\"font-size: medium;\">.<\/span><\/span><\/span><\/p><p><span style=\"color: #000000;\">\u2e3b<\/span><\/p><p><span style=\"color: #000000;\"><span style=\"font-family: AppleSystemUIFont;\"><span style=\"font-size: medium;\"><b>Anwendbares Recht<br \/><\/b><\/span><\/span><\/span><span style=\"color: #000000;\"><span style=\"font-family: AppleSystemUIFont;\"><span style=\"font-size: medium;\">Es gilt ausschliesslich schweizerisches Recht.<\/span><\/span><\/span><\/p><p><span style=\"color: #000000;\"><span style=\"font-family: AppleSystemUIFont;\"><span style=\"font-size: medium;\"><b><i>Stand: Dezember 2025<\/i><\/b><\/span><\/span><\/span><\/p>\t\t\t\t\t\t\t\t<\/div>\n\t\t\t\t\t<\/div>\n\t\t\t\t<\/div>\n\t\t\t\t<\/div>","protected":false},"excerpt":{"rendered":"<p>Impressum Verantwortlich f\u00fcr den Inhalt dieser Website Ursula Br\u00fcllhardtFord Ranger SchweizSchweiz Kontakt E-Mail: info@ford-ranger-schweiz.ch Web: www.ford-ranger-schweiz.ch] \u2e3b Art der WebsiteEs handelt sich bei dieser Website um eine private, nicht-kommerzielle Fan-Seite zum Thema Ford Ranger in der Schweiz. Es besteht kein gewerbliches Interesse (kein Verkauf von Produkten oder Dienstleistungen \u00fcber diese Seite, keine bezahlte Werbung). \u2e3b &hellip; <\/p>\n<p class=\"link-more\"><a href=\"https:\/\/ford-ranger-schweiz.ch\/fr\/kontakt\/impressum-datenschutz\/\" class=\"more-link\">Lire la suite de<span class=\"screen-reader-text\">\u00ab\u00a0IMPRESSUM\u00a0\u00bb<\/span><\/a><\/p>","protected":false},"author":1,"featured_media":0,"parent":106,"menu_order":0,"comment_status":"closed","ping_status":"closed","template":"","meta":{"pagelayer_contact_templates":[],"_pagelayer_content":"","inspiro_hide_title":false,"footnotes":""},"class_list":["post-856","page","type-page","status-publish","hentry"],"_links":{"self":[{"href":"https:\/\/ford-ranger-schweiz.ch\/fr\/wp-json\/wp\/v2\/pages\/856","targetHints":{"allow":["GET"]}}],"collection":[{"href":"https:\/\/ford-ranger-schweiz.ch\/fr\/wp-json\/wp\/v2\/pages"}],"about":[{"href":"https:\/\/ford-ranger-schweiz.ch\/fr\/wp-json\/wp\/v2\/types\/page"}],"author":[{"embeddable":true,"href":"https:\/\/ford-ranger-schweiz.ch\/fr\/wp-json\/wp\/v2\/users\/1"}],"replies":[{"embeddable":true,"href":"https:\/\/ford-ranger-schweiz.ch\/fr\/wp-json\/wp\/v2\/comments?post=856"}],"version-history":[{"count":0,"href":"https:\/\/ford-ranger-schweiz.ch\/fr\/wp-json\/wp\/v2\/pages\/856\/revisions"}],"up":[{"embeddable":true,"href":"https:\/\/ford-ranger-schweiz.ch\/fr\/wp-json\/wp\/v2\/pages\/106"}],"wp:attachment":[{"href":"https:\/\/ford-ranger-schweiz.ch\/fr\/wp-json\/wp\/v2\/media?parent=856"}],"curies":[{"name":"wp","href":"https:\/\/api.w.org\/{rel}","templated":true}]}}