{"id":803,"date":"2025-12-10T13:12:25","date_gmt":"2025-12-10T13:12:25","guid":{"rendered":"https:\/\/ford-ranger-schweiz.ch\/?page_id=803"},"modified":"2025-12-10T13:28:24","modified_gmt":"2025-12-10T13:28:24","slug":"ausbau-ruecksitz-einbau-kuehlschrank","status":"publish","type":"page","link":"https:\/\/ford-ranger-schweiz.ch\/fr\/technik\/ausbau-ruecksitz-einbau-kuehlschrank\/","title":{"rendered":"Ausbau R\u00fccksitz \/ Einbau K\u00fchlschrank"},"content":{"rendered":"<div data-elementor-type=\"wp-page\" data-elementor-id=\"803\" class=\"elementor elementor-803\">\n\t\t\t\t<div class=\"elementor-element elementor-element-e7e6c7b e-flex e-con-boxed e-con e-parent\" data-id=\"e7e6c7b\" data-element_type=\"container\">\n\t\t\t\t\t<div class=\"e-con-inner\">\n\t\t\t\t<div class=\"elementor-element elementor-element-9bfb6c8 elementor-widget elementor-widget-text-editor\" data-id=\"9bfb6c8\" data-element_type=\"widget\" data-widget_type=\"text-editor.default\">\n\t\t\t\t\t\t\t\t\t<h2>Ausbau R\u00fccksitz \/ Einbau K\u00fchlschrank<\/h2><p>von Claudio Grazioli<\/p>\t\t\t\t\t\t\t\t<\/div>\n\t\t\t\t\t<\/div>\n\t\t\t\t<\/div>\n\t\t<div class=\"elementor-element elementor-element-64e5830 e-flex e-con-boxed e-con e-parent\" data-id=\"64e5830\" data-element_type=\"container\">\n\t\t\t\t\t<div class=\"e-con-inner\">\n\t\t\t\t<div class=\"elementor-element elementor-element-7c5d55e elementor-widget elementor-widget-text-editor\" data-id=\"7c5d55e\" data-element_type=\"widget\" data-widget_type=\"text-editor.default\">\n\t\t\t\t\t\t\t\t\t<p>Als wir unseren Ford Ranger Wildtrak 2024 Dual Cab kauften, hatten wir Schwierigkeiten mit den begrenzten Anpassungsm\u00f6glichkeiten, die Ford bot. Insbesondere fanden wir den Mangel an Flexibilit\u00e4t frustrierend. Wir brauchten ein Fahrzeug, dass einen 2,5-Tonnen-Anh\u00e4nger ziehen konnte, sowohl im Gel\u00e4nde als auch auf steilen Schotterstrassen. Nat\u00fcrlich entschieden wir uns f\u00fcr den st\u00e4rksten Motor \u2013 den 3,0-Liter-V6. Beim Abschleppen kann man nie zu viel Leistung haben.<\/p><p>Wir bevorzugten auch die Extra Cab-Konfiguration, die eine kleine R\u00fcckbank statt einer vollwertigen hinteren Reihe hat. Diese Anordnung erh\u00f6ht den Laderaum in der Ladefl\u00e4che und macht sie f\u00fcr unsere Bed\u00fcrfnisse praktischer.<\/p><p>Allerdings entdeckten wir bald eine grosse Einschr\u00e4nkung: Der 3,0-Liter-V6-Motor ist nur mit der Doppelkabinenkonfiguration erh\u00e4ltlich. Ford hatte f\u00fcr uns entschieden, dass das Extra Cab nicht mit dem gr\u00f6sseren Motor kommen sollte \u2013 warum, wissen wir nicht.<\/p><p><b>Das Konzept der R\u00fccksitzentfernung<br \/><\/b>Mit der Doppelkabine bekamen wir einen ger\u00e4umigen und bequemen R\u00fccksitz \u2013 aber den brauchten wir eigentlich gar nicht. Wir sind nur zwei Personen. Also haben wir uns angesehen, was andere Reisende gemacht hatten, und sind auf die Idee gekommen, den R\u00fccksitz zu entfernen. Dieses Konzept beinhaltet das vollst\u00e4ndige Entfernen des R\u00fccksitzes und die Umnutzung des freigewordenen Platzes f\u00fcr bessere Staum\u00f6glichkeiten.<\/p><p><b>Wie wir den Raum nutzen wollen<br \/><\/b>Wir haben uns entschieden, einen Engel MD45F-CD-P K\u00fchlschrank \/ Gefrierschrank hinter dem Beifahrersitz zu installieren. Das sorgt daf\u00fcr, dass wir einen K\u00fchlschrank haben, wenn wir ohne unseren Anh\u00e4nger reisen und bietet zus\u00e4tzliche Gefrierkapazit\u00e4t, da der Gefrierschrank des Anh\u00e4ngers recht klein ist. Hinter dem Fahrersitz bauen wir ein massgefertigtes Regal f\u00fcr zus\u00e4tzlichen Stauraum.<\/p><p>Zwischen dem Regal und dem K\u00fchlschrank installieren wir ein 12V-Hilfsstromsystem. Dieses Setup beinhaltet eine 100AH LiFePO4-Batterie, um den K\u00fchlschrank zu versorgen, unsere Ger\u00e4te aufzuladen und die Beleuchtungsversorgung. Die Batterie wird w\u00e4hrend der Fahrt \u00fcber ein DC-DC-Ladeger\u00e4t<b> <\/b>geladen, mit der M\u00f6glichkeit, Solarpanels anzuschliessen.<\/p><p><b>Entfernung des R\u00fccksitzes<br \/><\/b>Schritt eins: Entfernen Sie den R\u00fccksitz. \u00dcberraschenderweise war das einfach \u2013 nur vier grosse Schrauben, und der Sitz liess sich sofort herausl\u00f6sen. Die seitlichen Sicherheitsgurte wurden teilweise entfernt und hinter der C-S\u00e4ulen-Ausstattung versteckt. Auch hier konnten die Schnallen ausgesteckt und herausgenommen werden.<\/p><p>Aber als wir das Auto starteten, leuchtete das Armaturenbrett mit Warnungen wegen der Sicherheitsgurte auf. Das System erkannte fehlende Schnallen und deaktivierte die Airbags. Leider wurde nicht angegeben, ob dies nur die hinteren Airbags oder alle betraf.<\/p><p>Nach stundenlanger Recherche fanden wir einen Weg, den Sicherheitsgurtalarm zu deaktivieren \u2013 aber das bedeutete nur, wenn jemand ohne Sicherheitsgurt sass. Das hat das Problem mit dem Airbag nicht gel\u00f6st. In einigen Foren wurde die Nutzung von Forscan vorgeschlagen, aber wir waren nicht daran interessiert, die Software eines brandneuen Autos zu modifizieren. Der Kontakt zu meinem Ford-H\u00e4ndler (der dann einen anderen Ford-H\u00e4ndler fragte) f\u00fchrte zu nur einer Empfehlung: Die Schnallen eingesteckt lassen. Also schnitten wir die Schnallen von den Gurten ab und steckten sie wieder ein, versteckten sie hinter der R\u00fcckwand, die wir installieren wollten.<\/p><p><b>Bau der Fussleiste und der R\u00fcckwand<br \/><\/b>Um eine ebene Fl\u00e4che zu schaffen, bauten wir eine Fussleiste, auf der alles andere montiert werden sollte. Ausserdem brauchten wir eine R\u00fcckwand, um die freiliegende R\u00fcckwand zu bedecken, sodass das Setup sowohl \u00e4sthetisch ansprechend als auch strukturell solide war, um das Regal zu sichern.<\/p><p>Zuerst haben wir grosse Pappvorlagen verwendet, um pr\u00e4zise Schnitte und Schraubenplatzierungen sicherzustellen, bevor wir das Holz bestellen. Wir haben asl Material Birkensperrholz gew\u00e4hlt. Dank meines Freundes Patrick \u2013 der ein grosses Expeditionsfahrzeug baut und jedes denkbare Holzwerkzeug besitzt \u2013 haben wir die Fussleiste perfekt geformt. Die R\u00fcckwand wurde mit einer Aluminium-L-Halterung am Fussbrett montiert. Wir haben ihn ausserdem mit Gewindebolzen an der R\u00fcckwand des Trucks befestigt, die in Gummipuffer geschraubt wurden, wobei wir die M8-Schraubenl\u00f6cher nach dem Entfernen der R\u00fccksitzteile nutzten.<\/p><p><b>Der K\u00fchlschrank<br \/><\/b>Wir haben einen einfachen Aluminiumrahmen mit L-Halterung<b> <\/b>gebaut, um den K\u00fchlschrank sicher zu halten. Zwei Befestigungsriemen und ein dritter, der direkt ins Auto befestigt ist, sorgen daf\u00fcr, dass der 20 kg schwere K\u00fchlschrank bei starkem Bremsen nicht zu einem gef\u00e4hrlichen Projektil wird.<\/p><p><b>Das Regal<br \/><\/b>Zun\u00e4chst haben wir Schubladen in Betracht gezogen, aber die hinteren T\u00fcren waren zu klein, um praktische Schubladen einzubauen. Stattdessen entschieden wir uns f\u00fcr ein offenes Regal-Design. F\u00fcr die Konstruktion verwendeten wir Bosch-Aluminiumprofile und f\u00fcr die Regalfl\u00e4chen wie schon erw\u00e4hnt auch hier Birkensperrholz. Dieses Setup bietet flexiblen Stauraum \u2013 genug Platz f\u00fcr zwei grosse Rucks\u00e4cke auf einer Ebene, mehrere Euroboxen auf der anderen und eine zus\u00e4tzliche Eurobox oben f\u00fcr all unsere Ladeger\u00e4te, die direkt an das elektrische System angeschlossen werden.<\/p><p><b>Die Elektronik<br \/><\/b>Wir haben f\u00fcr unser 12V-Batteriesystem folgendes installiert:<\/p><ul><li>12V 100Ah Slim Polar LiFePO4-Batterie von BullTron<\/li><li>Victron Orion XS12-12 50A DC\/DC Batterieladeger\u00e4t<\/li><li>Victron SmartSolar MPPT 100\/20 Solarladeger\u00e4t zum Anschluss eines tragbaren Solarpanels<\/li><li>Tigerexped TEXU200 zentrale Verteilereinheit, obwohl alle Sicherungen gehalten wurden<\/li><li>Victron SmartShunt 500 A zur Messung des Stromverbrauchs (die Batterie hat zwar ein BMS, das auch exakte Messungen liefert, das dient nur der Redundanz).<\/li><\/ul><p>Die meisten elektrischen Komponenten sind auf der R\u00fcckseite des Regals montiert.<\/p><p><b>Die letzten Handgriffe:<br \/><\/b>Nachdem alles zusammengebaut und getestet war, habe ich alles wieder auseinandergebaut. Warum? In einem Fahrzeug ist Kondenswasser ein Problem, und unversiegeltes Holz kann mit der Zeit verschleissen. Nachdem wir mit dem Layout zufrieden waren, brachten wir alle Holzteile zur Riedweg AG, einem in Z\u00fcrich ans\u00e4ssigen Unternehmen, dass sich auf Karosserien und Beschichtungen spezialisiert hat. Sie trugen eine Rhino Liner-Schutzbeschichtung auf \u2013 eine \u00e4usserst langlebige Oberfl\u00e4che, die das Holz vor Feuchtigkeit und Verschleiss sch\u00fctzt.<\/p><p>Das Ergebnis? Ein professionell aussehendes, robustes und hochfunktionales Setup.<\/p>\t\t\t\t\t\t\t\t<\/div>\n\t\t\t\t\t<\/div>\n\t\t\t\t<\/div>\n\t\t<div class=\"elementor-element elementor-element-244ff9e e-flex e-con-boxed e-con e-parent\" data-id=\"244ff9e\" data-element_type=\"container\">\n\t\t\t\t\t<div class=\"e-con-inner\">\n\t\t<div class=\"elementor-element elementor-element-d842224 e-con-full e-flex e-con e-child\" data-id=\"d842224\" data-element_type=\"container\">\n\t\t\t\t<div class=\"elementor-element elementor-element-3105175 elementor-widget elementor-widget-image\" data-id=\"3105175\" data-element_type=\"widget\" data-widget_type=\"image.default\">\n\t\t\t\t\t\t\t\t\t\t\t\t\t\t\t\t<a href=\"https:\/\/ford-ranger-schweiz.ch\/wp-content\/uploads\/2025\/12\/IMG_5366.jpg\" data-elementor-open-lightbox=\"yes\" data-elementor-lightbox-title=\"IMG_5366\" data-e-action-hash=\"#elementor-action%3Aaction%3Dlightbox%26settings%3DeyJpZCI6ODIwLCJ1cmwiOiJodHRwczpcL1wvZm9yZC1yYW5nZXItc2Nod2Vpei5jaFwvd3AtY29udGVudFwvdXBsb2Fkc1wvMjAyNVwvMTJcL0lNR181MzY2LmpwZyJ9\">\n\t\t\t\t\t\t\t<img fetchpriority=\"high\" decoding=\"async\" width=\"950\" height=\"713\" src=\"https:\/\/ford-ranger-schweiz.ch\/wp-content\/uploads\/2025\/12\/IMG_5366-1024x768.jpg\" class=\"attachment-large size-large wp-image-820\" alt=\"\" srcset=\"https:\/\/ford-ranger-schweiz.ch\/wp-content\/uploads\/2025\/12\/IMG_5366-1024x768.jpg 1024w, https:\/\/ford-ranger-schweiz.ch\/wp-content\/uploads\/2025\/12\/IMG_5366-300x225.jpg 300w, https:\/\/ford-ranger-schweiz.ch\/wp-content\/uploads\/2025\/12\/IMG_5366-1536x1152.jpg 1536w, https:\/\/ford-ranger-schweiz.ch\/wp-content\/uploads\/2025\/12\/IMG_5366.jpg 2000w\" sizes=\"100vw\" \/>\t\t\t\t\t\t\t\t<\/a>\n\t\t\t\t\t\t\t\t\t\t\t\t\t\t\t<\/div>\n\t\t\t\t<\/div>\n\t\t<div class=\"elementor-element elementor-element-40995e0 e-con-full e-flex e-con e-child\" data-id=\"40995e0\" data-element_type=\"container\">\n\t\t\t\t<div class=\"elementor-element elementor-element-166f957 elementor-widget elementor-widget-image\" data-id=\"166f957\" data-element_type=\"widget\" data-widget_type=\"image.default\">\n\t\t\t\t\t\t\t\t\t\t\t\t\t\t\t<img decoding=\"async\" width=\"950\" height=\"713\" src=\"https:\/\/ford-ranger-schweiz.ch\/wp-content\/uploads\/2025\/12\/IMG_5374-1024x768.jpg\" class=\"attachment-large size-large wp-image-821\" alt=\"\" srcset=\"https:\/\/ford-ranger-schweiz.ch\/wp-content\/uploads\/2025\/12\/IMG_5374-1024x768.jpg 1024w, https:\/\/ford-ranger-schweiz.ch\/wp-content\/uploads\/2025\/12\/IMG_5374-300x225.jpg 300w, https:\/\/ford-ranger-schweiz.ch\/wp-content\/uploads\/2025\/12\/IMG_5374-1536x1152.jpg 1536w, https:\/\/ford-ranger-schweiz.ch\/wp-content\/uploads\/2025\/12\/IMG_5374.jpg 2000w\" sizes=\"100vw\" \/>\t\t\t\t\t\t\t\t\t\t\t\t\t\t\t<\/div>\n\t\t\t\t<\/div>\n\t\t<div class=\"elementor-element elementor-element-c8cc0a8 e-con-full e-flex e-con e-child\" data-id=\"c8cc0a8\" data-element_type=\"container\">\n\t\t\t\t<div class=\"elementor-element elementor-element-7c3ded7 elementor-widget elementor-widget-image\" data-id=\"7c3ded7\" data-element_type=\"widget\" data-widget_type=\"image.default\">\n\t\t\t\t\t\t\t\t\t\t\t\t\t\t\t\t<a href=\"https:\/\/ford-ranger-schweiz.ch\/wp-content\/uploads\/2025\/12\/IMG_5378.jpg\" data-elementor-open-lightbox=\"yes\" data-elementor-lightbox-title=\"IMG_5378\" data-e-action-hash=\"#elementor-action%3Aaction%3Dlightbox%26settings%3DeyJpZCI6ODIyLCJ1cmwiOiJodHRwczpcL1wvZm9yZC1yYW5nZXItc2Nod2Vpei5jaFwvd3AtY29udGVudFwvdXBsb2Fkc1wvMjAyNVwvMTJcL0lNR181Mzc4LmpwZyJ9\">\n\t\t\t\t\t\t\t<img decoding=\"async\" width=\"950\" height=\"713\" src=\"https:\/\/ford-ranger-schweiz.ch\/wp-content\/uploads\/2025\/12\/IMG_5378-1024x768.jpg\" class=\"attachment-large size-large wp-image-822\" alt=\"\" srcset=\"https:\/\/ford-ranger-schweiz.ch\/wp-content\/uploads\/2025\/12\/IMG_5378-1024x768.jpg 1024w, https:\/\/ford-ranger-schweiz.ch\/wp-content\/uploads\/2025\/12\/IMG_5378-300x225.jpg 300w, https:\/\/ford-ranger-schweiz.ch\/wp-content\/uploads\/2025\/12\/IMG_5378-1536x1152.jpg 1536w, https:\/\/ford-ranger-schweiz.ch\/wp-content\/uploads\/2025\/12\/IMG_5378.jpg 2000w\" sizes=\"100vw\" \/>\t\t\t\t\t\t\t\t<\/a>\n\t\t\t\t\t\t\t\t\t\t\t\t\t\t\t<\/div>\n\t\t\t\t<\/div>\n\t\t<div class=\"elementor-element elementor-element-853daaa e-con-full e-flex e-con e-child\" data-id=\"853daaa\" data-element_type=\"container\">\n\t\t\t\t<div class=\"elementor-element elementor-element-cad684e elementor-widget elementor-widget-image\" data-id=\"cad684e\" data-element_type=\"widget\" data-widget_type=\"image.default\">\n\t\t\t\t\t\t\t\t\t\t\t\t\t\t\t\t<a href=\"https:\/\/ford-ranger-schweiz.ch\/wp-content\/uploads\/2025\/12\/IMG_5382.jpg\" data-elementor-open-lightbox=\"yes\" data-elementor-lightbox-title=\"IMG_5382\" data-e-action-hash=\"#elementor-action%3Aaction%3Dlightbox%26settings%3DeyJpZCI6ODIzLCJ1cmwiOiJodHRwczpcL1wvZm9yZC1yYW5nZXItc2Nod2Vpei5jaFwvd3AtY29udGVudFwvdXBsb2Fkc1wvMjAyNVwvMTJcL0lNR181MzgyLmpwZyJ9\">\n\t\t\t\t\t\t\t<img loading=\"lazy\" decoding=\"async\" width=\"950\" height=\"713\" src=\"https:\/\/ford-ranger-schweiz.ch\/wp-content\/uploads\/2025\/12\/IMG_5382-1024x768.jpg\" class=\"attachment-large size-large wp-image-823\" alt=\"\" srcset=\"https:\/\/ford-ranger-schweiz.ch\/wp-content\/uploads\/2025\/12\/IMG_5382-1024x768.jpg 1024w, https:\/\/ford-ranger-schweiz.ch\/wp-content\/uploads\/2025\/12\/IMG_5382-300x225.jpg 300w, https:\/\/ford-ranger-schweiz.ch\/wp-content\/uploads\/2025\/12\/IMG_5382-1536x1152.jpg 1536w, https:\/\/ford-ranger-schweiz.ch\/wp-content\/uploads\/2025\/12\/IMG_5382.jpg 2000w\" sizes=\"100vw\" \/>\t\t\t\t\t\t\t\t<\/a>\n\t\t\t\t\t\t\t\t\t\t\t\t\t\t\t<\/div>\n\t\t\t\t<\/div>\n\t\t<div class=\"elementor-element elementor-element-6d5c9e5 e-con-full e-flex e-con e-child\" data-id=\"6d5c9e5\" data-element_type=\"container\">\n\t\t\t\t<div class=\"elementor-element elementor-element-70bfa22 elementor-widget elementor-widget-image\" data-id=\"70bfa22\" data-element_type=\"widget\" data-widget_type=\"image.default\">\n\t\t\t\t\t\t\t\t\t\t\t\t\t\t\t\t<a href=\"https:\/\/ford-ranger-schweiz.ch\/wp-content\/uploads\/2025\/12\/IMG_4674.jpg\" data-elementor-open-lightbox=\"yes\" data-elementor-lightbox-title=\"IMG_4674\" data-e-action-hash=\"#elementor-action%3Aaction%3Dlightbox%26settings%3DeyJpZCI6ODE2LCJ1cmwiOiJodHRwczpcL1wvZm9yZC1yYW5nZXItc2Nod2Vpei5jaFwvd3AtY29udGVudFwvdXBsb2Fkc1wvMjAyNVwvMTJcL0lNR180Njc0LmpwZyJ9\">\n\t\t\t\t\t\t\t<img loading=\"lazy\" decoding=\"async\" width=\"950\" height=\"713\" src=\"https:\/\/ford-ranger-schweiz.ch\/wp-content\/uploads\/2025\/12\/IMG_4674-1024x768.jpg\" class=\"attachment-large size-large wp-image-816\" alt=\"\" srcset=\"https:\/\/ford-ranger-schweiz.ch\/wp-content\/uploads\/2025\/12\/IMG_4674-1024x768.jpg 1024w, https:\/\/ford-ranger-schweiz.ch\/wp-content\/uploads\/2025\/12\/IMG_4674-300x225.jpg 300w, https:\/\/ford-ranger-schweiz.ch\/wp-content\/uploads\/2025\/12\/IMG_4674-1536x1152.jpg 1536w, https:\/\/ford-ranger-schweiz.ch\/wp-content\/uploads\/2025\/12\/IMG_4674.jpg 2000w\" sizes=\"100vw\" \/>\t\t\t\t\t\t\t\t<\/a>\n\t\t\t\t\t\t\t\t\t\t\t\t\t\t\t<\/div>\n\t\t\t\t<\/div>\n\t\t<div class=\"elementor-element elementor-element-15cf2f6 e-con-full e-flex e-con e-child\" data-id=\"15cf2f6\" data-element_type=\"container\">\n\t\t\t\t<\/div>\n\t\t\t\t\t<\/div>\n\t\t\t\t<\/div>\n\t\t<div class=\"elementor-element elementor-element-a608a12 e-flex e-con-boxed e-con e-parent\" data-id=\"a608a12\" data-element_type=\"container\">\n\t\t\t\t\t<div class=\"e-con-inner\">\n\t\t<div class=\"elementor-element elementor-element-c197160 e-con-full e-flex e-con e-child\" data-id=\"c197160\" data-element_type=\"container\">\n\t\t\t\t<div class=\"elementor-element elementor-element-c557d4e elementor-widget elementor-widget-image\" data-id=\"c557d4e\" data-element_type=\"widget\" data-widget_type=\"image.default\">\n\t\t\t\t\t\t\t\t\t\t\t\t\t\t\t\t<a href=\"https:\/\/ford-ranger-schweiz.ch\/wp-content\/uploads\/2025\/12\/IMG_4478.jpg\" data-elementor-open-lightbox=\"yes\" data-elementor-lightbox-title=\"IMG_4478\" data-e-action-hash=\"#elementor-action%3Aaction%3Dlightbox%26settings%3DeyJpZCI6ODE0LCJ1cmwiOiJodHRwczpcL1wvZm9yZC1yYW5nZXItc2Nod2Vpei5jaFwvd3AtY29udGVudFwvdXBsb2Fkc1wvMjAyNVwvMTJcL0lNR180NDc4LmpwZyJ9\">\n\t\t\t\t\t\t\t<img loading=\"lazy\" decoding=\"async\" width=\"768\" height=\"1024\" src=\"https:\/\/ford-ranger-schweiz.ch\/wp-content\/uploads\/2025\/12\/IMG_4478-768x1024.jpg\" class=\"attachment-large size-large wp-image-814\" alt=\"\" srcset=\"https:\/\/ford-ranger-schweiz.ch\/wp-content\/uploads\/2025\/12\/IMG_4478-768x1024.jpg 768w, https:\/\/ford-ranger-schweiz.ch\/wp-content\/uploads\/2025\/12\/IMG_4478-225x300.jpg 225w, https:\/\/ford-ranger-schweiz.ch\/wp-content\/uploads\/2025\/12\/IMG_4478-1152x1536.jpg 1152w, https:\/\/ford-ranger-schweiz.ch\/wp-content\/uploads\/2025\/12\/IMG_4478.jpg 1500w\" sizes=\"100vw\" \/>\t\t\t\t\t\t\t\t<\/a>\n\t\t\t\t\t\t\t\t\t\t\t\t\t\t\t<\/div>\n\t\t\t\t<\/div>\n\t\t<div class=\"elementor-element elementor-element-7e7afe9 e-con-full e-flex e-con e-child\" data-id=\"7e7afe9\" data-element_type=\"container\">\n\t\t\t\t<div class=\"elementor-element elementor-element-86a0e39 elementor-widget elementor-widget-image\" data-id=\"86a0e39\" data-element_type=\"widget\" data-widget_type=\"image.default\">\n\t\t\t\t\t\t\t\t\t\t\t\t\t\t\t\t<a href=\"https:\/\/ford-ranger-schweiz.ch\/wp-content\/uploads\/2025\/12\/IMG_5205.jpg\" data-elementor-open-lightbox=\"yes\" data-elementor-lightbox-title=\"IMG_5205\" data-e-action-hash=\"#elementor-action%3Aaction%3Dlightbox%26settings%3DeyJpZCI6ODE5LCJ1cmwiOiJodHRwczpcL1wvZm9yZC1yYW5nZXItc2Nod2Vpei5jaFwvd3AtY29udGVudFwvdXBsb2Fkc1wvMjAyNVwvMTJcL0lNR181MjA1LmpwZyJ9\">\n\t\t\t\t\t\t\t<img loading=\"lazy\" decoding=\"async\" width=\"768\" height=\"1024\" src=\"https:\/\/ford-ranger-schweiz.ch\/wp-content\/uploads\/2025\/12\/IMG_5205-768x1024.jpg\" class=\"attachment-large size-large wp-image-819\" alt=\"\" srcset=\"https:\/\/ford-ranger-schweiz.ch\/wp-content\/uploads\/2025\/12\/IMG_5205-768x1024.jpg 768w, https:\/\/ford-ranger-schweiz.ch\/wp-content\/uploads\/2025\/12\/IMG_5205-225x300.jpg 225w, https:\/\/ford-ranger-schweiz.ch\/wp-content\/uploads\/2025\/12\/IMG_5205-1152x1536.jpg 1152w, https:\/\/ford-ranger-schweiz.ch\/wp-content\/uploads\/2025\/12\/IMG_5205.jpg 1500w\" sizes=\"100vw\" \/>\t\t\t\t\t\t\t\t<\/a>\n\t\t\t\t\t\t\t\t\t\t\t\t\t\t\t<\/div>\n\t\t\t\t<\/div>\n\t\t<div class=\"elementor-element elementor-element-bb2b6c6 e-con-full e-flex e-con e-child\" data-id=\"bb2b6c6\" data-element_type=\"container\">\n\t\t\t\t<div class=\"elementor-element elementor-element-d988f05 elementor-widget elementor-widget-image\" data-id=\"d988f05\" data-element_type=\"widget\" data-widget_type=\"image.default\">\n\t\t\t\t\t\t\t\t\t\t\t\t\t\t\t\t<a href=\"https:\/\/ford-ranger-schweiz.ch\/wp-content\/uploads\/2025\/12\/IMG_5027.jpg\" data-elementor-open-lightbox=\"yes\" data-elementor-lightbox-title=\"IMG_5027\" data-e-action-hash=\"#elementor-action%3Aaction%3Dlightbox%26settings%3DeyJpZCI6ODE4LCJ1cmwiOiJodHRwczpcL1wvZm9yZC1yYW5nZXItc2Nod2Vpei5jaFwvd3AtY29udGVudFwvdXBsb2Fkc1wvMjAyNVwvMTJcL0lNR181MDI3LmpwZyJ9\">\n\t\t\t\t\t\t\t<img loading=\"lazy\" decoding=\"async\" width=\"768\" height=\"1024\" src=\"https:\/\/ford-ranger-schweiz.ch\/wp-content\/uploads\/2025\/12\/IMG_5027-768x1024.jpg\" class=\"attachment-large size-large wp-image-818\" alt=\"\" srcset=\"https:\/\/ford-ranger-schweiz.ch\/wp-content\/uploads\/2025\/12\/IMG_5027-768x1024.jpg 768w, https:\/\/ford-ranger-schweiz.ch\/wp-content\/uploads\/2025\/12\/IMG_5027-225x300.jpg 225w, https:\/\/ford-ranger-schweiz.ch\/wp-content\/uploads\/2025\/12\/IMG_5027-1152x1536.jpg 1152w, https:\/\/ford-ranger-schweiz.ch\/wp-content\/uploads\/2025\/12\/IMG_5027.jpg 1500w\" sizes=\"100vw\" \/>\t\t\t\t\t\t\t\t<\/a>\n\t\t\t\t\t\t\t\t\t\t\t\t\t\t\t<\/div>\n\t\t\t\t<\/div>\n\t\t<div class=\"elementor-element elementor-element-722ae7a e-con-full e-flex e-con e-child\" data-id=\"722ae7a\" data-element_type=\"container\">\n\t\t\t\t<div class=\"elementor-element elementor-element-17b18e3 elementor-widget elementor-widget-image\" data-id=\"17b18e3\" data-element_type=\"widget\" data-widget_type=\"image.default\">\n\t\t\t\t\t\t\t\t\t\t\t\t\t\t\t\t<a href=\"https:\/\/ford-ranger-schweiz.ch\/wp-content\/uploads\/2025\/12\/IMG_5398.jpg\" data-elementor-open-lightbox=\"yes\" data-elementor-lightbox-title=\"IMG_5398\" data-e-action-hash=\"#elementor-action%3Aaction%3Dlightbox%26settings%3DeyJpZCI6ODI0LCJ1cmwiOiJodHRwczpcL1wvZm9yZC1yYW5nZXItc2Nod2Vpei5jaFwvd3AtY29udGVudFwvdXBsb2Fkc1wvMjAyNVwvMTJcL0lNR181Mzk4LmpwZyJ9\">\n\t\t\t\t\t\t\t<img loading=\"lazy\" decoding=\"async\" width=\"768\" height=\"1024\" src=\"https:\/\/ford-ranger-schweiz.ch\/wp-content\/uploads\/2025\/12\/IMG_5398-768x1024.jpg\" class=\"attachment-large size-large wp-image-824\" alt=\"\" srcset=\"https:\/\/ford-ranger-schweiz.ch\/wp-content\/uploads\/2025\/12\/IMG_5398-768x1024.jpg 768w, https:\/\/ford-ranger-schweiz.ch\/wp-content\/uploads\/2025\/12\/IMG_5398-225x300.jpg 225w, https:\/\/ford-ranger-schweiz.ch\/wp-content\/uploads\/2025\/12\/IMG_5398-1152x1536.jpg 1152w, https:\/\/ford-ranger-schweiz.ch\/wp-content\/uploads\/2025\/12\/IMG_5398.jpg 1500w\" sizes=\"100vw\" \/>\t\t\t\t\t\t\t\t<\/a>\n\t\t\t\t\t\t\t\t\t\t\t\t\t\t\t<\/div>\n\t\t\t\t<\/div>\n\t\t<div class=\"elementor-element elementor-element-85aaf54 e-con-full e-flex e-con e-child\" data-id=\"85aaf54\" data-element_type=\"container\">\n\t\t\t\t<div class=\"elementor-element elementor-element-5b76e7d elementor-widget elementor-widget-image\" data-id=\"5b76e7d\" data-element_type=\"widget\" data-widget_type=\"image.default\">\n\t\t\t\t\t\t\t\t\t\t\t\t\t\t\t\t<a href=\"https:\/\/ford-ranger-schweiz.ch\/wp-content\/uploads\/2025\/12\/IMG_4539.jpg\" data-elementor-open-lightbox=\"yes\" data-elementor-lightbox-title=\"IMG_4539\" data-e-action-hash=\"#elementor-action%3Aaction%3Dlightbox%26settings%3DeyJpZCI6ODE1LCJ1cmwiOiJodHRwczpcL1wvZm9yZC1yYW5nZXItc2Nod2Vpei5jaFwvd3AtY29udGVudFwvdXBsb2Fkc1wvMjAyNVwvMTJcL0lNR180NTM5LmpwZyJ9\">\n\t\t\t\t\t\t\t<img loading=\"lazy\" decoding=\"async\" width=\"768\" height=\"1024\" src=\"https:\/\/ford-ranger-schweiz.ch\/wp-content\/uploads\/2025\/12\/IMG_4539-768x1024.jpg\" class=\"attachment-large size-large wp-image-815\" alt=\"\" srcset=\"https:\/\/ford-ranger-schweiz.ch\/wp-content\/uploads\/2025\/12\/IMG_4539-768x1024.jpg 768w, https:\/\/ford-ranger-schweiz.ch\/wp-content\/uploads\/2025\/12\/IMG_4539-225x300.jpg 225w, https:\/\/ford-ranger-schweiz.ch\/wp-content\/uploads\/2025\/12\/IMG_4539-1152x1536.jpg 1152w, https:\/\/ford-ranger-schweiz.ch\/wp-content\/uploads\/2025\/12\/IMG_4539.jpg 1500w\" sizes=\"100vw\" \/>\t\t\t\t\t\t\t\t<\/a>\n\t\t\t\t\t\t\t\t\t\t\t\t\t\t\t<\/div>\n\t\t\t\t<\/div>\n\t\t<div class=\"elementor-element elementor-element-e45ad9a e-con-full e-flex e-con e-child\" data-id=\"e45ad9a\" data-element_type=\"container\">\n\t\t\t\t<div class=\"elementor-element elementor-element-44e5e21 elementor-widget elementor-widget-image\" data-id=\"44e5e21\" data-element_type=\"widget\" data-widget_type=\"image.default\">\n\t\t\t\t\t\t\t\t\t\t\t\t\t\t\t\t<a href=\"https:\/\/ford-ranger-schweiz.ch\/wp-content\/uploads\/2025\/12\/IMG_5205.jpg\" data-elementor-open-lightbox=\"yes\" data-elementor-lightbox-title=\"IMG_5205\" data-e-action-hash=\"#elementor-action%3Aaction%3Dlightbox%26settings%3DeyJpZCI6ODE5LCJ1cmwiOiJodHRwczpcL1wvZm9yZC1yYW5nZXItc2Nod2Vpei5jaFwvd3AtY29udGVudFwvdXBsb2Fkc1wvMjAyNVwvMTJcL0lNR181MjA1LmpwZyJ9\">\n\t\t\t\t\t\t\t<img loading=\"lazy\" decoding=\"async\" width=\"768\" height=\"1024\" src=\"https:\/\/ford-ranger-schweiz.ch\/wp-content\/uploads\/2025\/12\/IMG_5205-768x1024.jpg\" class=\"attachment-large size-large wp-image-819\" alt=\"\" srcset=\"https:\/\/ford-ranger-schweiz.ch\/wp-content\/uploads\/2025\/12\/IMG_5205-768x1024.jpg 768w, https:\/\/ford-ranger-schweiz.ch\/wp-content\/uploads\/2025\/12\/IMG_5205-225x300.jpg 225w, https:\/\/ford-ranger-schweiz.ch\/wp-content\/uploads\/2025\/12\/IMG_5205-1152x1536.jpg 1152w, https:\/\/ford-ranger-schweiz.ch\/wp-content\/uploads\/2025\/12\/IMG_5205.jpg 1500w\" sizes=\"100vw\" \/>\t\t\t\t\t\t\t\t<\/a>\n\t\t\t\t\t\t\t\t\t\t\t\t\t\t\t<\/div>\n\t\t\t\t<\/div>\n\t\t\t\t\t<\/div>\n\t\t\t\t<\/div>\n\t\t<div class=\"elementor-element elementor-element-3949c0a e-flex e-con-boxed e-con e-parent\" data-id=\"3949c0a\" data-element_type=\"container\">\n\t\t\t\t\t<div class=\"e-con-inner\">\n\t\t\t\t\t<\/div>\n\t\t\t\t<\/div>\n\t\t\t\t<\/div>","protected":false},"excerpt":{"rendered":"<p>Ausbau R\u00fccksitz \/ Einbau K\u00fchlschrank von Claudio Grazioli Als wir unseren Ford Ranger Wildtrak 2024 Dual Cab kauften, hatten wir Schwierigkeiten mit den begrenzten Anpassungsm\u00f6glichkeiten, die Ford bot. Insbesondere fanden wir den Mangel an Flexibilit\u00e4t frustrierend. Wir brauchten ein Fahrzeug, dass einen 2,5-Tonnen-Anh\u00e4nger ziehen konnte, sowohl im Gel\u00e4nde als auch auf steilen Schotterstrassen. Nat\u00fcrlich entschieden &hellip; <\/p>\n<p class=\"link-more\"><a href=\"https:\/\/ford-ranger-schweiz.ch\/fr\/technik\/ausbau-ruecksitz-einbau-kuehlschrank\/\" class=\"more-link\">Lire la suite de<span class=\"screen-reader-text\">\u00ab\u00a0Ausbau R\u00fccksitz \/ Einbau K\u00fchlschrank\u00a0\u00bb<\/span><\/a><\/p>","protected":false},"author":1,"featured_media":0,"parent":94,"menu_order":0,"comment_status":"closed","ping_status":"closed","template":"","meta":{"pagelayer_contact_templates":[],"_pagelayer_content":"","inspiro_hide_title":false,"footnotes":""},"class_list":["post-803","page","type-page","status-publish","hentry"],"_links":{"self":[{"href":"https:\/\/ford-ranger-schweiz.ch\/fr\/wp-json\/wp\/v2\/pages\/803","targetHints":{"allow":["GET"]}}],"collection":[{"href":"https:\/\/ford-ranger-schweiz.ch\/fr\/wp-json\/wp\/v2\/pages"}],"about":[{"href":"https:\/\/ford-ranger-schweiz.ch\/fr\/wp-json\/wp\/v2\/types\/page"}],"author":[{"embeddable":true,"href":"https:\/\/ford-ranger-schweiz.ch\/fr\/wp-json\/wp\/v2\/users\/1"}],"replies":[{"embeddable":true,"href":"https:\/\/ford-ranger-schweiz.ch\/fr\/wp-json\/wp\/v2\/comments?post=803"}],"version-history":[{"count":0,"href":"https:\/\/ford-ranger-schweiz.ch\/fr\/wp-json\/wp\/v2\/pages\/803\/revisions"}],"up":[{"embeddable":true,"href":"https:\/\/ford-ranger-schweiz.ch\/fr\/wp-json\/wp\/v2\/pages\/94"}],"wp:attachment":[{"href":"https:\/\/ford-ranger-schweiz.ch\/fr\/wp-json\/wp\/v2\/media?parent=803"}],"curies":[{"name":"wp","href":"https:\/\/api.w.org\/{rel}","templated":true}]}}