{"id":739,"date":"2025-12-10T10:01:42","date_gmt":"2025-12-10T10:01:42","guid":{"rendered":"https:\/\/ford-ranger-schweiz.ch\/?page_id=739"},"modified":"2025-12-10T10:07:44","modified_gmt":"2025-12-10T10:07:44","slug":"cote-dazur-reisezeit-ende-juli-anfang-august-2025","status":"publish","type":"page","link":"https:\/\/ford-ranger-schweiz.ch\/fr\/unterwegs\/cote-dazur-reisezeit-ende-juli-anfang-august-2025\/","title":{"rendered":"C\u00f4te d\u2019Azur \/ Reisezeit: Ende Juli \u2013 Anfang August 2025"},"content":{"rendered":"<div data-elementor-type=\"wp-page\" data-elementor-id=\"739\" class=\"elementor elementor-739\">\n\t\t\t\t<div class=\"elementor-element elementor-element-c5b71b3 e-flex e-con-boxed e-con e-parent\" data-id=\"c5b71b3\" data-element_type=\"container\">\n\t\t\t\t\t<div class=\"e-con-inner\">\n\t\t\t\t<div class=\"elementor-element elementor-element-34af673 elementor-widget elementor-widget-text-editor\" data-id=\"34af673\" data-element_type=\"widget\" data-widget_type=\"text-editor.default\">\n\t\t\t\t\t\t\t\t\t<h2>Trip nach\u2026 C\u00f4te d\u2019Azur \/ Reisezeit: Ende Juli &#8211; Anfang August 2025<\/h2><p>von Ursi Br\u00fcllhardt<\/p>\t\t\t\t\t\t\t\t<\/div>\n\t\t\t\t\t<\/div>\n\t\t\t\t<\/div>\n\t\t<div class=\"elementor-element elementor-element-89c8561 e-flex e-con-boxed e-con e-parent\" data-id=\"89c8561\" data-element_type=\"container\">\n\t\t\t\t\t<div class=\"e-con-inner\">\n\t\t\t\t<div class=\"elementor-element elementor-element-f9345e7 elementor-widget elementor-widget-text-editor\" data-id=\"f9345e7\" data-element_type=\"widget\" data-widget_type=\"text-editor.default\">\n\t\t\t\t\t\t\t\t\t<p>Dachzelten ist f\u00fcr mich wie Camping auf \u201eMinimalismus-Extrem\u201c \u2013 mit dem Unterschied, dass man statt Zen-Meditation einfach sein ganzes Ger\u00fcmpel zuhause l\u00e4sst. Wenn der Alltag einen mit Terminen zupflastert wie ein \u00fcbermotivierter Sticker-Sammler, dann erdet mich genau dieses einfache Leben auf vier R\u00e4dern.<\/p><p>Trotzdem wollte ich auf diesem Roadtrip eigentlich\u2026 alles. Sonne, Strand, Cocktails, Shopping, Lost Places \u2013 und nat\u00fcrlich Dachzelten. Also: ab in den S\u00fcden!<\/p><p>Die Route war schnell skizziert: kurz Genua (Hafen-Check), dann Monaco, Nizza, Cannes, St. Maxime \/ St. Raphael und St. Tropez. Gebucht war nichts \u2013 wir vertrauten blind auf unsere innere Kompass-App.<\/p><p>Genua erledigten wir im Vorbeifahren um 3 Uhr morgens. Richtig magisch wurde es erst auf den ligurischen K\u00fcstenstrassen: offenes Fenster, der Motor brummt zufrieden, das Meer glitzert wie frisch polierter Schmuck \u2013 und niemand sonst unterwegs, ausser ein paar verschlafenen M\u00f6wen.<\/p><p>Monaco und Nizza? H\u00fcbsch, aber eindeutig viel zu viele Menschen pro Quadratmeter. Wir verzogen uns lieber in die Berge, wo man die St\u00e4dte wie kleine Spielzeugwelten unter sich hat: Helikopter-Kringel, Yacht-Giganten und Strassen, die aussehen, als h\u00e4tte jemand vergessen, sie in Normalgr\u00f6sse zu bauen.<\/p><p>St. Maxime war charmant verwinkelt, Cannes aalglatt gepflastert, und St. Tropez\u2026 nun ja: St. Tropez. Dort f\u00e4hrt man versehentlich mit einem staubigen Overlander mitten durch die Herm\u00e8s-Zone und wird h\u00f6flich von der Gendarmerie wieder hinauskomplimentiert. Kontrastprogramm Deluxe.<\/p><p>Unser Camp lag nur ein paar hundert Meter vom ber\u00fchmten Plage de Pampelonne entfernt. Wenn wir Lust auf Glamour hatten, setzten wir uns in eine der Strandbars mit wogenden Leinent\u00fcchern, weissen Polstern und Cocktails, die aussahen wie Kunstwerke. Menschenbeobachten war dort besser als Netflix. Niemand schwitzte bei 42 Grad. Wirklich niemand. Faszinierend.<\/p><p>War uns nach Adrenalin, d\u00fcsten wir mit Jet-Skis rum oder gingen schnorcheln. War uns nach Ruhe, gab\u2019s im Camp einfach Spaghetti, Steaks und Bier \u2013 Gourmet genug.<\/p><p>Nach ein paar entspannten Tagen spielten wir \u201eNavi aus, Entscheidung per Kreisverkehr\u201c. Jeder Kreisel ein kleines Roulette: links? rechts? geradeaus? So landeten wir in Aix-en-Provence, Marseille, Arles, Avignon, Grenoble \u2013 und zum Schluss am Creux-du-Van, wo wir unsere letzte Nacht verbrachten. Die Heimfahrt danach? L\u00e4cherliche 45 Minuten.<\/p><p>Ein Roadtrip, der einmal Chaos, Sonne, Jet-Set und Dosenbier in den Mixer geworfen hat \u2013 und genau deshalb unvergesslich war.<\/p>\t\t\t\t\t\t\t\t<\/div>\n\t\t\t\t\t<\/div>\n\t\t\t\t<\/div>\n\t\t<div class=\"elementor-element elementor-element-493022e e-flex e-con-boxed e-con e-parent\" data-id=\"493022e\" data-element_type=\"container\">\n\t\t\t\t\t<div class=\"e-con-inner\">\n\t\t<div class=\"elementor-element elementor-element-f937e2c e-con-full e-flex e-con e-child\" data-id=\"f937e2c\" data-element_type=\"container\">\n\t\t\t\t<div class=\"elementor-element elementor-element-aa2552d elementor-widget elementor-widget-image\" data-id=\"aa2552d\" data-element_type=\"widget\" data-widget_type=\"image.default\">\n\t\t\t\t\t\t\t\t\t\t\t\t\t\t\t\t<a href=\"https:\/\/ford-ranger-schweiz.ch\/wp-content\/uploads\/2025\/12\/2025_Cote_dAzur_1.jpg\" data-elementor-open-lightbox=\"yes\" data-elementor-lightbox-title=\"2025_C\u00f4te_d&#039;Azur_1\" data-e-action-hash=\"#elementor-action%3Aaction%3Dlightbox%26settings%3DeyJpZCI6NzIwLCJ1cmwiOiJodHRwczpcL1wvZm9yZC1yYW5nZXItc2Nod2Vpei5jaFwvd3AtY29udGVudFwvdXBsb2Fkc1wvMjAyNVwvMTJcLzIwMjVfQ290ZV9kQXp1cl8xLmpwZyJ9\">\n\t\t\t\t\t\t\t<img fetchpriority=\"high\" decoding=\"async\" width=\"950\" height=\"535\" src=\"https:\/\/ford-ranger-schweiz.ch\/wp-content\/uploads\/2025\/12\/2025_Cote_dAzur_1.jpg\" class=\"attachment-large size-large wp-image-720\" alt=\"\" srcset=\"https:\/\/ford-ranger-schweiz.ch\/wp-content\/uploads\/2025\/12\/2025_Cote_dAzur_1.jpg 1000w, https:\/\/ford-ranger-schweiz.ch\/wp-content\/uploads\/2025\/12\/2025_Cote_dAzur_1-300x169.jpg 300w\" sizes=\"100vw\" \/>\t\t\t\t\t\t\t\t<\/a>\n\t\t\t\t\t\t\t\t\t\t\t\t\t\t\t<\/div>\n\t\t\t\t<\/div>\n\t\t<div class=\"elementor-element elementor-element-cc94c7d e-con-full e-flex e-con e-child\" data-id=\"cc94c7d\" data-element_type=\"container\">\n\t\t\t\t<div class=\"elementor-element elementor-element-fcfba13 elementor-widget elementor-widget-image\" data-id=\"fcfba13\" data-element_type=\"widget\" data-widget_type=\"image.default\">\n\t\t\t\t\t\t\t\t\t\t\t\t\t\t\t\t<a href=\"https:\/\/ford-ranger-schweiz.ch\/wp-content\/uploads\/2025\/12\/2025_Cote_dAzur_2.jpg\" data-elementor-open-lightbox=\"yes\" data-elementor-lightbox-title=\"2025_C\u00f4te_d&#039;Azur_2\" data-e-action-hash=\"#elementor-action%3Aaction%3Dlightbox%26settings%3DeyJpZCI6NzIxLCJ1cmwiOiJodHRwczpcL1wvZm9yZC1yYW5nZXItc2Nod2Vpei5jaFwvd3AtY29udGVudFwvdXBsb2Fkc1wvMjAyNVwvMTJcLzIwMjVfQ290ZV9kQXp1cl8yLmpwZyJ9\">\n\t\t\t\t\t\t\t<img decoding=\"async\" width=\"950\" height=\"535\" src=\"https:\/\/ford-ranger-schweiz.ch\/wp-content\/uploads\/2025\/12\/2025_Cote_dAzur_2.jpg\" class=\"attachment-large size-large wp-image-721\" alt=\"\" srcset=\"https:\/\/ford-ranger-schweiz.ch\/wp-content\/uploads\/2025\/12\/2025_Cote_dAzur_2.jpg 1000w, https:\/\/ford-ranger-schweiz.ch\/wp-content\/uploads\/2025\/12\/2025_Cote_dAzur_2-300x169.jpg 300w\" sizes=\"100vw\" \/>\t\t\t\t\t\t\t\t<\/a>\n\t\t\t\t\t\t\t\t\t\t\t\t\t\t\t<\/div>\n\t\t\t\t<\/div>\n\t\t<div class=\"elementor-element elementor-element-3b1875d e-con-full e-flex e-con e-child\" data-id=\"3b1875d\" data-element_type=\"container\">\n\t\t\t\t<div class=\"elementor-element elementor-element-f516c4e elementor-widget elementor-widget-image\" data-id=\"f516c4e\" data-element_type=\"widget\" data-widget_type=\"image.default\">\n\t\t\t\t\t\t\t\t\t\t\t\t\t\t\t\t<a href=\"https:\/\/ford-ranger-schweiz.ch\/wp-content\/uploads\/2025\/12\/2025_Cote_dAzur_3.jpg\" data-elementor-open-lightbox=\"yes\" data-elementor-lightbox-title=\"2025_C\u00f4te_d&#039;Azur_3\" data-e-action-hash=\"#elementor-action%3Aaction%3Dlightbox%26settings%3DeyJpZCI6NzIyLCJ1cmwiOiJodHRwczpcL1wvZm9yZC1yYW5nZXItc2Nod2Vpei5jaFwvd3AtY29udGVudFwvdXBsb2Fkc1wvMjAyNVwvMTJcLzIwMjVfQ290ZV9kQXp1cl8zLmpwZyJ9\">\n\t\t\t\t\t\t\t<img decoding=\"async\" width=\"950\" height=\"535\" src=\"https:\/\/ford-ranger-schweiz.ch\/wp-content\/uploads\/2025\/12\/2025_Cote_dAzur_3.jpg\" class=\"attachment-large size-large wp-image-722\" alt=\"\" srcset=\"https:\/\/ford-ranger-schweiz.ch\/wp-content\/uploads\/2025\/12\/2025_Cote_dAzur_3.jpg 1000w, https:\/\/ford-ranger-schweiz.ch\/wp-content\/uploads\/2025\/12\/2025_Cote_dAzur_3-300x169.jpg 300w\" sizes=\"100vw\" \/>\t\t\t\t\t\t\t\t<\/a>\n\t\t\t\t\t\t\t\t\t\t\t\t\t\t\t<\/div>\n\t\t\t\t<\/div>\n\t\t<div class=\"elementor-element elementor-element-91d4b28 e-con-full e-flex e-con e-child\" data-id=\"91d4b28\" data-element_type=\"container\">\n\t\t\t\t<div class=\"elementor-element elementor-element-a7b2275 elementor-widget elementor-widget-image\" data-id=\"a7b2275\" data-element_type=\"widget\" data-widget_type=\"image.default\">\n\t\t\t\t\t\t\t\t\t\t\t\t\t\t\t\t<a href=\"https:\/\/ford-ranger-schweiz.ch\/wp-content\/uploads\/2025\/12\/2025_Cote_dAzur_4.jpg\" data-elementor-open-lightbox=\"yes\" data-elementor-lightbox-title=\"2025_C\u00f4te_d&#039;Azur_4\" data-e-action-hash=\"#elementor-action%3Aaction%3Dlightbox%26settings%3DeyJpZCI6NzIzLCJ1cmwiOiJodHRwczpcL1wvZm9yZC1yYW5nZXItc2Nod2Vpei5jaFwvd3AtY29udGVudFwvdXBsb2Fkc1wvMjAyNVwvMTJcLzIwMjVfQ290ZV9kQXp1cl80LmpwZyJ9\">\n\t\t\t\t\t\t\t<img loading=\"lazy\" decoding=\"async\" width=\"950\" height=\"535\" src=\"https:\/\/ford-ranger-schweiz.ch\/wp-content\/uploads\/2025\/12\/2025_Cote_dAzur_4.jpg\" class=\"attachment-large size-large wp-image-723\" alt=\"\" srcset=\"https:\/\/ford-ranger-schweiz.ch\/wp-content\/uploads\/2025\/12\/2025_Cote_dAzur_4.jpg 1000w, https:\/\/ford-ranger-schweiz.ch\/wp-content\/uploads\/2025\/12\/2025_Cote_dAzur_4-300x169.jpg 300w\" sizes=\"100vw\" \/>\t\t\t\t\t\t\t\t<\/a>\n\t\t\t\t\t\t\t\t\t\t\t\t\t\t\t<\/div>\n\t\t\t\t<\/div>\n\t\t\t\t\t<\/div>\n\t\t\t\t<\/div>\n\t\t<div class=\"elementor-element elementor-element-ed56095 e-flex e-con-boxed e-con e-parent\" data-id=\"ed56095\" data-element_type=\"container\">\n\t\t\t\t\t<div class=\"e-con-inner\">\n\t\t\t\t\t<\/div>\n\t\t\t\t<\/div>\n\t\t\t\t<\/div>","protected":false},"excerpt":{"rendered":"<p>Trip nach\u2026 C\u00f4te d\u2019Azur \/ Reisezeit: Ende Juli &#8211; Anfang August 2025 von Ursi Br\u00fcllhardt Dachzelten ist f\u00fcr mich wie Camping auf \u201eMinimalismus-Extrem\u201c \u2013 mit dem Unterschied, dass man statt Zen-Meditation einfach sein ganzes Ger\u00fcmpel zuhause l\u00e4sst. Wenn der Alltag einen mit Terminen zupflastert wie ein \u00fcbermotivierter Sticker-Sammler, dann erdet mich genau dieses einfache Leben &hellip; <\/p>\n<p class=\"link-more\"><a href=\"https:\/\/ford-ranger-schweiz.ch\/fr\/unterwegs\/cote-dazur-reisezeit-ende-juli-anfang-august-2025\/\" class=\"more-link\">Lire la suite de<span class=\"screen-reader-text\">\u00ab\u00a0C\u00f4te d\u2019Azur \/ Reisezeit: Ende Juli \u2013 Anfang August 2025\u00a0\u00bb<\/span><\/a><\/p>","protected":false},"author":1,"featured_media":0,"parent":98,"menu_order":0,"comment_status":"closed","ping_status":"closed","template":"","meta":{"pagelayer_contact_templates":[],"_pagelayer_content":"","inspiro_hide_title":false,"footnotes":""},"class_list":["post-739","page","type-page","status-publish","hentry"],"_links":{"self":[{"href":"https:\/\/ford-ranger-schweiz.ch\/fr\/wp-json\/wp\/v2\/pages\/739","targetHints":{"allow":["GET"]}}],"collection":[{"href":"https:\/\/ford-ranger-schweiz.ch\/fr\/wp-json\/wp\/v2\/pages"}],"about":[{"href":"https:\/\/ford-ranger-schweiz.ch\/fr\/wp-json\/wp\/v2\/types\/page"}],"author":[{"embeddable":true,"href":"https:\/\/ford-ranger-schweiz.ch\/fr\/wp-json\/wp\/v2\/users\/1"}],"replies":[{"embeddable":true,"href":"https:\/\/ford-ranger-schweiz.ch\/fr\/wp-json\/wp\/v2\/comments?post=739"}],"version-history":[{"count":0,"href":"https:\/\/ford-ranger-schweiz.ch\/fr\/wp-json\/wp\/v2\/pages\/739\/revisions"}],"up":[{"embeddable":true,"href":"https:\/\/ford-ranger-schweiz.ch\/fr\/wp-json\/wp\/v2\/pages\/98"}],"wp:attachment":[{"href":"https:\/\/ford-ranger-schweiz.ch\/fr\/wp-json\/wp\/v2\/media?parent=739"}],"curies":[{"name":"wp","href":"https:\/\/api.w.org\/{rel}","templated":true}]}}