{"id":70,"date":"2025-11-25T13:37:07","date_gmt":"2025-11-25T13:37:07","guid":{"rendered":"https:\/\/ford-ranger-schweiz.ch\/?page_id=70"},"modified":"2025-12-10T09:08:34","modified_gmt":"2025-12-10T09:08:34","slug":"willkommen","status":"publish","type":"page","link":"https:\/\/ford-ranger-schweiz.ch\/fr\/","title":{"rendered":"WILLKOMMEN"},"content":{"rendered":"<div data-elementor-type=\"wp-page\" data-elementor-id=\"70\" class=\"elementor elementor-70\">\n\t\t\t\t<div class=\"elementor-element elementor-element-920e979 e-flex e-con-boxed e-con e-parent\" data-id=\"920e979\" data-element_type=\"container\">\n\t\t\t\t\t<div class=\"e-con-inner\">\n\t\t<div class=\"elementor-element elementor-element-2d13af6 e-con-full e-flex e-con e-child\" data-id=\"2d13af6\" data-element_type=\"container\">\n\t\t\t\t<div class=\"elementor-element elementor-element-06cecfe elementor-widget elementor-widget-text-editor\" data-id=\"06cecfe\" data-element_type=\"widget\" data-widget_type=\"text-editor.default\">\n\t\t\t\t\t\t\t\t\t<p class=\"p1\"><b>Willkommen bei Ford Ranger Schweiz \u2013 Ein Truck. Eine Familie. Eine Leidenschaft. <\/b><\/p><p class=\"p1\">\u00abFord Ranger Schweiz\u00bb die f\u00fchrenden Plattform in der Schweiz f\u00fcr alle, die mehr wollen als nur ein Fahrzeug. Der Ford Ranger steht f\u00fcr Kraft, Zuverl\u00e4ssigkeit und Abenteuerlust \u2013 ob als robustes Alltagsfahrzeug oder als perfekt ausger\u00fcsteter Overlander f\u00fcr deine n\u00e4chste Expedition. Hier dreht sich alles um Enthusiasmus, Technik, Community und echte Erfahrungen. Entdecke Inspirationen, Umbauten, Tipps und Events rund um den Ford Ranger \u2013 direkt aus der Schweiz, f\u00fcr alle, die unterwegs zu Hause sind.<\/p><p class=\"p1\">Mach dich bereit \u2013 dein Abenteuer beginnt hier.<\/p>\t\t\t\t\t\t\t\t<\/div>\n\t\t\t\t<\/div>\n\t\t<div class=\"elementor-element elementor-element-b57b264 e-con-full e-flex e-con e-child\" data-id=\"b57b264\" data-element_type=\"container\">\n\t\t\t\t<div class=\"elementor-element elementor-element-4a98b47 elementor-widget elementor-widget-wp-widget-recent-posts\" data-id=\"4a98b47\" data-element_type=\"widget\" data-widget_type=\"wp-widget-recent-posts.default\">\n\t\t\t\t<div class=\"elementor-widget-container\">\n\t\t\t\t\t\n\t\t\n\t\t<h5>FORD RANGER SCHWEIZ &#8211; News<\/h5>\n\t\t<ul>\n\t\t\t\t\t\t\t\t\t\t\t<li>\n\t\t\t\t\t<a href=\"https:\/\/ford-ranger-schweiz.ch\/fr\/graenzelos-gmbh-neue-website-mit-buchungsrabatt\/\">Gr\u00e4nzelos GmbH (Saisonstart)<\/a>\n\t\t\t\t\t\t\t\t\t<\/li>\n\t\t\t\t\t\t\t\t\t\t\t<li>\n\t\t\t\t\t<a href=\"https:\/\/ford-ranger-schweiz.ch\/fr\/happy-7-birthday-ford-ranger-schweiz\/\">Happy 7. Birthday Ford Ranger Schweiz<\/a>\n\t\t\t\t\t\t\t\t\t<\/li>\n\t\t\t\t\t\t\t\t\t\t\t<li>\n\t\t\t\t\t<a href=\"https:\/\/ford-ranger-schweiz.ch\/fr\/ladies-drive\/\">Ladies Drive<\/a>\n\t\t\t\t\t\t\t\t\t<\/li>\n\t\t\t\t\t<\/ul>\n\n\t\t\t\t\t\t<\/div>\n\t\t\t\t<\/div>\n\t\t\t\t<\/div>\n\t\t\t\t\t<\/div>\n\t\t\t\t<\/div>\n\t\t<div class=\"elementor-element elementor-element-e420c6d e-flex e-con-boxed e-con e-parent\" data-id=\"e420c6d\" data-element_type=\"container\">\n\t\t\t\t\t<div class=\"e-con-inner\">\n\t\t\t\t<div class=\"elementor-element elementor-element-a059e84 elementor-widget-divider--view-line elementor-widget elementor-widget-divider\" data-id=\"a059e84\" data-element_type=\"widget\" data-widget_type=\"divider.default\">\n\t\t\t\t\t\t\t<div class=\"elementor-divider\">\n\t\t\t<span class=\"elementor-divider-separator\">\n\t\t\t\t\t\t<\/span>\n\t\t<\/div>\n\t\t\t\t\t\t<\/div>\n\t\t\t\t\t<\/div>\n\t\t\t\t<\/div>\n\t\t<div class=\"elementor-element elementor-element-6f27562 e-flex e-con-boxed e-con e-parent\" data-id=\"6f27562\" data-element_type=\"container\">\n\t\t\t\t\t<div class=\"e-con-inner\">\n\t\t\t\t<div class=\"elementor-element elementor-element-c5704bc elementor-widget elementor-widget-spacer\" data-id=\"c5704bc\" data-element_type=\"widget\" data-widget_type=\"spacer.default\">\n\t\t\t\t\t\t\t<div class=\"elementor-spacer\">\n\t\t\t<div class=\"elementor-spacer-inner\"><\/div>\n\t\t<\/div>\n\t\t\t\t\t\t<\/div>\n\t\t\t\t\t<\/div>\n\t\t\t\t<\/div>\n\t\t\t\t<\/div>","protected":false},"excerpt":{"rendered":"<p>Willkommen bei Ford Ranger Schweiz \u2013 Ein Truck. Eine Familie. Eine Leidenschaft. \u00abFord Ranger Schweiz\u00bb die f\u00fchrenden Plattform in der Schweiz f\u00fcr alle, die mehr wollen als nur ein Fahrzeug. Der Ford Ranger steht f\u00fcr Kraft, Zuverl\u00e4ssigkeit und Abenteuerlust \u2013 ob als robustes Alltagsfahrzeug oder als perfekt ausger\u00fcsteter Overlander f\u00fcr deine n\u00e4chste Expedition. Hier dreht &hellip; <\/p>\n<p class=\"link-more\"><a href=\"https:\/\/ford-ranger-schweiz.ch\/fr\/\" class=\"more-link\">Lire la suite de<span class=\"screen-reader-text\">\u00ab\u00a0WILLKOMMEN\u00a0\u00bb<\/span><\/a><\/p>","protected":false},"author":1,"featured_media":0,"parent":0,"menu_order":0,"comment_status":"closed","ping_status":"closed","template":"","meta":{"pagelayer_contact_templates":[],"_pagelayer_content":"","inspiro_hide_title":false,"footnotes":""},"class_list":["post-70","page","type-page","status-publish","hentry"],"_links":{"self":[{"href":"https:\/\/ford-ranger-schweiz.ch\/fr\/wp-json\/wp\/v2\/pages\/70","targetHints":{"allow":["GET"]}}],"collection":[{"href":"https:\/\/ford-ranger-schweiz.ch\/fr\/wp-json\/wp\/v2\/pages"}],"about":[{"href":"https:\/\/ford-ranger-schweiz.ch\/fr\/wp-json\/wp\/v2\/types\/page"}],"author":[{"embeddable":true,"href":"https:\/\/ford-ranger-schweiz.ch\/fr\/wp-json\/wp\/v2\/users\/1"}],"replies":[{"embeddable":true,"href":"https:\/\/ford-ranger-schweiz.ch\/fr\/wp-json\/wp\/v2\/comments?post=70"}],"version-history":[{"count":0,"href":"https:\/\/ford-ranger-schweiz.ch\/fr\/wp-json\/wp\/v2\/pages\/70\/revisions"}],"wp:attachment":[{"href":"https:\/\/ford-ranger-schweiz.ch\/fr\/wp-json\/wp\/v2\/media?parent=70"}],"curies":[{"name":"wp","href":"https:\/\/api.w.org\/{rel}","templated":true}]}}