{"id":61,"date":"2025-11-25T13:35:46","date_gmt":"2025-11-25T13:35:46","guid":{"rendered":"https:\/\/ford-ranger-schweiz.ch\/?page_id=61"},"modified":"2026-03-17T13:05:10","modified_gmt":"2026-03-17T13:05:10","slug":"portrait","status":"publish","type":"page","link":"https:\/\/ford-ranger-schweiz.ch\/fr\/portrait\/","title":{"rendered":"PORTRAIT"},"content":{"rendered":"<div data-elementor-type=\"wp-page\" data-elementor-id=\"61\" class=\"elementor elementor-61\">\n\t\t\t\t<div class=\"elementor-element elementor-element-7eab806 e-flex e-con-boxed e-con e-parent\" data-id=\"7eab806\" data-element_type=\"container\">\n\t\t\t\t\t<div class=\"e-con-inner\">\n\t\t\t\t<div class=\"elementor-element elementor-element-04323a9 elementor-widget elementor-widget-image\" data-id=\"04323a9\" data-element_type=\"widget\" data-widget_type=\"image.default\">\n\t\t\t\t\t\t\t\t\t\t\t\t\t\t\t<img fetchpriority=\"high\" decoding=\"async\" width=\"300\" height=\"226\" src=\"https:\/\/ford-ranger-schweiz.ch\/wp-content\/uploads\/2025\/11\/logo_frs_ohne_HG-1-300x226.png\" class=\"attachment-medium size-medium wp-image-119\" alt=\"\" srcset=\"https:\/\/ford-ranger-schweiz.ch\/wp-content\/uploads\/2025\/11\/logo_frs_ohne_HG-1-300x226.png 300w, https:\/\/ford-ranger-schweiz.ch\/wp-content\/uploads\/2025\/11\/logo_frs_ohne_HG-1-16x12.png 16w, https:\/\/ford-ranger-schweiz.ch\/wp-content\/uploads\/2025\/11\/logo_frs_ohne_HG-1.png 500w\" sizes=\"100vw\" \/>\t\t\t\t\t\t\t\t\t\t\t\t\t\t\t<\/div>\n\t\t\t\t\t<\/div>\n\t\t\t\t<\/div>\n\t\t<div class=\"elementor-element elementor-element-ec09c2c e-flex e-con-boxed e-con e-parent\" data-id=\"ec09c2c\" data-element_type=\"container\">\n\t\t\t\t\t<div class=\"e-con-inner\">\n\t\t\t\t<div class=\"elementor-element elementor-element-b9603da elementor-widget elementor-widget-text-editor\" data-id=\"b9603da\" data-element_type=\"widget\" data-widget_type=\"text-editor.default\">\n\t\t\t\t\t\t\t\t\t<h2 class=\"p1\"><b>Geschichte<\/b><\/h2><p class=\"p1\"><b>Liebe Community, liebe Partner, liebe Interessierte<\/b><b><\/b><\/p><p>Oft werde ich gefragt, wer eigentlich hinter \u00ab<strong>Ford Ranger Schweiz<\/strong>\u00bb (FRS) steckt. Die Antwort: ich \u2013 Ursi Br\u00fcllhardt. Seit bald sieben Jahren ist FRS meine pers\u00f6nliche \u00abOne-Woman-Show\u00bb (oder wie Ford sagen w\u00fcrde: eine \u00abSolo-Performance\u00bb).<\/p><p>Alles begann mit meiner Leidenschaft f\u00fcr meinen ersten Ford Ranger Wildtrak, den ich mir 2016 als Familienauto zulegte. Gleichzeitig fragte ich mich, ob es in der Schweiz wohl noch mehr Gleichgesinnte gab \u2013 schliesslich war es damals eher untypisch, als Privatperson einen \u00abLieferwagen\u00bb zu fahren. Da es keine passende Gruppe gab, gr\u00fcndete ich sie am 18. Dezember 2018, an einem gem\u00fctlichen Winterabend, einfach selbst.<br \/>Ich wollte die Leute hinter den Profilen kennenlernen \u2013 also organisierte ich kurzerhand ein erstes Treffen bei Kaffee und Gipfeli. Was als kleine Idee begann, wurde ein \u00fcberraschend lustiger und richtig spannender Morgen. Also plante ich den n\u00e4chsten Event, man traf sich wieder, unternahm etwas zusammen\u2026 und so ging es immer weiter.<\/p><p><span style=\"text-align: var(--text-align); font-size: var(--wp--preset--font-size--small);\">Aus diesen Treffen sind echte Freundschaften entstanden \u2013 und der gr\u00f6sste Funfactor f\u00fcr mich war, dass sich jedes Mal ein paar wunderbar Verr\u00fcckte fanden, die an meinen Events genauso viel Spass hatten wie ich.<\/span><\/p><p>Heute ist <strong>Ford Ranger Schweiz<\/strong> auf <em><strong><a href=\"https:\/\/www.facebook.com\/groups\/392271598005214\/?locale=de_DE\" target=\"_blank\" rel=\"noopener\">Facebook<\/a><\/strong><\/em>, <em><strong><a href=\"https:\/\/www.instagram.com\/ford_ranger_schweiz\/?igsh=MW5zbzZreHZ6OTZ4NA%3D%3D\" target=\"_blank\" rel=\"noopener\">Instagram<\/a><\/strong><\/em> und als <em><strong><a href=\"https:\/\/chat.whatsapp.com\/LAo3dr7OUs9BAXU1o9IbUC\" target=\"_blank\" rel=\"noopener\">WhatsApp-Gruppe<\/a><\/strong><\/em> verankert und ein Begriff. Egal ob Mitleser, Aktivmitglied, Freund oder Neuling: Hauptsache, es macht Spass und verbindet uns.<\/p><p>FRS war nie als Verein oder Gesch\u00e4ftsmodell angedacht, sondern funktioniert von Anfang an als Interessensgemeinschaft. Alle Events folgen dem Motto <strong><i>Qualit\u00e4t vor Quantit\u00e4t<\/i><\/strong>: ich mag es lieber klein, fein und pers\u00f6nlich. Was ich organisiere, gebe ich 1:1 weiter \u2013 manchmal mit einem kleinen Extra von mir.<\/p>\t\t\t\t\t\t\t\t<\/div>\n\t\t\t\t\t<\/div>\n\t\t\t\t<\/div>\n\t\t<div class=\"elementor-element elementor-element-9116584 e-flex e-con-boxed e-con e-parent\" data-id=\"9116584\" data-element_type=\"container\">\n\t\t\t\t\t<div class=\"e-con-inner\">\n\t\t\t\t<div class=\"elementor-element elementor-element-4bafc6e elementor-widget elementor-widget-text-editor\" data-id=\"4bafc6e\" data-element_type=\"widget\" data-widget_type=\"text-editor.default\">\n\t\t\t\t\t\t\t\t\t<h2><b>Ziele \u2013 Wo steht Ford Ranger Schweiz und wohin geht die Reise?<\/b><\/h2><p>Seit der Gr\u00fcndung ist <strong>Ford Ranger Schweiz<\/strong> stetig gewachsen \u2013 langsam, und mit ganz viel Herzblut. Die Jahre 2024 und 2025 waren dabei echte Meilensteine: FRS hat eine neue Dimension erreicht und mich, Ursi, zum Umdenken gebracht.<\/p><p>Aus meiner Leidenschaft ist l\u00e4ngst weit mehr geworden als nur ein Hobby. Ich habe den FRS neu strukturiert, beinahe schon unternehmerisch aufgebaut, meine vielen Ideen geordnet und sie auf meinem Visionboard festgehalten. Schritt f\u00fcr Schritt entstehen daraus immer wieder neue Konzepte und spannende Projekte \u2013 stets mit dem Ziel, unsere Community weiterzubringen. Spass und Freude sind f\u00fcr mich der Antrieb und der Spirit zugleich.<\/p><p>Durch wertvolle Partnerschaften und echte Synergien ist <strong>Ford Ranger Schweiz<\/strong> heute ein Begriff. Was einst als <em><strong><a href=\"https:\/\/www.facebook.com\/groups\/392271598005214\/?locale=de_DE\" target=\"_blank\" rel=\"noopener\">Facebook-Gruppe<\/a><\/strong><\/em> begann, kann nun weiter zu einer vielseitigen Plattform mit Herz, Struktur, Qualit\u00e4t und klaren Vision f\u00fcr die Zukunft heranwachsen.<\/p>\t\t\t\t\t\t\t\t<\/div>\n\t\t\t\t\t<\/div>\n\t\t\t\t<\/div>\n\t\t<div class=\"elementor-element elementor-element-1f6f34e e-flex e-con-boxed e-con e-parent\" data-id=\"1f6f34e\" data-element_type=\"container\">\n\t\t\t\t\t<div class=\"e-con-inner\">\n\t\t\t\t<div class=\"elementor-element elementor-element-ffe6ae3 elementor-widget elementor-widget-text-editor\" data-id=\"ffe6ae3\" data-element_type=\"widget\" data-widget_type=\"text-editor.default\">\n\t\t\t\t\t\t\t\t\t<h2><b>Team: final but important<\/b><\/h2><p>Hinter jedem Event stehen immer wieder helfende H\u00e4nde \u2013 spontan, herzlich und unbezahlbar. Danke an alle, die immer wieder mit anpacken und mich so tatkr\u00e4ftig unterst\u00fctzen.<\/p><p>Danke, dass ihr alle Teil von Ford Ranger Schweiz seid \u2013 jeder auf seine Art einzigartig.<\/p><p>Herzlich,<br \/><em><strong>Ursi Br\u00fcllhardt<\/strong><\/em><\/p>\t\t\t\t\t\t\t\t<\/div>\n\t\t\t\t\t<\/div>\n\t\t\t\t<\/div>\n\t\t<div class=\"elementor-element elementor-element-123ee1e e-flex e-con-boxed e-con e-parent\" data-id=\"123ee1e\" data-element_type=\"container\">\n\t\t\t\t\t<div class=\"e-con-inner\">\n\t\t\t\t<div class=\"elementor-element elementor-element-3903981 elementor-widget elementor-widget-spacer\" data-id=\"3903981\" data-element_type=\"widget\" data-widget_type=\"spacer.default\">\n\t\t\t\t\t\t\t<div class=\"elementor-spacer\">\n\t\t\t<div class=\"elementor-spacer-inner\"><\/div>\n\t\t<\/div>\n\t\t\t\t\t\t<\/div>\n\t\t\t\t\t<\/div>\n\t\t\t\t<\/div>\n\t\t<div class=\"elementor-element elementor-element-4f5e3b8 e-grid e-con-boxed e-con e-parent\" data-id=\"4f5e3b8\" data-element_type=\"container\">\n\t\t\t\t\t<div class=\"e-con-inner\">\n\t\t\t\t<div class=\"elementor-element elementor-element-991eac5 elementor-widget elementor-widget-image\" data-id=\"991eac5\" data-element_type=\"widget\" data-widget_type=\"image.default\">\n\t\t\t\t\t\t\t\t\t\t\t\t\t\t\t\t<a href=\"https:\/\/ford-ranger-schweiz.ch\/wp-content\/uploads\/2025\/12\/20240616_143127-scaled.jpg\" data-elementor-open-lightbox=\"yes\" data-elementor-lightbox-title=\"20240616_143127\" data-e-action-hash=\"#elementor-action%3Aaction%3Dlightbox%26settings%3DeyJpZCI6NjY3LCJ1cmwiOiJodHRwczpcL1wvZm9yZC1yYW5nZXItc2Nod2Vpei5jaFwvd3AtY29udGVudFwvdXBsb2Fkc1wvMjAyNVwvMTJcLzIwMjQwNjE2XzE0MzEyNy1zY2FsZWQuanBnIn0%3D\">\n\t\t\t\t\t\t\t<img decoding=\"async\" width=\"950\" height=\"535\" src=\"https:\/\/ford-ranger-schweiz.ch\/wp-content\/uploads\/2025\/12\/20240616_143127-1024x577.jpg\" class=\"attachment-large size-large wp-image-667\" alt=\"\" srcset=\"https:\/\/ford-ranger-schweiz.ch\/wp-content\/uploads\/2025\/12\/20240616_143127-1024x577.jpg 1024w, https:\/\/ford-ranger-schweiz.ch\/wp-content\/uploads\/2025\/12\/20240616_143127-300x169.jpg 300w, https:\/\/ford-ranger-schweiz.ch\/wp-content\/uploads\/2025\/12\/20240616_143127-2000x1126.jpg 2000w, https:\/\/ford-ranger-schweiz.ch\/wp-content\/uploads\/2025\/12\/20240616_143127-scaled-1536x865.jpg 1536w, https:\/\/ford-ranger-schweiz.ch\/wp-content\/uploads\/2025\/12\/20240616_143127-scaled-2048x1153.jpg 2048w\" sizes=\"100vw\" \/>\t\t\t\t\t\t\t\t<\/a>\n\t\t\t\t\t\t\t\t\t\t\t\t\t\t\t<\/div>\n\t\t\t\t<div class=\"elementor-element elementor-element-350cffc elementor-widget elementor-widget-image\" data-id=\"350cffc\" data-element_type=\"widget\" data-widget_type=\"image.default\">\n\t\t\t\t\t\t\t\t\t\t\t\t\t\t\t\t<a href=\"https:\/\/ford-ranger-schweiz.ch\/wp-content\/uploads\/2025\/12\/raptorenmeet-e1765358646400.jpg\" data-elementor-open-lightbox=\"yes\" data-elementor-lightbox-title=\"raptorenmeet\" data-e-action-hash=\"#elementor-action%3Aaction%3Dlightbox%26settings%3DeyJpZCI6NjcyLCJ1cmwiOiJodHRwczpcL1wvZm9yZC1yYW5nZXItc2Nod2Vpei5jaFwvd3AtY29udGVudFwvdXBsb2Fkc1wvMjAyNVwvMTJcL3JhcHRvcmVubWVldC1lMTc2NTM1ODY0NjQwMC5qcGcifQ%3D%3D\">\n\t\t\t\t\t\t\t<img decoding=\"async\" width=\"950\" height=\"534\" src=\"https:\/\/ford-ranger-schweiz.ch\/wp-content\/uploads\/2025\/12\/raptorenmeet-e1765358646400-1024x576.jpg\" class=\"attachment-large size-large wp-image-672\" alt=\"\" srcset=\"https:\/\/ford-ranger-schweiz.ch\/wp-content\/uploads\/2025\/12\/raptorenmeet-e1765358646400-1024x576.jpg 1024w, https:\/\/ford-ranger-schweiz.ch\/wp-content\/uploads\/2025\/12\/raptorenmeet-e1765358646400-300x169.jpg 300w, https:\/\/ford-ranger-schweiz.ch\/wp-content\/uploads\/2025\/12\/raptorenmeet-e1765358646400-1536x864.jpg 1536w, https:\/\/ford-ranger-schweiz.ch\/wp-content\/uploads\/2025\/12\/raptorenmeet-e1765358646400-768x432.jpg 768w, https:\/\/ford-ranger-schweiz.ch\/wp-content\/uploads\/2025\/12\/raptorenmeet-e1765358646400.jpg 1600w\" sizes=\"100vw\" \/>\t\t\t\t\t\t\t\t<\/a>\n\t\t\t\t\t\t\t\t\t\t\t\t\t\t\t<\/div>\n\t\t\t\t<div class=\"elementor-element elementor-element-caf131c elementor-widget elementor-widget-image\" data-id=\"caf131c\" data-element_type=\"widget\" data-widget_type=\"image.default\">\n\t\t\t\t\t\t\t\t\t\t\t\t\t\t\t\t<a href=\"https:\/\/ford-ranger-schweiz.ch\/wp-content\/uploads\/2025\/12\/20210626_135259-scaled.jpg\" data-elementor-open-lightbox=\"yes\" data-elementor-lightbox-title=\"20210626_135259\" data-e-action-hash=\"#elementor-action%3Aaction%3Dlightbox%26settings%3DeyJpZCI6NjY1LCJ1cmwiOiJodHRwczpcL1wvZm9yZC1yYW5nZXItc2Nod2Vpei5jaFwvd3AtY29udGVudFwvdXBsb2Fkc1wvMjAyNVwvMTJcLzIwMjEwNjI2XzEzNTI1OS1zY2FsZWQuanBnIn0%3D\">\n\t\t\t\t\t\t\t<img loading=\"lazy\" decoding=\"async\" width=\"950\" height=\"534\" src=\"https:\/\/ford-ranger-schweiz.ch\/wp-content\/uploads\/2025\/12\/20210626_135259-1024x576.jpg\" class=\"attachment-large size-large wp-image-665\" alt=\"\" srcset=\"https:\/\/ford-ranger-schweiz.ch\/wp-content\/uploads\/2025\/12\/20210626_135259-1024x576.jpg 1024w, https:\/\/ford-ranger-schweiz.ch\/wp-content\/uploads\/2025\/12\/20210626_135259-300x169.jpg 300w, https:\/\/ford-ranger-schweiz.ch\/wp-content\/uploads\/2025\/12\/20210626_135259-2000x1125.jpg 2000w, https:\/\/ford-ranger-schweiz.ch\/wp-content\/uploads\/2025\/12\/20210626_135259-scaled-1536x864.jpg 1536w, https:\/\/ford-ranger-schweiz.ch\/wp-content\/uploads\/2025\/12\/20210626_135259-scaled-2048x1152.jpg 2048w\" sizes=\"100vw\" \/>\t\t\t\t\t\t\t\t<\/a>\n\t\t\t\t\t\t\t\t\t\t\t\t\t\t\t<\/div>\n\t\t\t\t\t<\/div>\n\t\t\t\t<\/div>\n\t\t<div class=\"elementor-element elementor-element-9407038 e-flex e-con-boxed e-con e-parent\" data-id=\"9407038\" data-element_type=\"container\">\n\t\t\t\t\t<div class=\"e-con-inner\">\n\t\t\t\t<div class=\"elementor-element elementor-element-6624dec elementor-widget elementor-widget-spacer\" data-id=\"6624dec\" data-element_type=\"widget\" data-widget_type=\"spacer.default\">\n\t\t\t\t\t\t\t<div class=\"elementor-spacer\">\n\t\t\t<div class=\"elementor-spacer-inner\"><\/div>\n\t\t<\/div>\n\t\t\t\t\t\t<\/div>\n\t\t\t\t\t<\/div>\n\t\t\t\t<\/div>\n\t\t\t\t<\/div>","protected":false},"excerpt":{"rendered":"<p>Geschichte Liebe Community, liebe Partner, liebe Interessierte Oft werde ich gefragt, wer eigentlich hinter \u00abFord Ranger Schweiz\u00bb (FRS) steckt. Die Antwort: ich \u2013 Ursi Br\u00fcllhardt. Seit bald sieben Jahren ist FRS meine pers\u00f6nliche \u00abOne-Woman-Show\u00bb (oder wie Ford sagen w\u00fcrde: eine \u00abSolo-Performance\u00bb). Alles begann mit meiner Leidenschaft f\u00fcr meinen ersten Ford Ranger Wildtrak, den ich mir &hellip; <\/p>\n<p class=\"link-more\"><a href=\"https:\/\/ford-ranger-schweiz.ch\/fr\/portrait\/\" class=\"more-link\">Lire la suite de<span class=\"screen-reader-text\">\u00ab\u00a0PORTRAIT\u00a0\u00bb<\/span><\/a><\/p>","protected":false},"author":1,"featured_media":0,"parent":0,"menu_order":0,"comment_status":"closed","ping_status":"closed","template":"","meta":{"pagelayer_contact_templates":[],"_pagelayer_content":"","inspiro_hide_title":false,"footnotes":""},"class_list":["post-61","page","type-page","status-publish","hentry"],"_links":{"self":[{"href":"https:\/\/ford-ranger-schweiz.ch\/fr\/wp-json\/wp\/v2\/pages\/61","targetHints":{"allow":["GET"]}}],"collection":[{"href":"https:\/\/ford-ranger-schweiz.ch\/fr\/wp-json\/wp\/v2\/pages"}],"about":[{"href":"https:\/\/ford-ranger-schweiz.ch\/fr\/wp-json\/wp\/v2\/types\/page"}],"author":[{"embeddable":true,"href":"https:\/\/ford-ranger-schweiz.ch\/fr\/wp-json\/wp\/v2\/users\/1"}],"replies":[{"embeddable":true,"href":"https:\/\/ford-ranger-schweiz.ch\/fr\/wp-json\/wp\/v2\/comments?post=61"}],"version-history":[{"count":9,"href":"https:\/\/ford-ranger-schweiz.ch\/fr\/wp-json\/wp\/v2\/pages\/61\/revisions"}],"predecessor-version":[{"id":1211,"href":"https:\/\/ford-ranger-schweiz.ch\/fr\/wp-json\/wp\/v2\/pages\/61\/revisions\/1211"}],"wp:attachment":[{"href":"https:\/\/ford-ranger-schweiz.ch\/fr\/wp-json\/wp\/v2\/media?parent=61"}],"curies":[{"name":"wp","href":"https:\/\/api.w.org\/{rel}","templated":true}]}}