{"id":559,"date":"2025-12-09T10:41:09","date_gmt":"2025-12-09T10:41:09","guid":{"rendered":"https:\/\/ford-ranger-schweiz.ch\/?page_id=559"},"modified":"2025-12-11T08:15:32","modified_gmt":"2025-12-11T08:15:32","slug":"2026-ford-ranger-schweiz-pickup-treffen-bayern","status":"publish","type":"page","link":"https:\/\/ford-ranger-schweiz.ch\/fr\/events\/2026-ford-ranger-schweiz-pickup-treffen-bayern\/","title":{"rendered":"2026 Ford Ranger Schweiz: Pickup Treffen Bayern"},"content":{"rendered":"\t\t<div data-elementor-type=\"wp-page\" data-elementor-id=\"559\" class=\"elementor elementor-559\">\n\t\t\t\t<div class=\"elementor-element elementor-element-c18fdbe e-flex e-con-boxed e-con e-parent\" data-id=\"c18fdbe\" data-element_type=\"container\">\n\t\t\t\t\t<div class=\"e-con-inner\">\n\t\t\t\t<div class=\"elementor-element elementor-element-992248d elementor-widget elementor-widget-google_maps\" data-id=\"992248d\" data-element_type=\"widget\" data-widget_type=\"google_maps.default\">\n\t\t\t\t\t\t\t<div class=\"elementor-custom-embed\">\n\t\t\t<iframe loading=\"lazy\"\n\t\t\t\t\tsrc=\"https:\/\/maps.google.com\/maps?q=offroadpark%20bayern&#038;t=m&#038;z=13&#038;output=embed&#038;iwloc=near\"\n\t\t\t\t\ttitle=\"offroadpark bayern\"\n\t\t\t\t\taria-label=\"offroadpark bayern\"\n\t\t\t><\/iframe>\n\t\t<\/div>\n\t\t\t\t\t\t<\/div>\n\t\t\t\t\t<\/div>\n\t\t\t\t<\/div>\n\t\t<div class=\"elementor-element elementor-element-f91b3ec e-flex e-con-boxed e-con e-parent\" data-id=\"f91b3ec\" data-element_type=\"container\">\n\t\t\t\t\t<div class=\"e-con-inner\">\n\t\t\t\t<div class=\"elementor-element elementor-element-7992962 elementor-widget elementor-widget-text-editor\" data-id=\"7992962\" data-element_type=\"widget\" data-widget_type=\"text-editor.default\">\n\t\t\t\t\t\t\t\t\t<h2>Freitag, 25. September &#8211; Sonntag, 27. September 2026<\/h2><p>Der Offroadpark Bayern\/Gro\u00dfmehring bietet auf rund f\u00fcnf Hektar ein atemberaubendes Outdoorerlebnis. In enger Zusammenarbeit mit dem Umweltschutz wird die Anlage gepflegt und alle geforderten Auflagen werden umgesetzt. Die Fahrspuren sind eingebettet zwischen Gr\u00e4ser, Str\u00e4ucher und B\u00e4umen. So ergibt sich die gr\u00fcne Atmosph\u00e4re, die man beim Offroadabenteuer in der Natur sucht. Mit steilen Auffahrten, Verschr\u00e4nkungspassagen, Buckel- und H\u00fcgellandschaft, Schr\u00e4gfahrten, Wasserl\u00f6chern und schlammigen Gr\u00e4ben bietet der Park alle Schwierigkeitsgrade.<\/p><p>Alle Informationen unter <a href=\"https:\/\/www.offroadpark-bayern.de\/\" target=\"_blank\" rel=\"noopener\"><em><strong>https:\/\/www.offroadpark-bayern.de\/<\/strong><\/em><\/a><\/p>\t\t\t\t\t\t\t\t<\/div>\n\t\t\t\t\t<\/div>\n\t\t\t\t<\/div>\n\t\t<div class=\"elementor-element elementor-element-bc6ea9a e-flex e-con-boxed e-con e-parent\" data-id=\"bc6ea9a\" data-element_type=\"container\">\n\t\t\t\t\t<div class=\"e-con-inner\">\n\t\t\t\t<div class=\"elementor-element elementor-element-1dc8ede elementor-widget elementor-widget-text-editor\" data-id=\"1dc8ede\" data-element_type=\"widget\" data-widget_type=\"text-editor.default\">\n\t\t\t\t\t\t\t\t\t<ul><li>Ort: Offroadpark Bayern (DE)<\/li><li>Pickup-Mega-Wochenende f\u00fcr EUR 70.&#8211;,<\/li><li>Freies Fahren im Offroadpark (fahren ist kein Muss!)<\/li><li>&#8230;und wie oft ihr \u00fcbernachtet \u2013 ihr zahlt maximal diese EUR 70.&#8211;.<\/li><li>Dadurch spart ihr bis zu EUR 65.&#8211; zu den Einzelpreisen:<ul><li>Tagesticket EUR 30.\u2014<\/li><li>Halbtagesticket EUR 20.\u2014<\/li><li>(Preisangaben pro Fahrzeug, unabh\u00e4ngig von der Personenzahl)<\/li><\/ul><\/li><\/ul><p>Ganz in der N\u00e4he gibt es einen Badesee und auch ein Freibad. Toilette vorhanden (Dixie-Klo), kein Stromanschluss, Selbstversorger (bitte Betrag bar mitbringen, jeder Teilnehmer bezahlt direkt vor Ort)<\/p>\t\t\t\t\t\t\t\t<\/div>\n\t\t\t\t\t<\/div>\n\t\t\t\t<\/div>\n\t\t<div class=\"elementor-element elementor-element-6a26036 e-flex e-con-boxed e-con e-parent\" data-id=\"6a26036\" data-element_type=\"container\">\n\t\t\t\t\t<div class=\"e-con-inner\">\n\t\t\t\t<div class=\"elementor-element elementor-element-81662b5 elementor-alert-info elementor-widget elementor-widget-alert\" data-id=\"81662b5\" data-element_type=\"widget\" data-widget_type=\"alert.default\">\n\t\t\t\t\t\t\t<div class=\"elementor-alert\" role=\"alert\">\n\n\t\t\t\t\t\t<span class=\"elementor-alert-title\">Anfahrt<\/span>\n\t\t\t\n\t\t\t\t\t\t<span class=\"elementor-alert-description\">BAB A9-Ausfahrt Lenting &gt;&gt;&gt;Kreisverkehr K\u00f6sching &gt;&gt;&gt; Interpark &gt;&gt;&gt; Kreisverkehr InTerPark S\u00fcd-Ost &gt;&gt;&gt; Gro\u00dfmehring  K\u00f6schinger Stra\u00dfe \/ Zieglerweg &gt;&gt;&gt; Offroadpark Bayern<\/span>\n\t\t\t\n\t\t\t\n\t\t<\/div>\n\t\t\t\t\t\t<\/div>\n\t\t\t\t\t<\/div>\n\t\t\t\t<\/div>\n\t\t<div class=\"elementor-element elementor-element-021ce7e e-flex e-con-boxed e-con e-parent\" data-id=\"021ce7e\" data-element_type=\"container\">\n\t\t\t\t\t<div class=\"e-con-inner\">\n\t\t\t\t<div class=\"elementor-element elementor-element-3b61c34 elementor-widget-divider--view-line elementor-widget elementor-widget-divider\" data-id=\"3b61c34\" data-element_type=\"widget\" data-widget_type=\"divider.default\">\n\t\t\t\t\t\t\t<div class=\"elementor-divider\">\n\t\t\t<span class=\"elementor-divider-separator\">\n\t\t\t\t\t\t<\/span>\n\t\t<\/div>\n\t\t\t\t\t\t<\/div>\n\t\t\t\t\t<\/div>\n\t\t\t\t<\/div>\n\t\t<div class=\"elementor-element elementor-element-c686c42 e-flex e-con-boxed e-con e-parent\" data-id=\"c686c42\" data-element_type=\"container\">\n\t\t\t\t\t<div class=\"e-con-inner\">\n\t\t\t\t<div class=\"elementor-element elementor-element-4ae5fc3 elementor-widget elementor-widget-everest-forms\" data-id=\"4ae5fc3\" data-element_type=\"widget\" data-widget_type=\"everest-forms.default\">\n\t\t\t\t<div class=\"elementor-widget-container\">\n\t\t\t\t\t\t\t\t<div class=\"everest-forms\"><div class=\"evf-container default\" id=\"evf-558\"><form id=\"evf-form-558\" class=\"everest-form\" data-formid=\"558\" data-ajax_submission=\"0\" data-keyboard_friendly_form=\"0\" data-form_state_type=\"\" method=\"post\" enctype=\"multipart\/form-data\" action=\"\/fr\/wp-json\/wp\/v2\/pages\/559\"><div class=\"evf-field-container\"><input type=\"hidden\" id=\"_wpnonce558\" name=\"_wpnonce558\" value=\"e804d513a7\" \/><input type=\"hidden\" name=\"_wp_http_referer\" value=\"\/fr\/wp-json\/wp\/v2\/pages\/559\" \/><div class=\"evf-frontend-row\" data-row=\"row_1\" conditional_rules=\"[]\"><div class=\"evf-frontend-grid evf-grid-2\" data-grid=\"grid_1\"><div id=\"evf-558-field_jeDEstdM0z-1-container\" class=\"evf-field evf-field-first-name form-row validate-required\" data-required-field-message=\"This field is required.\" data-field-id=\"jeDEstdM0z-1\"><label class=\"evf-field-label\" for=\"evf-558-field_jeDEstdM0z-1\"><span class=\"evf-label\">Vorname<\/span> <abbr class=\"required\" title=\"N\u00e9cessaire\">*<\/abbr><\/label><input type=\"text\" id=\"evf-558-field_jeDEstdM0z-1\" class=\"input-text\" name=\"everest_forms[form_fields][jeDEstdM0z-1]\" required><\/div><\/div><div class=\"evf-frontend-grid evf-grid-2\" data-grid=\"grid_2\"><div id=\"evf-558-field_qaLB5HFx2s-2-container\" class=\"evf-field evf-field-last-name form-row validate-required\" data-required-field-message=\"This field is required.\" data-field-id=\"qaLB5HFx2s-2\"><label class=\"evf-field-label\" for=\"evf-558-field_qaLB5HFx2s-2\"><span class=\"evf-label\">Nachname<\/span> <abbr class=\"required\" title=\"N\u00e9cessaire\">*<\/abbr><\/label><input type=\"text\" id=\"evf-558-field_qaLB5HFx2s-2\" class=\"input-text\" name=\"everest_forms[form_fields][qaLB5HFx2s-2]\" required><\/div><\/div><\/div><div class=\"evf-frontend-row\" data-row=\"row_2\" conditional_rules=\"[]\"><div class=\"evf-frontend-grid evf-grid-2\" data-grid=\"grid_1\"><div id=\"evf-558-field_UgIO8H9IWW-4-container\" class=\"evf-field evf-field-date-time form-row validate-required\" data-required-field-message=\"This field is required.\" data-field-id=\"UgIO8H9IWW-4\"><label class=\"evf-field-label\" for=\"evf-558-field_UgIO8H9IWW-4\"><span class=\"evf-label\">Anreise<\/span> <abbr class=\"required\" title=\"N\u00e9cessaire\">*<\/abbr><\/label><input type=\"text\" id=\"evf-558-field_UgIO8H9IWW-4\" class=\"flatpickr-field input-text\" name=\"everest_forms[form_fields][UgIO8H9IWW-4]\" data-time-interval=\"15\" data-date-time=\"date\" data-mode=\"single\" data-locale=\"en\" data-date-format=\"Y-m-d\" required ><\/div><\/div><div class=\"evf-frontend-grid evf-grid-2\" data-grid=\"grid_2\"><div id=\"evf-558-field_8lV5rUMFRG-6-container\" class=\"evf-field evf-field-date-time form-row\" data-field-id=\"8lV5rUMFRG-6\"><label class=\"evf-field-label\" for=\"evf-558-field_8lV5rUMFRG-6\"><span class=\"evf-label\">Abreise<\/span> <\/label><input type=\"text\" id=\"evf-558-field_8lV5rUMFRG-6\" class=\"flatpickr-field input-text\" name=\"everest_forms[form_fields][8lV5rUMFRG-6]\" data-time-interval=\"15\" data-date-time=\"date\" data-mode=\"single\" data-locale=\"en\" data-date-format=\"Y-m-d\"  ><\/div><\/div><\/div><div class=\"evf-frontend-row\" data-row=\"row_3\" conditional_rules=\"[]\"><div class=\"evf-frontend-grid evf-grid-2\" data-grid=\"grid_1\"><div id=\"evf-558-field_QAHlULfD1v-7-container\" class=\"evf-field evf-field-radio form-row validate-required\" data-required-field-message=\"This field is required.\" data-field-id=\"QAHlULfD1v-7\"><label class=\"evf-field-label\" for=\"evf-558-field_QAHlULfD1v-7\"><span class=\"evf-label\">Meine Angaben sind korrekt<\/span> <abbr class=\"required\" title=\"N\u00e9cessaire\">*<\/abbr><\/label><ul id=\"evf-558-field_QAHlULfD1v-7\" class=\" evf-field-required\"><li class=\"choice-1 depth-1\"><input type=\"radio\" id=\"evf-558-field_QAHlULfD1v-7_1\" class=\"input-text\" name=\"everest_forms[form_fields][QAHlULfD1v-7]\" value=\"JA\" required ><label class=\"everest-forms-field-label-inline\" for=\"evf-558-field_QAHlULfD1v-7_1\">JA<\/label><\/li><\/ul><\/div><\/div><div class=\"evf-frontend-grid evf-grid-2\" data-grid=\"grid_2\"><\/div><\/div><\/div><div class=\"evf-honeypot-container evf-field-hp\"><label for=\"evf-558-field-hp\" class=\"evf-field-label\">Comment<\/label><input type=\"text\" name=\"everest_forms[hp]\" id=\"evf-558-field-hp\" class=\"input-text\"><\/div><div class=\"evf-submit-container \" ><input type=\"hidden\" name=\"everest_forms[id]\" value=\"558\"><input type=\"hidden\" name=\"everest_forms[author]\" value=\"1\"><button type='submit' name='everest_forms[submit]' class='everest-forms-submit-button button evf-submit ' id='evf-submit-558' value='evf-submit' data-process-text=\"Processing\u2026\" conditional_rules='&quot;&quot;' conditional_id='evf-submit-558'  id=\"evf-submit-558\" aria-live=\"assertive\">\u2026anmelden<\/button><\/div><\/form><\/div><!-- .evf-container --><\/div>\t\t\t\t\t\t<\/div>\n\t\t\t\t<\/div>\n\t\t\t\t\t<\/div>\n\t\t\t\t<\/div>\n\t\t\t\t<\/div>\n\t\t","protected":false},"excerpt":{"rendered":"<p>Freitag, 25. September &#8211; Sonntag, 27. September 2026 Der Offroadpark Bayern\/Gro\u00dfmehring bietet auf rund f\u00fcnf Hektar ein atemberaubendes Outdoorerlebnis. In enger Zusammenarbeit mit dem Umweltschutz wird die Anlage gepflegt und alle geforderten Auflagen werden umgesetzt. Die Fahrspuren sind eingebettet zwischen Gr\u00e4ser, Str\u00e4ucher und B\u00e4umen. So ergibt sich die gr\u00fcne Atmosph\u00e4re, die man beim Offroadabenteuer in &hellip; <\/p>\n<p class=\"link-more\"><a href=\"https:\/\/ford-ranger-schweiz.ch\/fr\/events\/2026-ford-ranger-schweiz-pickup-treffen-bayern\/\" class=\"more-link\">Lire la suite de<span class=\"screen-reader-text\">\u00ab\u00a02026 Ford Ranger Schweiz: Pickup Treffen Bayern\u00a0\u00bb<\/span><\/a><\/p>","protected":false},"author":1,"featured_media":0,"parent":90,"menu_order":0,"comment_status":"closed","ping_status":"closed","template":"","meta":{"pagelayer_contact_templates":[],"_pagelayer_content":"","inspiro_hide_title":false,"footnotes":""},"class_list":["post-559","page","type-page","status-publish","hentry"],"_links":{"self":[{"href":"https:\/\/ford-ranger-schweiz.ch\/fr\/wp-json\/wp\/v2\/pages\/559","targetHints":{"allow":["GET"]}}],"collection":[{"href":"https:\/\/ford-ranger-schweiz.ch\/fr\/wp-json\/wp\/v2\/pages"}],"about":[{"href":"https:\/\/ford-ranger-schweiz.ch\/fr\/wp-json\/wp\/v2\/types\/page"}],"author":[{"embeddable":true,"href":"https:\/\/ford-ranger-schweiz.ch\/fr\/wp-json\/wp\/v2\/users\/1"}],"replies":[{"embeddable":true,"href":"https:\/\/ford-ranger-schweiz.ch\/fr\/wp-json\/wp\/v2\/comments?post=559"}],"version-history":[{"count":0,"href":"https:\/\/ford-ranger-schweiz.ch\/fr\/wp-json\/wp\/v2\/pages\/559\/revisions"}],"up":[{"embeddable":true,"href":"https:\/\/ford-ranger-schweiz.ch\/fr\/wp-json\/wp\/v2\/pages\/90"}],"wp:attachment":[{"href":"https:\/\/ford-ranger-schweiz.ch\/fr\/wp-json\/wp\/v2\/media?parent=559"}],"curies":[{"name":"wp","href":"https:\/\/api.w.org\/{rel}","templated":true}]}}