{"id":498,"date":"2025-12-09T09:08:14","date_gmt":"2025-12-09T09:08:14","guid":{"rendered":"https:\/\/ford-ranger-schweiz.ch\/?page_id=498"},"modified":"2025-12-18T07:49:35","modified_gmt":"2025-12-18T07:49:35","slug":"2026-ford-ranger-schweiz-friends-offroad-fahrtraining","status":"publish","type":"page","link":"https:\/\/ford-ranger-schweiz.ch\/fr\/events\/2026-ford-ranger-schweiz-friends-offroad-fahrtraining\/","title":{"rendered":"2026 Ford Ranger Schweiz: Offroad Fahrtraining"},"content":{"rendered":"\t\t<div data-elementor-type=\"wp-page\" data-elementor-id=\"498\" class=\"elementor elementor-498\">\n\t\t\t\t<div class=\"elementor-element elementor-element-5b1ff12 e-flex e-con-boxed e-con e-parent\" data-id=\"5b1ff12\" data-element_type=\"container\">\n\t\t\t\t\t<div class=\"e-con-inner\">\n\t\t\t\t<div class=\"elementor-element elementor-element-17a7f10 elementor-widget elementor-widget-google_maps\" data-id=\"17a7f10\" data-element_type=\"widget\" data-widget_type=\"google_maps.default\">\n\t\t\t\t\t\t\t<div class=\"elementor-custom-embed\">\n\t\t\t<iframe loading=\"lazy\"\n\t\t\t\t\tsrc=\"https:\/\/maps.google.com\/maps?q=Offroadpark%2C%20Geisingen%20%28DE%29&#038;t=m&#038;z=12&#038;output=embed&#038;iwloc=near\"\n\t\t\t\t\ttitle=\"Offroadpark, Geisingen (DE)\"\n\t\t\t\t\taria-label=\"Offroadpark, Geisingen (DE)\"\n\t\t\t><\/iframe>\n\t\t<\/div>\n\t\t\t\t\t\t<\/div>\n\t\t\t\t\t<\/div>\n\t\t\t\t<\/div>\n\t\t<div class=\"elementor-element elementor-element-db604dd e-flex e-con-boxed e-con e-parent\" data-id=\"db604dd\" data-element_type=\"container\">\n\t\t\t\t\t<div class=\"e-con-inner\">\n\t\t\t\t<div class=\"elementor-element elementor-element-8796c61 elementor-widget elementor-widget-text-editor\" data-id=\"8796c61\" data-element_type=\"widget\" data-widget_type=\"text-editor.default\">\n\t\t\t\t\t\t\t\t\t<h2>Samstag 12. September 2026 bis Sonntag 13. September 2026<\/h2><p>Unser Offroadpark bietet die Streckennutzung f\u00fcr Enduro-Motorr\u00e4der, Quads, SUV und Offroader. Zudem ist ein gro\u00dfz\u00fcgiger Warm-Up Bereich eingerichtet, in dem praktische Grundlagen vermittelt werden k\u00f6nnen und auf unterschiedlichen Sektionen ge\u00fcbt werden kann. Ein Empfangsgeb\u00e4ude mit angrenzender Terrasse l\u00e4dt zum Verweilen ein und bietet mit einem Seminarraum die Gelegenheit, Briefings und Schulungen durchzuf\u00fchren. Dar\u00fcber hinaus gibt es Umkleidem\u00f6glichkeiten und moderne sanit\u00e4re Anlagen.<\/p><p>Alle Informationen unter\u00a0<em><strong><a style=\"text-align: var(--text-align); font-size: var(--wp--preset--font-size--small);\" href=\"https:\/\/ultraterrain.de\/\" target=\"_blank\" rel=\"noopener\">https:\/\/ultraterrain.de\/<\/a><\/strong><\/em><\/p>\t\t\t\t\t\t\t\t<\/div>\n\t\t\t\t\t<\/div>\n\t\t\t\t<\/div>\n\t\t<div class=\"elementor-element elementor-element-650fc7e e-flex e-con-boxed e-con e-parent\" data-id=\"650fc7e\" data-element_type=\"container\">\n\t\t\t\t\t<div class=\"e-con-inner\">\n\t\t\t\t<div class=\"elementor-element elementor-element-9f6ab76 elementor-widget elementor-widget-text-editor\" data-id=\"9f6ab76\" data-element_type=\"widget\" data-widget_type=\"text-editor.default\">\n\t\t\t\t\t\t\t\t\t<p><strong>Partner: <em><a href=\"https:\/\/graenzelos.swiss\/\" target=\"_blank\" rel=\"noopener\">Gr\u00e4nzelos GmbH<\/a><\/em><\/strong><\/p><ul><li>Preis <b>NUR<\/b> Offroadfahrtraining: pro Fahrer und Fahrzeug: CHF 250.&#8211;<\/li><li>Preis pro Beifahrer: CHF 50.&#8211;<\/li><li>Das Offroad-Training findet am Samstag statt. Wer m\u00f6chte kann bis Sonntag campen.<\/li><li>Geb\u00fchr f\u00fcr campen (Sa. auf So.) ist direkt vor Ort zu bezahlen.<\/li><\/ul>\t\t\t\t\t\t\t\t<\/div>\n\t\t\t\t\t<\/div>\n\t\t\t\t<\/div>\n\t\t<div class=\"elementor-element elementor-element-d82bcbb e-flex e-con-boxed e-con e-parent\" data-id=\"d82bcbb\" data-element_type=\"container\">\n\t\t\t\t\t<div class=\"e-con-inner\">\n\t\t\t\t<div class=\"elementor-element elementor-element-0a69075 elementor-widget-divider--view-line elementor-widget elementor-widget-divider\" data-id=\"0a69075\" data-element_type=\"widget\" data-widget_type=\"divider.default\">\n\t\t\t\t\t\t\t<div class=\"elementor-divider\">\n\t\t\t<span class=\"elementor-divider-separator\">\n\t\t\t\t\t\t<\/span>\n\t\t<\/div>\n\t\t\t\t\t\t<\/div>\n\t\t\t\t\t<\/div>\n\t\t\t\t<\/div>\n\t\t<div class=\"elementor-element elementor-element-7b645a7 e-flex e-con-boxed e-con e-parent\" data-id=\"7b645a7\" data-element_type=\"container\">\n\t\t\t\t\t<div class=\"e-con-inner\">\n\t\t\t\t<div class=\"elementor-element elementor-element-82dbeea elementor-widget elementor-widget-text-editor\" data-id=\"82dbeea\" data-element_type=\"widget\" data-widget_type=\"text-editor.default\">\n\t\t\t\t\t\t\t\t\t<h2>Wichtig \/ Mitnehmen<\/h2>\t\t\t\t\t\t\t\t<\/div>\n\t\t\t\t<div class=\"elementor-element elementor-element-d2f3481 elementor-icon-list--layout-traditional elementor-list-item-link-full_width elementor-widget elementor-widget-icon-list\" data-id=\"d2f3481\" data-element_type=\"widget\" data-widget_type=\"icon-list.default\">\n\t\t\t\t\t\t\t<ul class=\"elementor-icon-list-items\">\n\t\t\t\t\t\t\t<li class=\"elementor-icon-list-item\">\n\t\t\t\t\t\t\t\t\t\t\t<span class=\"elementor-icon-list-icon\">\n\t\t\t\t\t\t\t<svg aria-hidden=\"true\" class=\"e-font-icon-svg e-fas-truck-pickup\" viewBox=\"0 0 640 512\" xmlns=\"http:\/\/www.w3.org\/2000\/svg\"><path d=\"M624 288h-16v-64c0-17.67-14.33-32-32-32h-48L419.22 56.02A64.025 64.025 0 0 0 369.24 32H256c-17.67 0-32 14.33-32 32v128H64c-17.67 0-32 14.33-32 32v64H16c-8.84 0-16 7.16-16 16v32c0 8.84 7.16 16 16 16h49.61c-.76 5.27-1.61 10.52-1.61 16 0 61.86 50.14 112 112 112s112-50.14 112-112c0-5.48-.85-10.73-1.61-16h67.23c-.76 5.27-1.61 10.52-1.61 16 0 61.86 50.14 112 112 112s112-50.14 112-112c0-5.48-.85-10.73-1.61-16H624c8.84 0 16-7.16 16-16v-32c0-8.84-7.16-16-16-16zM288 96h81.24l76.8 96H288V96zM176 416c-26.47 0-48-21.53-48-48s21.53-48 48-48 48 21.53 48 48-21.53 48-48 48zm288 0c-26.47 0-48-21.53-48-48s21.53-48 48-48 48 21.53 48 48-21.53 48-48 48z\"><\/path><\/svg>\t\t\t\t\t\t<\/span>\n\t\t\t\t\t\t\t\t\t\t<span class=\"elementor-icon-list-text\">Fahrzeugausweis<\/span>\n\t\t\t\t\t\t\t\t\t<\/li>\n\t\t\t\t\t\t\t\t<li class=\"elementor-icon-list-item\">\n\t\t\t\t\t\t\t\t\t\t\t<span class=\"elementor-icon-list-icon\">\n\t\t\t\t\t\t\t<svg aria-hidden=\"true\" class=\"e-font-icon-svg e-fas-truck-pickup\" viewBox=\"0 0 640 512\" xmlns=\"http:\/\/www.w3.org\/2000\/svg\"><path d=\"M624 288h-16v-64c0-17.67-14.33-32-32-32h-48L419.22 56.02A64.025 64.025 0 0 0 369.24 32H256c-17.67 0-32 14.33-32 32v128H64c-17.67 0-32 14.33-32 32v64H16c-8.84 0-16 7.16-16 16v32c0 8.84 7.16 16 16 16h49.61c-.76 5.27-1.61 10.52-1.61 16 0 61.86 50.14 112 112 112s112-50.14 112-112c0-5.48-.85-10.73-1.61-16h67.23c-.76 5.27-1.61 10.52-1.61 16 0 61.86 50.14 112 112 112s112-50.14 112-112c0-5.48-.85-10.73-1.61-16H624c8.84 0 16-7.16 16-16v-32c0-8.84-7.16-16-16-16zM288 96h81.24l76.8 96H288V96zM176 416c-26.47 0-48-21.53-48-48s21.53-48 48-48 48 21.53 48 48-21.53 48-48 48zm288 0c-26.47 0-48-21.53-48-48s21.53-48 48-48 48 21.53 48 48-21.53 48-48 48z\"><\/path><\/svg>\t\t\t\t\t\t<\/span>\n\t\t\t\t\t\t\t\t\t\t<span class=\"elementor-icon-list-text\">pro Fahrer &amp; pro Beifahrer je ein ausgef\u00fclltes Formular (Haftungsausschluss)<\/span>\n\t\t\t\t\t\t\t\t\t<\/li>\n\t\t\t\t\t\t\t\t<li class=\"elementor-icon-list-item\">\n\t\t\t\t\t\t\t\t\t\t\t<span class=\"elementor-icon-list-icon\">\n\t\t\t\t\t\t\t<svg aria-hidden=\"true\" class=\"e-font-icon-svg e-fas-truck-pickup\" viewBox=\"0 0 640 512\" xmlns=\"http:\/\/www.w3.org\/2000\/svg\"><path d=\"M624 288h-16v-64c0-17.67-14.33-32-32-32h-48L419.22 56.02A64.025 64.025 0 0 0 369.24 32H256c-17.67 0-32 14.33-32 32v128H64c-17.67 0-32 14.33-32 32v64H16c-8.84 0-16 7.16-16 16v32c0 8.84 7.16 16 16 16h49.61c-.76 5.27-1.61 10.52-1.61 16 0 61.86 50.14 112 112 112s112-50.14 112-112c0-5.48-.85-10.73-1.61-16h67.23c-.76 5.27-1.61 10.52-1.61 16 0 61.86 50.14 112 112 112s112-50.14 112-112c0-5.48-.85-10.73-1.61-16H624c8.84 0 16-7.16 16-16v-32c0-8.84-7.16-16-16-16zM288 96h81.24l76.8 96H288V96zM176 416c-26.47 0-48-21.53-48-48s21.53-48 48-48 48 21.53 48 48-21.53 48-48 48zm288 0c-26.47 0-48-21.53-48-48s21.53-48 48-48 48 21.53 48 48-21.53 48-48 48z\"><\/path><\/svg>\t\t\t\t\t\t<\/span>\n\t\t\t\t\t\t\t\t\t\t<span class=\"elementor-icon-list-text\">1 Euro M\u00fcnzen f\u00fcrs Absp\u00fclen\/Waschen nach dem Training (Pflicht!)<\/span>\n\t\t\t\t\t\t\t\t\t<\/li>\n\t\t\t\t\t\t\t\t<li class=\"elementor-icon-list-item\">\n\t\t\t\t\t\t\t\t\t\t\t<span class=\"elementor-icon-list-icon\">\n\t\t\t\t\t\t\t<svg aria-hidden=\"true\" class=\"e-font-icon-svg e-fas-truck-pickup\" viewBox=\"0 0 640 512\" xmlns=\"http:\/\/www.w3.org\/2000\/svg\"><path d=\"M624 288h-16v-64c0-17.67-14.33-32-32-32h-48L419.22 56.02A64.025 64.025 0 0 0 369.24 32H256c-17.67 0-32 14.33-32 32v128H64c-17.67 0-32 14.33-32 32v64H16c-8.84 0-16 7.16-16 16v32c0 8.84 7.16 16 16 16h49.61c-.76 5.27-1.61 10.52-1.61 16 0 61.86 50.14 112 112 112s112-50.14 112-112c0-5.48-.85-10.73-1.61-16h67.23c-.76 5.27-1.61 10.52-1.61 16 0 61.86 50.14 112 112 112s112-50.14 112-112c0-5.48-.85-10.73-1.61-16H624c8.84 0 16-7.16 16-16v-32c0-8.84-7.16-16-16-16zM288 96h81.24l76.8 96H288V96zM176 416c-26.47 0-48-21.53-48-48s21.53-48 48-48 48 21.53 48 48-21.53 48-48 48zm288 0c-26.47 0-48-21.53-48-48s21.53-48 48-48 48 21.53 48 48-21.53 48-48 48z\"><\/path><\/svg>\t\t\t\t\t\t<\/span>\n\t\t\t\t\t\t\t\t\t\t<span class=\"elementor-icon-list-text\">max. 14 Fahrzeuge (2 Gruppen, 2 Instruktoren)<\/span>\n\t\t\t\t\t\t\t\t\t<\/li>\n\t\t\t\t\t\t<\/ul>\n\t\t\t\t\t\t<\/div>\n\t\t\t\t\t<\/div>\n\t\t\t\t<\/div>\n\t\t<div class=\"elementor-element elementor-element-e719991 e-flex e-con-boxed e-con e-parent\" data-id=\"e719991\" data-element_type=\"container\">\n\t\t\t\t\t<div class=\"e-con-inner\">\n\t\t\t\t\t<\/div>\n\t\t\t\t<\/div>\n\t\t<div class=\"elementor-element elementor-element-13e8a77 e-flex e-con-boxed e-con e-parent\" data-id=\"13e8a77\" data-element_type=\"container\">\n\t\t\t\t\t<div class=\"e-con-inner\">\n\t\t\t\t<div class=\"elementor-element elementor-element-ec46171 elementor-alert-info elementor-widget elementor-widget-alert\" data-id=\"ec46171\" data-element_type=\"widget\" data-widget_type=\"alert.default\">\n\t\t\t\t\t\t\t<div class=\"elementor-alert\" role=\"alert\">\n\n\t\t\t\t\t\t<span class=\"elementor-alert-title\">Anfahrt<\/span>\n\t\t\t\n\t\t\t\t\t\t<span class=\"elementor-alert-description\">Ultraterrain \/ Meichle + Mohr Offroadpark Geisingen \/ Steinbruch Geisingen \/ D-78187 Geisingen<\/span>\n\t\t\t\n\t\t\t\n\t\t<\/div>\n\t\t\t\t\t\t<\/div>\n\t\t\t\t\t<\/div>\n\t\t\t\t<\/div>\n\t\t<div class=\"elementor-element elementor-element-271b74b e-flex e-con-boxed e-con e-parent\" data-id=\"271b74b\" data-element_type=\"container\">\n\t\t\t\t\t<div class=\"e-con-inner\">\n\t\t\t\t<div class=\"elementor-element elementor-element-e855a18 elementor-widget-divider--view-line elementor-widget elementor-widget-divider\" data-id=\"e855a18\" data-element_type=\"widget\" data-widget_type=\"divider.default\">\n\t\t\t\t\t\t\t<div class=\"elementor-divider\">\n\t\t\t<span class=\"elementor-divider-separator\">\n\t\t\t\t\t\t<\/span>\n\t\t<\/div>\n\t\t\t\t\t\t<\/div>\n\t\t\t\t\t<\/div>\n\t\t\t\t<\/div>\n\t\t<div class=\"elementor-element elementor-element-ba17a97 e-flex e-con-boxed e-con e-parent\" data-id=\"ba17a97\" data-element_type=\"container\">\n\t\t\t\t\t<div class=\"e-con-inner\">\n\t\t\t\t<div class=\"elementor-element elementor-element-3641380 elementor-widget elementor-widget-text-editor\" data-id=\"3641380\" data-element_type=\"widget\" data-widget_type=\"text-editor.default\">\n\t\t\t\t\t\t\t\t\t<p><strong>Melde Dich f\u00fcr die Teilnahme am Anlass \u00fcber das folgende Formular bei FRS an:<\/strong><\/p>\t\t\t\t\t\t\t\t<\/div>\n\t\t\t\t<div class=\"elementor-element elementor-element-cae321f elementor-widget elementor-widget-everest-forms\" data-id=\"cae321f\" data-element_type=\"widget\" data-widget_type=\"everest-forms.default\">\n\t\t\t\t<div class=\"elementor-widget-container\">\n\t\t\t\t\t\t\t\t<div class=\"everest-forms\"><div class=\"evf-container default\" id=\"evf-513\"><form id=\"evf-form-513\" class=\"everest-form\" data-formid=\"513\" data-ajax_submission=\"0\" data-keyboard_friendly_form=\"0\" data-form_state_type=\"\" method=\"post\" enctype=\"multipart\/form-data\" action=\"\/fr\/wp-json\/wp\/v2\/pages\/498\"><div class=\"evf-field-container\"><input type=\"hidden\" id=\"_wpnonce513\" name=\"_wpnonce513\" value=\"e804d513a7\" \/><input type=\"hidden\" name=\"_wp_http_referer\" value=\"\/fr\/wp-json\/wp\/v2\/pages\/498\" \/><div class=\"evf-frontend-row\" data-row=\"row_1\" conditional_rules=\"[]\"><div class=\"evf-frontend-grid evf-grid-2\" data-grid=\"grid_1\"><div id=\"evf-513-field_aiASiZIPYN-1-container\" class=\"evf-field evf-field-first-name form-row validate-required\" data-required-field-message=\"This field is required.\" data-field-id=\"aiASiZIPYN-1\"><label class=\"evf-field-label\" for=\"evf-513-field_aiASiZIPYN-1\"><span class=\"evf-label\">Vorname (Fahrer)<\/span> <abbr class=\"required\" title=\"N\u00e9cessaire\">*<\/abbr><\/label><input type=\"text\" id=\"evf-513-field_aiASiZIPYN-1\" class=\"input-text\" name=\"everest_forms[form_fields][aiASiZIPYN-1]\" required><\/div><\/div><div class=\"evf-frontend-grid evf-grid-2\" data-grid=\"grid_2\"><div id=\"evf-513-field_axLXWbhDkw-2-container\" class=\"evf-field evf-field-last-name form-row validate-required\" data-required-field-message=\"This field is required.\" data-field-id=\"axLXWbhDkw-2\"><label class=\"evf-field-label\" for=\"evf-513-field_axLXWbhDkw-2\"><span class=\"evf-label\">Nachname (Fahrer)<\/span> <abbr class=\"required\" title=\"N\u00e9cessaire\">*<\/abbr><\/label><input type=\"text\" id=\"evf-513-field_axLXWbhDkw-2\" class=\"input-text\" name=\"everest_forms[form_fields][axLXWbhDkw-2]\" required><\/div><\/div><\/div><div class=\"evf-frontend-row\" data-row=\"row_2\" conditional_rules=\"[]\"><div class=\"evf-frontend-grid evf-grid-2\" data-grid=\"grid_1\"><div id=\"evf-513-field_fxDVnDMBCW-3-container\" class=\"evf-field evf-field-first-name form-row\" data-field-id=\"fxDVnDMBCW-3\"><label class=\"evf-field-label\" for=\"evf-513-field_fxDVnDMBCW-3\"><span class=\"evf-label\">Vorname (Beifahrer)<\/span> <\/label><input type=\"text\" id=\"evf-513-field_fxDVnDMBCW-3\" class=\"input-text\" name=\"everest_forms[form_fields][fxDVnDMBCW-3]\" ><\/div><\/div><div class=\"evf-frontend-grid evf-grid-2\" data-grid=\"grid_2\"><div id=\"evf-513-field_IKGXnBNLTN-4-container\" class=\"evf-field evf-field-last-name form-row\" data-field-id=\"IKGXnBNLTN-4\"><label class=\"evf-field-label\" for=\"evf-513-field_IKGXnBNLTN-4\"><span class=\"evf-label\">Nachname (Beifahrer)<\/span> <\/label><input type=\"text\" id=\"evf-513-field_IKGXnBNLTN-4\" class=\"input-text\" name=\"everest_forms[form_fields][IKGXnBNLTN-4]\" ><\/div><\/div><\/div><div class=\"evf-frontend-row\" data-row=\"row_3\" conditional_rules=\"[]\"><div class=\"evf-frontend-grid evf-grid-2\" data-grid=\"grid_1\"><div id=\"evf-513-field_eCO7JnxOjQ-5-container\" class=\"evf-field evf-field-text form-row validate-required\" data-required-field-message=\"This field is required.\" data-field-id=\"eCO7JnxOjQ-5\"><label class=\"evf-field-label\" for=\"evf-513-field_eCO7JnxOjQ-5\"><span class=\"evf-label\">Fahrzeug \/ Modell<\/span> <abbr class=\"required\" title=\"N\u00e9cessaire\">*<\/abbr><\/label><input type=\"text\" id=\"evf-513-field_eCO7JnxOjQ-5\" class=\"input-text\" name=\"everest_forms[form_fields][eCO7JnxOjQ-5]\" required><\/div><\/div><div class=\"evf-frontend-grid evf-grid-2\" data-grid=\"grid_2\"><div id=\"evf-513-field_Ct4v0H8h9x-6-container\" class=\"evf-field evf-field-radio form-row everest-forms-list-inline validate-required\" data-required-field-message=\"This field is required.\" data-field-id=\"Ct4v0H8h9x-6\"><label class=\"evf-field-label\" for=\"evf-513-field_Ct4v0H8h9x-6\"><span class=\"evf-label\">Mit \u00dcbernachtung (Campen)<\/span> <abbr class=\"required\" title=\"N\u00e9cessaire\">*<\/abbr><\/label><ul id=\"evf-513-field_Ct4v0H8h9x-6\" class=\" evf-field-required\"><li class=\"choice-1 depth-1\"><input type=\"radio\" id=\"evf-513-field_Ct4v0H8h9x-6_1\" class=\"input-text\" name=\"everest_forms[form_fields][Ct4v0H8h9x-6]\" value=\"JA\" required ><label class=\"everest-forms-field-label-inline\" for=\"evf-513-field_Ct4v0H8h9x-6_1\">JA<\/label><\/li><li class=\"choice-2 depth-1\"><input type=\"radio\" id=\"evf-513-field_Ct4v0H8h9x-6_2\" class=\"input-text\" name=\"everest_forms[form_fields][Ct4v0H8h9x-6]\" value=\"NEIN\" required ><label class=\"everest-forms-field-label-inline\" for=\"evf-513-field_Ct4v0H8h9x-6_2\">NEIN<\/label><\/li><\/ul><\/div><\/div><\/div><div class=\"evf-frontend-row\" data-row=\"row_4\" conditional_rules=\"[]\"><div class=\"evf-frontend-grid evf-grid-1\" data-grid=\"grid_1\"><div id=\"evf-513-field_FaiBxSofTH-7-container\" class=\"evf-field evf-field-textarea form-row\" data-field-id=\"FaiBxSofTH-7\"><label class=\"evf-field-label\" for=\"evf-513-field_FaiBxSofTH-7\"><span class=\"evf-label\">Bemerkungen<\/span> <\/label><textarea id=\"evf-513-field_FaiBxSofTH-7\" class=\"input-text\" name=\"everest_forms[form_fields][FaiBxSofTH-7]\"  ><\/textarea><\/div><\/div><\/div><\/div><div class=\"evf-honeypot-container evf-field-hp\"><label for=\"evf-513-field-hp\" class=\"evf-field-label\">Website<\/label><input type=\"text\" name=\"everest_forms[hp]\" id=\"evf-513-field-hp\" class=\"input-text\"><\/div><div class=\"evf-submit-container \" ><input type=\"hidden\" name=\"everest_forms[id]\" value=\"513\"><input type=\"hidden\" name=\"everest_forms[author]\" value=\"1\"><button type='submit' name='everest_forms[submit]' class='everest-forms-submit-button button evf-submit ' id='evf-submit-513' value='evf-submit' data-process-text=\"Processing\u2026\" conditional_rules='&quot;&quot;' conditional_id='evf-submit-513'  id=\"evf-submit-513\" aria-live=\"assertive\">\u2026anmelden<\/button><\/div><\/form><\/div><!-- .evf-container --><\/div>\t\t\t\t\t\t<\/div>\n\t\t\t\t<\/div>\n\t\t\t\t\t<\/div>\n\t\t\t\t<\/div>\n\t\t\t\t<\/div>\n\t\t","protected":false},"excerpt":{"rendered":"<p>Samstag 12. September 2026 bis Sonntag 13. September 2026 Unser Offroadpark bietet die Streckennutzung f\u00fcr Enduro-Motorr\u00e4der, Quads, SUV und Offroader. Zudem ist ein gro\u00dfz\u00fcgiger Warm-Up Bereich eingerichtet, in dem praktische Grundlagen vermittelt werden k\u00f6nnen und auf unterschiedlichen Sektionen ge\u00fcbt werden kann. Ein Empfangsgeb\u00e4ude mit angrenzender Terrasse l\u00e4dt zum Verweilen ein und bietet mit einem Seminarraum &hellip; <\/p>\n<p class=\"link-more\"><a href=\"https:\/\/ford-ranger-schweiz.ch\/fr\/events\/2026-ford-ranger-schweiz-friends-offroad-fahrtraining\/\" class=\"more-link\">Lire la suite de<span class=\"screen-reader-text\">\u00ab\u00a02026 Ford Ranger Schweiz: Offroad Fahrtraining\u00a0\u00bb<\/span><\/a><\/p>","protected":false},"author":1,"featured_media":0,"parent":90,"menu_order":0,"comment_status":"closed","ping_status":"closed","template":"","meta":{"pagelayer_contact_templates":[],"_pagelayer_content":"","inspiro_hide_title":false,"footnotes":""},"class_list":["post-498","page","type-page","status-publish","hentry"],"_links":{"self":[{"href":"https:\/\/ford-ranger-schweiz.ch\/fr\/wp-json\/wp\/v2\/pages\/498","targetHints":{"allow":["GET"]}}],"collection":[{"href":"https:\/\/ford-ranger-schweiz.ch\/fr\/wp-json\/wp\/v2\/pages"}],"about":[{"href":"https:\/\/ford-ranger-schweiz.ch\/fr\/wp-json\/wp\/v2\/types\/page"}],"author":[{"embeddable":true,"href":"https:\/\/ford-ranger-schweiz.ch\/fr\/wp-json\/wp\/v2\/users\/1"}],"replies":[{"embeddable":true,"href":"https:\/\/ford-ranger-schweiz.ch\/fr\/wp-json\/wp\/v2\/comments?post=498"}],"version-history":[{"count":3,"href":"https:\/\/ford-ranger-schweiz.ch\/fr\/wp-json\/wp\/v2\/pages\/498\/revisions"}],"predecessor-version":[{"id":1161,"href":"https:\/\/ford-ranger-schweiz.ch\/fr\/wp-json\/wp\/v2\/pages\/498\/revisions\/1161"}],"up":[{"embeddable":true,"href":"https:\/\/ford-ranger-schweiz.ch\/fr\/wp-json\/wp\/v2\/pages\/90"}],"wp:attachment":[{"href":"https:\/\/ford-ranger-schweiz.ch\/fr\/wp-json\/wp\/v2\/media?parent=498"}],"curies":[{"name":"wp","href":"https:\/\/api.w.org\/{rel}","templated":true}]}}