{"id":1117,"date":"2025-12-18T07:07:49","date_gmt":"2025-12-18T07:07:49","guid":{"rendered":"https:\/\/ford-ranger-schweiz.ch\/?page_id=1117"},"modified":"2025-12-18T07:32:24","modified_gmt":"2025-12-18T07:32:24","slug":"pritschen-anhaenger","status":"publish","type":"page","link":"https:\/\/ford-ranger-schweiz.ch\/fr\/technik\/pritschen-anhaenger\/","title":{"rendered":"Pritschen-Anh\u00e4nger"},"content":{"rendered":"<div data-elementor-type=\"wp-page\" data-elementor-id=\"1117\" class=\"elementor elementor-1117\">\n\t\t\t\t<div class=\"elementor-element elementor-element-a513476 e-flex e-con-boxed e-con e-parent\" data-id=\"a513476\" data-element_type=\"container\">\n\t\t\t\t\t<div class=\"e-con-inner\">\n\t\t\t\t<div class=\"elementor-element elementor-element-30aca22 elementor-widget elementor-widget-text-editor\" data-id=\"30aca22\" data-element_type=\"widget\" data-widget_type=\"text-editor.default\">\n\t\t\t\t\t\t\t\t\t<h2><strong>Pritschen-Anh\u00e4nger<\/strong><\/h2><p>von Enrico Kofmehl<\/p>\t\t\t\t\t\t\t\t<\/div>\n\t\t\t\t\t<\/div>\n\t\t\t\t<\/div>\n\t\t<div class=\"elementor-element elementor-element-df3e8e2 e-flex e-con-boxed e-con e-parent\" data-id=\"df3e8e2\" data-element_type=\"container\">\n\t\t\t\t\t<div class=\"e-con-inner\">\n\t\t\t\t<div class=\"elementor-element elementor-element-5ccb582 elementor-widget elementor-widget-text-editor\" data-id=\"5ccb582\" data-element_type=\"widget\" data-widget_type=\"text-editor.default\">\n\t\t\t\t\t\t\t\t\t<p><strong>Von der Idee zum Projekt<br \/><\/strong>Ein Pickup mit grosser Ladefl\u00e4che, viel Stauraum, Dachzelt montiert, die sieben Sachen gepackt \u2013 und los geht\u2019s.<br \/>Am Ziel angekommen wird alles aufgebaut, eingerichtet und erst einmal entspannt.<\/p><p>Bleibt man jedoch mehrere Tage an einem Ort, m\u00f6chte man zwischendurch auch etwas unternehmen. Daf\u00fcr braucht man das Fahrzeug \u2013 und schon heisst es wieder: Dachzelt einklappen, abbauen, einpacken \u2026 genau da kam mir die Idee!<\/p><p><strong>Warum nicht einen Anh\u00e4nger bauen?<\/strong> <br \/>Aber nat\u00fcrlich keinen 08\/15-Anh\u00e4nger. Wie w\u00e4re es mit einem Ranger Offroad Homebase Anh\u00e4nger? Gesagt, getan: Eine passende Pritsche war schnell gefunden und damit war das Projekt geboren. Auch der geeignete Humbauer-Anh\u00e4nger als Basis konnte \u201erelativ schnell\u201c organisiert werden.<\/p><p>Die originalen Heckleuchten, die vorderen Positionsleuchten sowie die Nummernschildbeleuchtung wurden \u00fcber einen 13-poligen Stecker angeschlossen \u2013 und das Projekt nahm weiter Form an. Mit Unterst\u00fctzung der Firma Luma Achsen in Erlinsbach wurde alles final umgesetzt: Auflastung auf 1,3 Tonnen, eine neue Achse f\u00fcr die originalen 18-Zoll-Ranger-R\u00e4der sowie die erfolgreiche Abnahme durch die Solothurner MFK.<\/p><p>Anschliessend wurde das Dachzelt auf einen selbst konstruierten Halteb\u00fcgel montiert, inklusive Ladefl\u00e4chenauszug.<br \/>Weitere Arbeiten wie Stromanschluss, Markise und optische Details folgen noch.<\/p>\t\t\t\t\t\t\t\t<\/div>\n\t\t\t\t\t<\/div>\n\t\t\t\t<\/div>\n\t\t<div class=\"elementor-element elementor-element-26020b1 e-grid e-con-boxed e-con e-parent\" data-id=\"26020b1\" data-element_type=\"container\">\n\t\t\t\t\t<div class=\"e-con-inner\">\n\t\t\t\t<div class=\"elementor-element elementor-element-f4c79e3 elementor-widget elementor-widget-image\" data-id=\"f4c79e3\" data-element_type=\"widget\" data-widget_type=\"image.default\">\n\t\t\t\t\t\t\t\t\t\t\t\t\t\t\t\t<a href=\"https:\/\/ford-ranger-schweiz.ch\/wp-content\/uploads\/2025\/12\/WhatsApp-Image-2025-12-03-at-23.04.20.jpeg\" data-elementor-open-lightbox=\"yes\" data-elementor-lightbox-title=\"WhatsApp Image 2025-12-03 at 23.04.20\" data-e-action-hash=\"#elementor-action%3Aaction%3Dlightbox%26settings%3DeyJpZCI6MTEyNiwidXJsIjoiaHR0cHM6XC9cL2ZvcmQtcmFuZ2VyLXNjaHdlaXouY2hcL3dwLWNvbnRlbnRcL3VwbG9hZHNcLzIwMjVcLzEyXC9XaGF0c0FwcC1JbWFnZS0yMDI1LTEyLTAzLWF0LTIzLjA0LjIwLmpwZWcifQ%3D%3D\">\n\t\t\t\t\t\t\t<img fetchpriority=\"high\" decoding=\"async\" width=\"950\" height=\"534\" src=\"https:\/\/ford-ranger-schweiz.ch\/wp-content\/uploads\/2025\/12\/WhatsApp-Image-2025-12-03-at-23.04.20-1024x576.jpeg\" class=\"attachment-large size-large wp-image-1126\" alt=\"\" srcset=\"https:\/\/ford-ranger-schweiz.ch\/wp-content\/uploads\/2025\/12\/WhatsApp-Image-2025-12-03-at-23.04.20-1024x576.jpeg 1024w, https:\/\/ford-ranger-schweiz.ch\/wp-content\/uploads\/2025\/12\/WhatsApp-Image-2025-12-03-at-23.04.20-300x169.jpeg 300w, https:\/\/ford-ranger-schweiz.ch\/wp-content\/uploads\/2025\/12\/WhatsApp-Image-2025-12-03-at-23.04.20-2000x1125.jpeg 2000w, https:\/\/ford-ranger-schweiz.ch\/wp-content\/uploads\/2025\/12\/WhatsApp-Image-2025-12-03-at-23.04.20-1536x864.jpeg 1536w, https:\/\/ford-ranger-schweiz.ch\/wp-content\/uploads\/2025\/12\/WhatsApp-Image-2025-12-03-at-23.04.20.jpeg 2016w\" sizes=\"100vw\" \/>\t\t\t\t\t\t\t\t<\/a>\n\t\t\t\t\t\t\t\t\t\t\t\t\t\t\t<\/div>\n\t\t\t\t<div class=\"elementor-element elementor-element-daa4a9c elementor-widget elementor-widget-image\" data-id=\"daa4a9c\" data-element_type=\"widget\" data-widget_type=\"image.default\">\n\t\t\t\t\t\t\t\t\t\t\t\t\t\t\t\t<a href=\"https:\/\/ford-ranger-schweiz.ch\/wp-content\/uploads\/2025\/12\/WhatsApp-Image-2025-12-02-at-23.04.20.jpeg\" data-elementor-open-lightbox=\"yes\" data-elementor-lightbox-title=\"WhatsApp Image 2025-12-02 at 23.04.20\" data-e-action-hash=\"#elementor-action%3Aaction%3Dlightbox%26settings%3DeyJpZCI6MTEyNSwidXJsIjoiaHR0cHM6XC9cL2ZvcmQtcmFuZ2VyLXNjaHdlaXouY2hcL3dwLWNvbnRlbnRcL3VwbG9hZHNcLzIwMjVcLzEyXC9XaGF0c0FwcC1JbWFnZS0yMDI1LTEyLTAyLWF0LTIzLjA0LjIwLmpwZWcifQ%3D%3D\">\n\t\t\t\t\t\t\t<img decoding=\"async\" width=\"950\" height=\"534\" src=\"https:\/\/ford-ranger-schweiz.ch\/wp-content\/uploads\/2025\/12\/WhatsApp-Image-2025-12-02-at-23.04.20-1024x576.jpeg\" class=\"attachment-large size-large wp-image-1125\" alt=\"\" srcset=\"https:\/\/ford-ranger-schweiz.ch\/wp-content\/uploads\/2025\/12\/WhatsApp-Image-2025-12-02-at-23.04.20-1024x576.jpeg 1024w, https:\/\/ford-ranger-schweiz.ch\/wp-content\/uploads\/2025\/12\/WhatsApp-Image-2025-12-02-at-23.04.20-300x169.jpeg 300w, https:\/\/ford-ranger-schweiz.ch\/wp-content\/uploads\/2025\/12\/WhatsApp-Image-2025-12-02-at-23.04.20-2000x1125.jpeg 2000w, https:\/\/ford-ranger-schweiz.ch\/wp-content\/uploads\/2025\/12\/WhatsApp-Image-2025-12-02-at-23.04.20-1536x864.jpeg 1536w, https:\/\/ford-ranger-schweiz.ch\/wp-content\/uploads\/2025\/12\/WhatsApp-Image-2025-12-02-at-23.04.20.jpeg 2016w\" sizes=\"100vw\" \/>\t\t\t\t\t\t\t\t<\/a>\n\t\t\t\t\t\t\t\t\t\t\t\t\t\t\t<\/div>\n\t\t\t\t<div class=\"elementor-element elementor-element-00e6406 elementor-widget elementor-widget-image\" data-id=\"00e6406\" data-element_type=\"widget\" data-widget_type=\"image.default\">\n\t\t\t\t\t\t\t\t\t\t\t\t\t\t\t\t<a href=\"https:\/\/ford-ranger-schweiz.ch\/wp-content\/uploads\/2025\/12\/WhatsApp-Image-2025-12-04-at-23.04.20.jpeg\" data-elementor-open-lightbox=\"yes\" data-elementor-lightbox-title=\"WhatsApp Image 2025-12-04 at 23.04.20\" data-e-action-hash=\"#elementor-action%3Aaction%3Dlightbox%26settings%3DeyJpZCI6MTEyNywidXJsIjoiaHR0cHM6XC9cL2ZvcmQtcmFuZ2VyLXNjaHdlaXouY2hcL3dwLWNvbnRlbnRcL3VwbG9hZHNcLzIwMjVcLzEyXC9XaGF0c0FwcC1JbWFnZS0yMDI1LTEyLTA0LWF0LTIzLjA0LjIwLmpwZWcifQ%3D%3D\">\n\t\t\t\t\t\t\t<img decoding=\"async\" width=\"950\" height=\"534\" src=\"https:\/\/ford-ranger-schweiz.ch\/wp-content\/uploads\/2025\/12\/WhatsApp-Image-2025-12-04-at-23.04.20-1024x576.jpeg\" class=\"attachment-large size-large wp-image-1127\" alt=\"\" srcset=\"https:\/\/ford-ranger-schweiz.ch\/wp-content\/uploads\/2025\/12\/WhatsApp-Image-2025-12-04-at-23.04.20-1024x576.jpeg 1024w, https:\/\/ford-ranger-schweiz.ch\/wp-content\/uploads\/2025\/12\/WhatsApp-Image-2025-12-04-at-23.04.20-300x169.jpeg 300w, https:\/\/ford-ranger-schweiz.ch\/wp-content\/uploads\/2025\/12\/WhatsApp-Image-2025-12-04-at-23.04.20-2000x1125.jpeg 2000w, https:\/\/ford-ranger-schweiz.ch\/wp-content\/uploads\/2025\/12\/WhatsApp-Image-2025-12-04-at-23.04.20-1536x864.jpeg 1536w, https:\/\/ford-ranger-schweiz.ch\/wp-content\/uploads\/2025\/12\/WhatsApp-Image-2025-12-04-at-23.04.20.jpeg 2016w\" sizes=\"100vw\" \/>\t\t\t\t\t\t\t\t<\/a>\n\t\t\t\t\t\t\t\t\t\t\t\t\t\t\t<\/div>\n\t\t\t\t\t<\/div>\n\t\t\t\t<\/div>\n\t\t<div class=\"elementor-element elementor-element-2813b2b e-grid e-con-boxed e-con e-parent\" data-id=\"2813b2b\" data-element_type=\"container\">\n\t\t\t\t\t<div class=\"e-con-inner\">\n\t\t\t\t<div class=\"elementor-element elementor-element-79daf04 elementor-widget elementor-widget-image\" data-id=\"79daf04\" data-element_type=\"widget\" data-widget_type=\"image.default\">\n\t\t\t\t\t\t\t\t\t\t\t\t\t\t\t<img loading=\"lazy\" decoding=\"async\" width=\"950\" height=\"534\" src=\"https:\/\/ford-ranger-schweiz.ch\/wp-content\/uploads\/2025\/12\/WhatsApp-Image-2025-12-01-at-23.04.20-1024x576.jpeg\" class=\"attachment-large size-large wp-image-1124\" alt=\"\" srcset=\"https:\/\/ford-ranger-schweiz.ch\/wp-content\/uploads\/2025\/12\/WhatsApp-Image-2025-12-01-at-23.04.20-1024x576.jpeg 1024w, https:\/\/ford-ranger-schweiz.ch\/wp-content\/uploads\/2025\/12\/WhatsApp-Image-2025-12-01-at-23.04.20-300x169.jpeg 300w, https:\/\/ford-ranger-schweiz.ch\/wp-content\/uploads\/2025\/12\/WhatsApp-Image-2025-12-01-at-23.04.20-2000x1125.jpeg 2000w, https:\/\/ford-ranger-schweiz.ch\/wp-content\/uploads\/2025\/12\/WhatsApp-Image-2025-12-01-at-23.04.20-1536x864.jpeg 1536w, https:\/\/ford-ranger-schweiz.ch\/wp-content\/uploads\/2025\/12\/WhatsApp-Image-2025-12-01-at-23.04.20.jpeg 2016w\" sizes=\"100vw\" \/>\t\t\t\t\t\t\t\t\t\t\t\t\t\t\t<\/div>\n\t\t\t\t<div class=\"elementor-element elementor-element-1f1784c elementor-widget elementor-widget-image\" data-id=\"1f1784c\" data-element_type=\"widget\" data-widget_type=\"image.default\">\n\t\t\t\t\t\t\t\t\t\t\t\t\t\t\t\t<a href=\"https:\/\/ford-ranger-schweiz.ch\/wp-content\/uploads\/2025\/12\/WhatsApp-Image-2025-12-06-at-23.04.21.jpeg\" data-elementor-open-lightbox=\"yes\" data-elementor-lightbox-title=\"WhatsApp Image 2025-12-06 at 23.04.21\" data-e-action-hash=\"#elementor-action%3Aaction%3Dlightbox%26settings%3DeyJpZCI6MTEyOSwidXJsIjoiaHR0cHM6XC9cL2ZvcmQtcmFuZ2VyLXNjaHdlaXouY2hcL3dwLWNvbnRlbnRcL3VwbG9hZHNcLzIwMjVcLzEyXC9XaGF0c0FwcC1JbWFnZS0yMDI1LTEyLTA2LWF0LTIzLjA0LjIxLmpwZWcifQ%3D%3D\">\n\t\t\t\t\t\t\t<img loading=\"lazy\" decoding=\"async\" width=\"950\" height=\"534\" src=\"https:\/\/ford-ranger-schweiz.ch\/wp-content\/uploads\/2025\/12\/WhatsApp-Image-2025-12-06-at-23.04.21-1024x576.jpeg\" class=\"attachment-large size-large wp-image-1129\" alt=\"\" srcset=\"https:\/\/ford-ranger-schweiz.ch\/wp-content\/uploads\/2025\/12\/WhatsApp-Image-2025-12-06-at-23.04.21-1024x576.jpeg 1024w, https:\/\/ford-ranger-schweiz.ch\/wp-content\/uploads\/2025\/12\/WhatsApp-Image-2025-12-06-at-23.04.21-300x169.jpeg 300w, https:\/\/ford-ranger-schweiz.ch\/wp-content\/uploads\/2025\/12\/WhatsApp-Image-2025-12-06-at-23.04.21-2000x1125.jpeg 2000w, https:\/\/ford-ranger-schweiz.ch\/wp-content\/uploads\/2025\/12\/WhatsApp-Image-2025-12-06-at-23.04.21-1536x864.jpeg 1536w, https:\/\/ford-ranger-schweiz.ch\/wp-content\/uploads\/2025\/12\/WhatsApp-Image-2025-12-06-at-23.04.21.jpeg 2016w\" sizes=\"100vw\" \/>\t\t\t\t\t\t\t\t<\/a>\n\t\t\t\t\t\t\t\t\t\t\t\t\t\t\t<\/div>\n\t\t\t\t<div class=\"elementor-element elementor-element-b2ad26e elementor-widget elementor-widget-image\" data-id=\"b2ad26e\" data-element_type=\"widget\" data-widget_type=\"image.default\">\n\t\t\t\t\t\t\t\t\t\t\t\t\t\t\t\t<a href=\"https:\/\/ford-ranger-schweiz.ch\/wp-content\/uploads\/2025\/12\/WhatsApp-Image-2025-12-05-at-23.04.21.jpeg\" data-elementor-open-lightbox=\"yes\" data-elementor-lightbox-title=\"WhatsApp Image 2025-12-05 at 23.04.21\" data-e-action-hash=\"#elementor-action%3Aaction%3Dlightbox%26settings%3DeyJpZCI6MTEyOCwidXJsIjoiaHR0cHM6XC9cL2ZvcmQtcmFuZ2VyLXNjaHdlaXouY2hcL3dwLWNvbnRlbnRcL3VwbG9hZHNcLzIwMjVcLzEyXC9XaGF0c0FwcC1JbWFnZS0yMDI1LTEyLTA1LWF0LTIzLjA0LjIxLmpwZWcifQ%3D%3D\">\n\t\t\t\t\t\t\t<img loading=\"lazy\" decoding=\"async\" width=\"950\" height=\"534\" src=\"https:\/\/ford-ranger-schweiz.ch\/wp-content\/uploads\/2025\/12\/WhatsApp-Image-2025-12-05-at-23.04.21-1024x576.jpeg\" class=\"attachment-large size-large wp-image-1128\" alt=\"\" srcset=\"https:\/\/ford-ranger-schweiz.ch\/wp-content\/uploads\/2025\/12\/WhatsApp-Image-2025-12-05-at-23.04.21-1024x576.jpeg 1024w, https:\/\/ford-ranger-schweiz.ch\/wp-content\/uploads\/2025\/12\/WhatsApp-Image-2025-12-05-at-23.04.21-300x169.jpeg 300w, https:\/\/ford-ranger-schweiz.ch\/wp-content\/uploads\/2025\/12\/WhatsApp-Image-2025-12-05-at-23.04.21-2000x1125.jpeg 2000w, https:\/\/ford-ranger-schweiz.ch\/wp-content\/uploads\/2025\/12\/WhatsApp-Image-2025-12-05-at-23.04.21-1536x864.jpeg 1536w, https:\/\/ford-ranger-schweiz.ch\/wp-content\/uploads\/2025\/12\/WhatsApp-Image-2025-12-05-at-23.04.21.jpeg 2016w\" sizes=\"100vw\" \/>\t\t\t\t\t\t\t\t<\/a>\n\t\t\t\t\t\t\t\t\t\t\t\t\t\t\t<\/div>\n\t\t\t\t\t<\/div>\n\t\t\t\t<\/div>\n\t\t<div class=\"elementor-element elementor-element-d2490a8 e-grid e-con-boxed e-con e-parent\" data-id=\"d2490a8\" data-element_type=\"container\">\n\t\t\t\t\t<div class=\"e-con-inner\">\n\t\t\t\t<div class=\"elementor-element elementor-element-d1d96ff elementor-widget elementor-widget-image\" data-id=\"d1d96ff\" data-element_type=\"widget\" data-widget_type=\"image.default\">\n\t\t\t\t\t\t\t\t\t\t\t\t\t\t\t\t<a href=\"https:\/\/ford-ranger-schweiz.ch\/wp-content\/uploads\/2025\/12\/WhatsApp-Image-2025-12-10-at-23.04.21.jpeg\" data-elementor-open-lightbox=\"yes\" data-elementor-lightbox-title=\"WhatsApp Image 2025-12-10 at 23.04.21\" data-e-action-hash=\"#elementor-action%3Aaction%3Dlightbox%26settings%3DeyJpZCI6MTEzMywidXJsIjoiaHR0cHM6XC9cL2ZvcmQtcmFuZ2VyLXNjaHdlaXouY2hcL3dwLWNvbnRlbnRcL3VwbG9hZHNcLzIwMjVcLzEyXC9XaGF0c0FwcC1JbWFnZS0yMDI1LTEyLTEwLWF0LTIzLjA0LjIxLmpwZWcifQ%3D%3D\">\n\t\t\t\t\t\t\t<img loading=\"lazy\" decoding=\"async\" width=\"768\" height=\"1024\" src=\"https:\/\/ford-ranger-schweiz.ch\/wp-content\/uploads\/2025\/12\/WhatsApp-Image-2025-12-10-at-23.04.21-768x1024.jpeg\" class=\"attachment-large size-large wp-image-1133\" alt=\"\" srcset=\"https:\/\/ford-ranger-schweiz.ch\/wp-content\/uploads\/2025\/12\/WhatsApp-Image-2025-12-10-at-23.04.21-768x1024.jpeg 768w, https:\/\/ford-ranger-schweiz.ch\/wp-content\/uploads\/2025\/12\/WhatsApp-Image-2025-12-10-at-23.04.21-225x300.jpeg 225w, https:\/\/ford-ranger-schweiz.ch\/wp-content\/uploads\/2025\/12\/WhatsApp-Image-2025-12-10-at-23.04.21-1152x1536.jpeg 1152w, https:\/\/ford-ranger-schweiz.ch\/wp-content\/uploads\/2025\/12\/WhatsApp-Image-2025-12-10-at-23.04.21.jpeg 1512w\" sizes=\"100vw\" \/>\t\t\t\t\t\t\t\t<\/a>\n\t\t\t\t\t\t\t\t\t\t\t\t\t\t\t<\/div>\n\t\t\t\t<div class=\"elementor-element elementor-element-4dde8fb elementor-widget elementor-widget-image\" data-id=\"4dde8fb\" data-element_type=\"widget\" data-widget_type=\"image.default\">\n\t\t\t\t\t\t\t\t\t\t\t\t\t\t\t\t<a href=\"https:\/\/ford-ranger-schweiz.ch\/wp-content\/uploads\/2025\/12\/WhatsApp-Image-2025-12-09-at-23.04.21.jpeg\" data-elementor-open-lightbox=\"yes\" data-elementor-lightbox-title=\"WhatsApp Image 2025-12-09 at 23.04.21\" data-e-action-hash=\"#elementor-action%3Aaction%3Dlightbox%26settings%3DeyJpZCI6MTEzMiwidXJsIjoiaHR0cHM6XC9cL2ZvcmQtcmFuZ2VyLXNjaHdlaXouY2hcL3dwLWNvbnRlbnRcL3VwbG9hZHNcLzIwMjVcLzEyXC9XaGF0c0FwcC1JbWFnZS0yMDI1LTEyLTA5LWF0LTIzLjA0LjIxLmpwZWcifQ%3D%3D\">\n\t\t\t\t\t\t\t<img loading=\"lazy\" decoding=\"async\" width=\"768\" height=\"1024\" src=\"https:\/\/ford-ranger-schweiz.ch\/wp-content\/uploads\/2025\/12\/WhatsApp-Image-2025-12-09-at-23.04.21-768x1024.jpeg\" class=\"attachment-large size-large wp-image-1132\" alt=\"\" srcset=\"https:\/\/ford-ranger-schweiz.ch\/wp-content\/uploads\/2025\/12\/WhatsApp-Image-2025-12-09-at-23.04.21-768x1024.jpeg 768w, https:\/\/ford-ranger-schweiz.ch\/wp-content\/uploads\/2025\/12\/WhatsApp-Image-2025-12-09-at-23.04.21-225x300.jpeg 225w, https:\/\/ford-ranger-schweiz.ch\/wp-content\/uploads\/2025\/12\/WhatsApp-Image-2025-12-09-at-23.04.21-1152x1536.jpeg 1152w, https:\/\/ford-ranger-schweiz.ch\/wp-content\/uploads\/2025\/12\/WhatsApp-Image-2025-12-09-at-23.04.21.jpeg 1512w\" sizes=\"100vw\" \/>\t\t\t\t\t\t\t\t<\/a>\n\t\t\t\t\t\t\t\t\t\t\t\t\t\t\t<\/div>\n\t\t\t\t<div class=\"elementor-element elementor-element-d5a3d50 elementor-widget elementor-widget-image\" data-id=\"d5a3d50\" data-element_type=\"widget\" data-widget_type=\"image.default\">\n\t\t\t\t\t\t\t\t\t\t\t\t\t\t\t\t<a href=\"https:\/\/ford-ranger-schweiz.ch\/wp-content\/uploads\/2025\/12\/WhatsApp-Image-2025-12-11-at-23.04.21.jpeg\" data-elementor-open-lightbox=\"yes\" data-elementor-lightbox-title=\"WhatsApp Image 2025-12-11 at 23.04.21\" data-e-action-hash=\"#elementor-action%3Aaction%3Dlightbox%26settings%3DeyJpZCI6MTEzNCwidXJsIjoiaHR0cHM6XC9cL2ZvcmQtcmFuZ2VyLXNjaHdlaXouY2hcL3dwLWNvbnRlbnRcL3VwbG9hZHNcLzIwMjVcLzEyXC9XaGF0c0FwcC1JbWFnZS0yMDI1LTEyLTExLWF0LTIzLjA0LjIxLmpwZWcifQ%3D%3D\">\n\t\t\t\t\t\t\t<img loading=\"lazy\" decoding=\"async\" width=\"768\" height=\"1024\" src=\"https:\/\/ford-ranger-schweiz.ch\/wp-content\/uploads\/2025\/12\/WhatsApp-Image-2025-12-11-at-23.04.21-768x1024.jpeg\" class=\"attachment-large size-large wp-image-1134\" alt=\"\" srcset=\"https:\/\/ford-ranger-schweiz.ch\/wp-content\/uploads\/2025\/12\/WhatsApp-Image-2025-12-11-at-23.04.21-768x1024.jpeg 768w, https:\/\/ford-ranger-schweiz.ch\/wp-content\/uploads\/2025\/12\/WhatsApp-Image-2025-12-11-at-23.04.21-225x300.jpeg 225w, https:\/\/ford-ranger-schweiz.ch\/wp-content\/uploads\/2025\/12\/WhatsApp-Image-2025-12-11-at-23.04.21-1152x1536.jpeg 1152w, https:\/\/ford-ranger-schweiz.ch\/wp-content\/uploads\/2025\/12\/WhatsApp-Image-2025-12-11-at-23.04.21.jpeg 1200w\" sizes=\"100vw\" \/>\t\t\t\t\t\t\t\t<\/a>\n\t\t\t\t\t\t\t\t\t\t\t\t\t\t\t<\/div>\n\t\t\t\t\t<\/div>\n\t\t\t\t<\/div>\n\t\t<div class=\"elementor-element elementor-element-efff1a3 e-grid e-con-boxed e-con e-parent\" data-id=\"efff1a3\" data-element_type=\"container\">\n\t\t\t\t\t<div class=\"e-con-inner\">\n\t\t\t\t<div class=\"elementor-element elementor-element-7c87c16 elementor-widget elementor-widget-image\" data-id=\"7c87c16\" data-element_type=\"widget\" data-widget_type=\"image.default\">\n\t\t\t\t\t\t\t\t\t\t\t\t\t\t\t\t<a href=\"https:\/\/ford-ranger-schweiz.ch\/wp-content\/uploads\/2025\/12\/WhatsApp-Image-2025-12-08-at-23.04.21.jpeg\" data-elementor-open-lightbox=\"yes\" data-elementor-lightbox-title=\"WhatsApp Image 2025-12-08 at 23.04.21\" data-e-action-hash=\"#elementor-action%3Aaction%3Dlightbox%26settings%3DeyJpZCI6MTEzMSwidXJsIjoiaHR0cHM6XC9cL2ZvcmQtcmFuZ2VyLXNjaHdlaXouY2hcL3dwLWNvbnRlbnRcL3VwbG9hZHNcLzIwMjVcLzEyXC9XaGF0c0FwcC1JbWFnZS0yMDI1LTEyLTA4LWF0LTIzLjA0LjIxLmpwZWcifQ%3D%3D\">\n\t\t\t\t\t\t\t<img loading=\"lazy\" decoding=\"async\" width=\"768\" height=\"1024\" src=\"https:\/\/ford-ranger-schweiz.ch\/wp-content\/uploads\/2025\/12\/WhatsApp-Image-2025-12-08-at-23.04.21-768x1024.jpeg\" class=\"attachment-large size-large wp-image-1131\" alt=\"\" srcset=\"https:\/\/ford-ranger-schweiz.ch\/wp-content\/uploads\/2025\/12\/WhatsApp-Image-2025-12-08-at-23.04.21-768x1024.jpeg 768w, https:\/\/ford-ranger-schweiz.ch\/wp-content\/uploads\/2025\/12\/WhatsApp-Image-2025-12-08-at-23.04.21-225x300.jpeg 225w, https:\/\/ford-ranger-schweiz.ch\/wp-content\/uploads\/2025\/12\/WhatsApp-Image-2025-12-08-at-23.04.21-1152x1536.jpeg 1152w, https:\/\/ford-ranger-schweiz.ch\/wp-content\/uploads\/2025\/12\/WhatsApp-Image-2025-12-08-at-23.04.21.jpeg 1512w\" sizes=\"100vw\" \/>\t\t\t\t\t\t\t\t<\/a>\n\t\t\t\t\t\t\t\t\t\t\t\t\t\t\t<\/div>\n\t\t\t\t<div class=\"elementor-element elementor-element-1751d32 elementor-widget elementor-widget-image\" data-id=\"1751d32\" data-element_type=\"widget\" data-widget_type=\"image.default\">\n\t\t\t\t\t\t\t\t\t\t\t\t\t\t\t\t<a href=\"https:\/\/ford-ranger-schweiz.ch\/wp-content\/uploads\/2025\/12\/WhatsApp-Image-2025-12-12-at-07.22.10.jpeg\" data-elementor-open-lightbox=\"yes\" data-elementor-lightbox-title=\"WhatsApp Image 2025-12-12 at 07.22.10\" data-e-action-hash=\"#elementor-action%3Aaction%3Dlightbox%26settings%3DeyJpZCI6MTEzNSwidXJsIjoiaHR0cHM6XC9cL2ZvcmQtcmFuZ2VyLXNjaHdlaXouY2hcL3dwLWNvbnRlbnRcL3VwbG9hZHNcLzIwMjVcLzEyXC9XaGF0c0FwcC1JbWFnZS0yMDI1LTEyLTEyLWF0LTA3LjIyLjEwLmpwZWcifQ%3D%3D\">\n\t\t\t\t\t\t\t<img loading=\"lazy\" decoding=\"async\" width=\"950\" height=\"713\" src=\"https:\/\/ford-ranger-schweiz.ch\/wp-content\/uploads\/2025\/12\/WhatsApp-Image-2025-12-12-at-07.22.10-1024x768.jpeg\" class=\"attachment-large size-large wp-image-1135\" alt=\"\" srcset=\"https:\/\/ford-ranger-schweiz.ch\/wp-content\/uploads\/2025\/12\/WhatsApp-Image-2025-12-12-at-07.22.10-1024x768.jpeg 1024w, https:\/\/ford-ranger-schweiz.ch\/wp-content\/uploads\/2025\/12\/WhatsApp-Image-2025-12-12-at-07.22.10-300x225.jpeg 300w, https:\/\/ford-ranger-schweiz.ch\/wp-content\/uploads\/2025\/12\/WhatsApp-Image-2025-12-12-at-07.22.10-2000x1500.jpeg 2000w, https:\/\/ford-ranger-schweiz.ch\/wp-content\/uploads\/2025\/12\/WhatsApp-Image-2025-12-12-at-07.22.10-1536x1152.jpeg 1536w, https:\/\/ford-ranger-schweiz.ch\/wp-content\/uploads\/2025\/12\/WhatsApp-Image-2025-12-12-at-07.22.10.jpeg 2016w\" sizes=\"100vw\" \/>\t\t\t\t\t\t\t\t<\/a>\n\t\t\t\t\t\t\t\t\t\t\t\t\t\t\t<\/div>\n\t\t\t\t<div class=\"elementor-element elementor-element-6e92033 elementor-widget elementor-widget-image\" data-id=\"6e92033\" data-element_type=\"widget\" data-widget_type=\"image.default\">\n\t\t\t\t\t\t\t\t\t\t\t\t\t\t\t\t<a href=\"https:\/\/ford-ranger-schweiz.ch\/wp-content\/uploads\/2025\/12\/WhatsApp-Image-2025-12-07-at-23.04.21.jpeg\" data-elementor-open-lightbox=\"yes\" data-elementor-lightbox-title=\"WhatsApp Image 2025-12-07 at 23.04.21\" data-e-action-hash=\"#elementor-action%3Aaction%3Dlightbox%26settings%3DeyJpZCI6MTEzMCwidXJsIjoiaHR0cHM6XC9cL2ZvcmQtcmFuZ2VyLXNjaHdlaXouY2hcL3dwLWNvbnRlbnRcL3VwbG9hZHNcLzIwMjVcLzEyXC9XaGF0c0FwcC1JbWFnZS0yMDI1LTEyLTA3LWF0LTIzLjA0LjIxLmpwZWcifQ%3D%3D\">\n\t\t\t\t\t\t\t<img loading=\"lazy\" decoding=\"async\" width=\"950\" height=\"534\" src=\"https:\/\/ford-ranger-schweiz.ch\/wp-content\/uploads\/2025\/12\/WhatsApp-Image-2025-12-07-at-23.04.21-1024x576.jpeg\" class=\"attachment-large size-large wp-image-1130\" alt=\"\" srcset=\"https:\/\/ford-ranger-schweiz.ch\/wp-content\/uploads\/2025\/12\/WhatsApp-Image-2025-12-07-at-23.04.21-1024x576.jpeg 1024w, https:\/\/ford-ranger-schweiz.ch\/wp-content\/uploads\/2025\/12\/WhatsApp-Image-2025-12-07-at-23.04.21-300x169.jpeg 300w, https:\/\/ford-ranger-schweiz.ch\/wp-content\/uploads\/2025\/12\/WhatsApp-Image-2025-12-07-at-23.04.21-2000x1125.jpeg 2000w, https:\/\/ford-ranger-schweiz.ch\/wp-content\/uploads\/2025\/12\/WhatsApp-Image-2025-12-07-at-23.04.21-1536x864.jpeg 1536w, https:\/\/ford-ranger-schweiz.ch\/wp-content\/uploads\/2025\/12\/WhatsApp-Image-2025-12-07-at-23.04.21.jpeg 2016w\" sizes=\"100vw\" \/>\t\t\t\t\t\t\t\t<\/a>\n\t\t\t\t\t\t\t\t\t\t\t\t\t\t\t<\/div>\n\t\t\t\t\t<\/div>\n\t\t\t\t<\/div>\n\t\t\t\t<\/div>","protected":false},"excerpt":{"rendered":"<p>Pritschen-Anh\u00e4nger von Enrico Kofmehl Von der Idee zum ProjektEin Pickup mit grosser Ladefl\u00e4che, viel Stauraum, Dachzelt montiert, die sieben Sachen gepackt \u2013 und los geht\u2019s.Am Ziel angekommen wird alles aufgebaut, eingerichtet und erst einmal entspannt. Bleibt man jedoch mehrere Tage an einem Ort, m\u00f6chte man zwischendurch auch etwas unternehmen. Daf\u00fcr braucht man das Fahrzeug \u2013 &hellip; <\/p>\n<p class=\"link-more\"><a href=\"https:\/\/ford-ranger-schweiz.ch\/fr\/technik\/pritschen-anhaenger\/\" class=\"more-link\">Lire la suite de<span class=\"screen-reader-text\">\u00ab\u00a0Pritschen-Anh\u00e4nger\u00a0\u00bb<\/span><\/a><\/p>","protected":false},"author":1,"featured_media":0,"parent":94,"menu_order":0,"comment_status":"closed","ping_status":"closed","template":"","meta":{"pagelayer_contact_templates":[],"_pagelayer_content":"","inspiro_hide_title":false,"footnotes":""},"class_list":["post-1117","page","type-page","status-publish","hentry"],"_links":{"self":[{"href":"https:\/\/ford-ranger-schweiz.ch\/fr\/wp-json\/wp\/v2\/pages\/1117","targetHints":{"allow":["GET"]}}],"collection":[{"href":"https:\/\/ford-ranger-schweiz.ch\/fr\/wp-json\/wp\/v2\/pages"}],"about":[{"href":"https:\/\/ford-ranger-schweiz.ch\/fr\/wp-json\/wp\/v2\/types\/page"}],"author":[{"embeddable":true,"href":"https:\/\/ford-ranger-schweiz.ch\/fr\/wp-json\/wp\/v2\/users\/1"}],"replies":[{"embeddable":true,"href":"https:\/\/ford-ranger-schweiz.ch\/fr\/wp-json\/wp\/v2\/comments?post=1117"}],"version-history":[{"count":13,"href":"https:\/\/ford-ranger-schweiz.ch\/fr\/wp-json\/wp\/v2\/pages\/1117\/revisions"}],"predecessor-version":[{"id":1145,"href":"https:\/\/ford-ranger-schweiz.ch\/fr\/wp-json\/wp\/v2\/pages\/1117\/revisions\/1145"}],"up":[{"embeddable":true,"href":"https:\/\/ford-ranger-schweiz.ch\/fr\/wp-json\/wp\/v2\/pages\/94"}],"wp:attachment":[{"href":"https:\/\/ford-ranger-schweiz.ch\/fr\/wp-json\/wp\/v2\/media?parent=1117"}],"curies":[{"name":"wp","href":"https:\/\/api.w.org\/{rel}","templated":true}]}}